{"id":2926,"date":"2025-06-23T11:51:00","date_gmt":"2025-06-23T11:51:00","guid":{"rendered":"https:\/\/www.balticroad.eu\/?post_type=product&#038;p=2926"},"modified":"2026-02-26T12:23:33","modified_gmt":"2026-02-26T12:23:33","slug":"pods-cialde-pakk-150-tk-d-44-mm-deka-selection-decaffeinated","status":"publish","type":"product","link":"https:\/\/www.balticroad.eu\/et\/toode\/pods-cialde-pakk-150-tk-d-44-mm-deka-selection-decaffeinated\/","title":{"rendered":"Pods (Cialde)  pakk 150 tk (D = 44 mm) Deka selection (decaffeinated)"},"content":{"rendered":"<h2>Tootekirjeldus \/ Product Description:<\/h2>\n<ul><!-- --><\/p>\n<li>KOHVIPADI , pakk 150 tk<\/li>\n<li><\/li>\n<li>COFFEE Pods, pack of 150 pcs &#8211; Pods (Cialde) D =44 mm pakk 150 tk<\/li>\n<\/ul>\n<p>&nbsp;<\/p>\n<p>neid saab ka sisse osta t\u00fckki \/ tk. (v\u00e4hemalt 30 v\u00f5i mitu). v\u00f5tke \u00fchendust kauplusega.<\/p>\n<p>you can also buy them in pieces \/ tkk . (minimum 30 tkk or multiple). contact shop.<\/p>\n<p>qta&#8217;\/pod\/tkk \/ price<\/p>\n<p>30 tkk = 10 \u20ac\u00a0 &#8212;\u00a0 60 tkk = 19 \u20ac\u00a0 \u00a0&#8212; 90 tkk\u00a0 = 29,00 \u20ac\u00a0 \u00a0&#8212; 120 tkk = 38 \u20ac<\/p>\n<p>30 tkk = 10 \u20ac\u00a0 \u00a0 \u00a0=\u00a0 (0,33 1 tkk)<\/p>\n<p>60 tkk = 19 \u20ac\u00a0 \u00a0 \u00a0=\u00a0 (0,28 1 tkk)<\/p>\n<p>90 tkk =\u00a0 29 \u20ac\u00a0 \u00a0 \u00a0=\u00a0 (0,27 1 tkk)<\/p>\n<p>120 tkk= 38 \u20ac\u00a0 \u00a0 =\u00a0 (0,26 1 tkk)<\/p>\n<p>150 tkk = 46 \u20ac\u00a0 \u00a0 = (0,25 1 tkk)<\/p>","protected":false},"excerpt":{"rendered":"<p>Pods (Cialde) D =44 mm pakk 150 tk<\/p>","protected":false},"featured_media":2927,"comment_status":"open","ping_status":"closed","template":"","meta":[],"product_brand":[],"product_cat":[70,79],"product_tag":[],"class_list":{"0":"post-2926","1":"product","2":"type-product","3":"status-publish","4":"has-post-thumbnail","6":"product_cat-coffee","7":"product_cat-italian-coffee-beans-coffee","9":"first","10":"instock","11":"sale","12":"taxable","13":"shipping-taxable","14":"purchasable","15":"product-type-simple"},"_links":{"self":[{"href":"https:\/\/www.balticroad.eu\/et\/wp-json\/wp\/v2\/product\/2926","targetHints":{"allow":["GET"]}}],"collection":[{"href":"https:\/\/www.balticroad.eu\/et\/wp-json\/wp\/v2\/product"}],"about":[{"href":"https:\/\/www.balticroad.eu\/et\/wp-json\/wp\/v2\/types\/product"}],"replies":[{"embeddable":true,"href":"https:\/\/www.balticroad.eu\/et\/wp-json\/wp\/v2\/comments?post=2926"}],"wp:featuredmedia":[{"embeddable":true,"href":"https:\/\/www.balticroad.eu\/et\/wp-json\/wp\/v2\/media\/2927"}],"wp:attachment":[{"href":"https:\/\/www.balticroad.eu\/et\/wp-json\/wp\/v2\/media?parent=2926"}],"wp:term":[{"taxonomy":"product_brand","embeddable":true,"href":"https:\/\/www.balticroad.eu\/et\/wp-json\/wp\/v2\/product_brand?post=2926"},{"taxonomy":"product_cat","embeddable":true,"href":"https:\/\/www.balticroad.eu\/et\/wp-json\/wp\/v2\/product_cat?post=2926"},{"taxonomy":"product_tag","embeddable":true,"href":"https:\/\/www.balticroad.eu\/et\/wp-json\/wp\/v2\/product_tag?post=2926"}],"curies":[{"name":"wp","href":"https:\/\/api.w.org\/{rel}","templated":true}]}}