{"id":2911,"date":"2025-06-18T14:37:44","date_gmt":"2025-06-18T14:37:44","guid":{"rendered":"https:\/\/www.balticroad.eu\/?post_type=product&#038;p=2911"},"modified":"2026-02-06T03:12:37","modified_gmt":"2026-02-06T03:12:37","slug":"arditi","status":"publish","type":"product","link":"https:\/\/www.balticroad.eu\/et\/toode\/arditi\/","title":{"rendered":"Arditi &#8220;Onore&#8221;"},"content":{"rendered":"<h2>Tootekirjeldus \/ Product Description:<\/h2>\n<p>Caffe&#8217; &#8220;Arditi&#8221;\u00a0 on ubade kohvisegu, mis sobib ideaalselt kohvikutesse, restoranidesse ja kohtadesse, mis otsivad t\u00e4iuslikku tasakaalu segamise ja r\u00f6stimise vahel, et luua t\u00e4iuslik cappuccino.<\/p>\n<p>Segu on valmistatud araabika ubade kohvist Brasiiliast ja Kesk-Ameerikast ning Robustast Aasiast ja Aafrikast.<\/p>\n<p>See valik pakub tasakaalustatud aromaatseid noote, mis sobivad ideaalselt cappuccino valmistamiseks, puuviljade ja \u0161okolaadi nootidega, mida saadavad puuviljased ja lillelised noodid.<\/p>\n<p><strong>Segu on\u00a0 <\/strong>valmistatud Kesk-Ameerika, Aasia ja Aafrika kohvidest<\/p>\n<p>&nbsp;<\/p>\n<p>Morning is the beans coffee blend\u00a0<strong>ideal for caf\u00e9s<\/strong>,\u00a0<strong>restaurants<\/strong>\u00a0and places looking for the perfect balance between blending and roasting to create a perfect cappuccino.<\/p>\n<p><strong>The blend is made With coffees from Central America, Asia and Africa: Central America, Asia and Africa.<\/strong><\/p>\n<p>This selection provides balanced, aromatic notes perfect for obtaining a cappuccino with hints of fruit and chocolate are accompanied by fruity and floral notes.<\/p>\n<p>&nbsp;<\/p>\n<p>A blend of coffee beans for espresso machines at the coffee bar with a rounded and aromatic taste. Made up of a balanced proportion of Arabica and Robusta coming from selected plantations growing the best Brazilian, Central American, Asian and African coffees.<\/p>\n<div class=\"vc_separator wpb_content_element vc_separator_align_center vc_sep_width_100 vc_sep_pattern-background vc_sep_pos_align_center vc_sep_color_grey vc_custom_1482819763066 vc_separator-has-text\">\n<h4>\u0161okolaadine, p\u00e4hkline, puuviljane ja tugev<\/h4>\n<p>chocolatey, nutty, fruity &amp; strong<\/p>\n<\/div>\n<p>Type \/ Format: in grains<\/p>\n<p>Roasting level: medium<br \/>\nLow acidity: yes<br \/>\nIntensity: strong<\/p>\n<p>Package size: 1kg<\/p>\n<p>&#8212;<\/p>\n<p>T\u00fc\u00fcp\/Formaat: teradena<\/p>\n<p>R\u00f6stimisaste: keskmine<br \/>\nMadal happesus: jah<br \/>\nIntensiivsus: tugev<\/p>\n<p>Paki suurus: 1 kg<\/p>\n<p>&nbsp;<\/p>\n<div class=\"vc_separator wpb_content_element vc_separator_align_center vc_sep_width_100 vc_sep_pattern-background vc_sep_pos_align_center vc_sep_color_grey vc_custom_1482819763066 vc_separator-has-text\">\n<h2>Arditi Caff\u00e8 &#8211; Onore<\/h2>\n<p>Caff\u00e8 ingrani, in sacchetto da 1000g<\/p>\n<p>Il dorato di Arditi Caff\u00e8 &#8211; ONORE.<\/p>\n<p>Onore \u00e8 un caff\u00e8 espresso forte e ricco di caffeina.<br \/>\nGi\u00e0 dalla tazzina emana un profumo di nocciola e cacao. Al palato, si sviluppano aromi di cioccolato e frutta secca. Soprattutto nel finale si notano sfumature di fico e albicocca, che rendono piacevole ogni sorso. La percentuale particolarmente elevata di Robusta in questa miscela assicura una piacevole intensit\u00e0 e una crema imbattibile, che dura a lungo in tazza.<\/p>\n<p>Per la Miscela Onore, Arditi Caff\u00e8 utilizza solo i migliori caff\u00e8 verdi provenienti da piccole piantagioni. Gli Arabica per questa miscela provengono dall&#8217;America centrale, mentre i Robusta lavati provengono dall&#8217;Asia e dall&#8217;Africa.<br \/>\nVengono accuratamente selezionati in base alla qualit\u00e0, in modo che solo i chicchi migliori entrino a far parte di questa miscela. Ogni variet\u00e0 viene poi tostata in base al suo profilo individuale per esaltarne tutti i sapori.<\/p>\n<p>Onore offre un ottimo rapporto qualit\u00e0\/prezzo ed \u00e8 l&#8217;ideale per il consumo quotidiano. Che si tratti di caff\u00e8 espresso, latte macchiato o cappuccino, la miscela Onore ne sar\u00e0 sempre all&#8217;altezza.<\/p>\n<\/div>","protected":false},"excerpt":{"rendered":"<p>Tootekirjeldus \/ Product Description: Caffe&#8217; &#8220;Arditi&#8221;\u00a0 on ubade kohvisegu, mis sobib ideaalselt kohvikutesse, restoranidesse ja kohtadesse, mis otsivad t\u00e4iuslikku tasakaalu segamise ja r\u00f6stimise vahel, et luua t\u00e4iuslik cappuccino. Segu on valmistatud araabika ubade kohvist Brasiiliast ja Kesk-Ameerikast ning Robustast Aasiast ja Aafrikast. See valik pakub tasakaalustatud aromaatseid noote, mis sobivad ideaalselt cappuccino valmistamiseks, puuviljade ja [&#8230;]\n","protected":false},"featured_media":2912,"comment_status":"open","ping_status":"closed","template":"","meta":[],"product_brand":[],"product_cat":[70,79],"product_tag":[],"class_list":{"0":"post-2911","1":"product","2":"type-product","3":"status-publish","4":"has-post-thumbnail","6":"product_cat-coffee","7":"product_cat-italian-coffee-beans-coffee","9":"first","10":"instock","11":"taxable","12":"shipping-taxable","13":"purchasable","14":"product-type-simple"},"_links":{"self":[{"href":"https:\/\/www.balticroad.eu\/et\/wp-json\/wp\/v2\/product\/2911","targetHints":{"allow":["GET"]}}],"collection":[{"href":"https:\/\/www.balticroad.eu\/et\/wp-json\/wp\/v2\/product"}],"about":[{"href":"https:\/\/www.balticroad.eu\/et\/wp-json\/wp\/v2\/types\/product"}],"replies":[{"embeddable":true,"href":"https:\/\/www.balticroad.eu\/et\/wp-json\/wp\/v2\/comments?post=2911"}],"wp:featuredmedia":[{"embeddable":true,"href":"https:\/\/www.balticroad.eu\/et\/wp-json\/wp\/v2\/media\/2912"}],"wp:attachment":[{"href":"https:\/\/www.balticroad.eu\/et\/wp-json\/wp\/v2\/media?parent=2911"}],"wp:term":[{"taxonomy":"product_brand","embeddable":true,"href":"https:\/\/www.balticroad.eu\/et\/wp-json\/wp\/v2\/product_brand?post=2911"},{"taxonomy":"product_cat","embeddable":true,"href":"https:\/\/www.balticroad.eu\/et\/wp-json\/wp\/v2\/product_cat?post=2911"},{"taxonomy":"product_tag","embeddable":true,"href":"https:\/\/www.balticroad.eu\/et\/wp-json\/wp\/v2\/product_tag?post=2911"}],"curies":[{"name":"wp","href":"https:\/\/api.w.org\/{rel}","templated":true}]}}