{"id":2904,"date":"2025-06-18T07:29:13","date_gmt":"2025-06-18T07:29:13","guid":{"rendered":"https:\/\/www.balticroad.eu\/?post_type=product&#038;p=2904"},"modified":"2025-06-18T07:50:18","modified_gmt":"2025-06-18T07:50:18","slug":"bardolino-chiaretto-rose","status":"publish","type":"product","link":"https:\/\/www.balticroad.eu\/et\/toode\/bardolino-chiaretto-rose\/","title":{"rendered":"Bardolino Chiaretto (Rose&#8217;)"},"content":{"rendered":"<h2>Tootekirjeldus \/ Product Description:<\/h2>\n<p><span style=\"font-size: 14.4px;\">Viinamarjasort: Corvina \/ Rondinella<\/span><\/p>\n<p>V\u00c4RV: heleroosa \/ light pink<\/p>\n<p>&nbsp;<\/p>\n<p>KORISTUS: septembri algus.<\/p>\n<p>Vananemine: terasmahutites.<\/p>\n<p>TEENINDUSettepanekud:<\/p>\n<p>TOIDUPAARIDUSED:<br \/>\nSee vein sobib ideaalselt eelroogade, k\u00f6\u00f6giviljasuppide, valge liha ja grillitud kala k\u00f5rvale.<\/p>\n<p>It is an ideal wine for appetizers, vegetable soups, white meats and grilled fish.<\/p>\n<p>&#8212;<\/p>\n<p><strong>Viinapuu <\/strong>&#8211; GRAPE VARIETY: Corvina &#8211; Rondinella<\/p>\n<p><strong>GRADATION &#8211; Alkoholi sisaldus 12 %\u00a0 Maht (L) 0,75L<\/strong><\/p>\n<p><strong>SERVICE: Serveerimistemperatuur &#8211; Serving temperature:\u00a0 12\u00b0C.<\/strong><\/p>\n<p><strong>Allergeenid:\u00a0 \u00a0sisaldab sulfiteid<\/strong><\/p>\n<p>&nbsp;<\/p>","protected":false},"excerpt":{"rendered":"<div class=\"product-short-description\">\n<p>If Shipping is required, minimum purchase: 6 or multiple of bottles (also mix)<\/p>\n<\/div>","protected":false},"featured_media":2908,"comment_status":"open","ping_status":"closed","template":"","meta":[],"product_brand":[],"product_cat":[77,72],"product_tag":[],"class_list":{"0":"post-2904","1":"product","2":"type-product","3":"status-publish","4":"has-post-thumbnail","6":"product_cat-red-and-rose-wine","7":"product_cat-wine","9":"first","10":"instock","11":"sale","12":"taxable","13":"shipping-taxable","14":"purchasable","15":"product-type-variable"},"_links":{"self":[{"href":"https:\/\/www.balticroad.eu\/et\/wp-json\/wp\/v2\/product\/2904","targetHints":{"allow":["GET"]}}],"collection":[{"href":"https:\/\/www.balticroad.eu\/et\/wp-json\/wp\/v2\/product"}],"about":[{"href":"https:\/\/www.balticroad.eu\/et\/wp-json\/wp\/v2\/types\/product"}],"replies":[{"embeddable":true,"href":"https:\/\/www.balticroad.eu\/et\/wp-json\/wp\/v2\/comments?post=2904"}],"wp:featuredmedia":[{"embeddable":true,"href":"https:\/\/www.balticroad.eu\/et\/wp-json\/wp\/v2\/media\/2908"}],"wp:attachment":[{"href":"https:\/\/www.balticroad.eu\/et\/wp-json\/wp\/v2\/media?parent=2904"}],"wp:term":[{"taxonomy":"product_brand","embeddable":true,"href":"https:\/\/www.balticroad.eu\/et\/wp-json\/wp\/v2\/product_brand?post=2904"},{"taxonomy":"product_cat","embeddable":true,"href":"https:\/\/www.balticroad.eu\/et\/wp-json\/wp\/v2\/product_cat?post=2904"},{"taxonomy":"product_tag","embeddable":true,"href":"https:\/\/www.balticroad.eu\/et\/wp-json\/wp\/v2\/product_tag?post=2904"}],"curies":[{"name":"wp","href":"https:\/\/api.w.org\/{rel}","templated":true}]}}