{"id":2888,"date":"2025-05-28T10:47:48","date_gmt":"2025-05-28T10:47:48","guid":{"rendered":"https:\/\/www.balticroad.eu\/?post_type=product&#038;p=2888"},"modified":"2025-06-20T12:44:39","modified_gmt":"2025-06-20T12:44:39","slug":"coffee-walnut-cream","status":"publish","type":"product","link":"https:\/\/www.balticroad.eu\/et\/toode\/coffee-walnut-cream\/","title":{"rendered":"Coffee Walnut Cream"},"content":{"rendered":"<h2>Tootekirjeldus \/ Product Description:<\/h2>\n<p>Origin and Plantation<br \/>\nWe use 100% Arabica beans from farms in South and Central America for our flavoured coffees. Our beans are carefully selected to ensure optimum flavour and quality. They are roasted using a gentle roasting process to ensure that the beans retain their fine character.<\/p>\n<p>Character and Taste<br \/>\nEnjoy the rich and\u00a0creamy\u00a0flavours of our latest coffee blend, inspired by the velvety smoothness of walnuts and the\u00a0sweet richness\u00a0of cream. Our Walnut Cream Coffee is a masterful blend of gently roasted Arabica beans infused with the subtle notes of\u00a0walnuts\u00a0and the sweetness of\u00a0caramelized vanilla<\/p>\n<p>&nbsp;<\/p>\n<p>P\u00e4ritolu ja istandus<br \/>\nMeie maitsestatud kohvide valmistamiseks kasutame 100% araabika ube L\u00f5una- ja Kesk-Ameerika farmidest. Meie oad on hoolikalt valitud, et tagada optimaalne maitse ja kvaliteet. Neid r\u00f6stitakse \u00f5rna r\u00f6stimisprotsessi abil, et oad s\u00e4ilitaksid oma peene iseloomu.<\/p>\n<p>Iseloom ja maitse<br \/>\nNautige meie uusima kohvisegu rikkalikke ja kreemjaid maitseid, mis on inspireeritud kreeka p\u00e4hklite sametisest pehmusest ja koore magusast k\u00fclluslikkusest. Meie kreeka p\u00e4hkli kreemikohv on meisterlik segu \u00f5rnalt r\u00f6stitud araabika ubadest, millele on lisatud kreeka p\u00e4hklite peeneid noote ja karamelliseeritud vanilli magusust.<\/p>\n<p>&nbsp;<\/p>\n<p><strong>Koostisosad \/ Ingredients:<\/strong><\/p>\n<p>R\u00f6stitud kohv. Arabica kohv Kesk- ja L\u00f5una-Ameerikast (100% araabika).<br clear=\"none\" \/>Roasted coffee. Arabica coffee from Central and South America (100 % Arabica).<\/p>\n<p>&nbsp;<\/p>\n<p><strong>Ettevalmistus \/ Preparation:<\/strong><\/p>","protected":false},"excerpt":{"rendered":"<p>Tootekirjeldus \/ Product Description: Origin and Plantation We use 100% Arabica beans from farms in South and Central America for our flavoured coffees. Our beans are carefully selected to ensure optimum flavour and quality. They are roasted using a gentle roasting process to ensure that the beans retain their fine character. Character and Taste Enjoy [&#8230;]\n","protected":false},"featured_media":2894,"comment_status":"open","ping_status":"closed","template":"","meta":[],"product_brand":[],"product_cat":[70,106],"product_tag":[],"class_list":{"0":"post-2888","1":"product","2":"type-product","3":"status-publish","4":"has-post-thumbnail","6":"product_cat-coffee","7":"product_cat-flavoured-coffee","9":"first","10":"instock","11":"taxable","12":"shipping-taxable","13":"purchasable","14":"product-type-variable","15":"has-default-attributes"},"_links":{"self":[{"href":"https:\/\/www.balticroad.eu\/et\/wp-json\/wp\/v2\/product\/2888","targetHints":{"allow":["GET"]}}],"collection":[{"href":"https:\/\/www.balticroad.eu\/et\/wp-json\/wp\/v2\/product"}],"about":[{"href":"https:\/\/www.balticroad.eu\/et\/wp-json\/wp\/v2\/types\/product"}],"replies":[{"embeddable":true,"href":"https:\/\/www.balticroad.eu\/et\/wp-json\/wp\/v2\/comments?post=2888"}],"wp:featuredmedia":[{"embeddable":true,"href":"https:\/\/www.balticroad.eu\/et\/wp-json\/wp\/v2\/media\/2894"}],"wp:attachment":[{"href":"https:\/\/www.balticroad.eu\/et\/wp-json\/wp\/v2\/media?parent=2888"}],"wp:term":[{"taxonomy":"product_brand","embeddable":true,"href":"https:\/\/www.balticroad.eu\/et\/wp-json\/wp\/v2\/product_brand?post=2888"},{"taxonomy":"product_cat","embeddable":true,"href":"https:\/\/www.balticroad.eu\/et\/wp-json\/wp\/v2\/product_cat?post=2888"},{"taxonomy":"product_tag","embeddable":true,"href":"https:\/\/www.balticroad.eu\/et\/wp-json\/wp\/v2\/product_tag?post=2888"}],"curies":[{"name":"wp","href":"https:\/\/api.w.org\/{rel}","templated":true}]}}