{"id":2862,"date":"2025-03-15T16:31:22","date_gmt":"2025-03-15T16:31:22","guid":{"rendered":"https:\/\/www.balticroad.eu\/?post_type=product&#038;p=2862"},"modified":"2025-03-15T17:34:42","modified_gmt":"2025-03-15T17:34:42","slug":"incrocio-manzoni-bianco-6-0-13","status":"publish","type":"product","link":"https:\/\/www.balticroad.eu\/et\/toode\/incrocio-manzoni-bianco-6-0-13\/","title":{"rendered":"Incrocio Manzoni Bianco 6.0.13   I.G.T."},"content":{"rendered":"<div class=\"productDescription\">\n<h2>Tootekirjeldus \/ Product Description:<\/h2>\n<ul>\n<li>Incrocio Manzoni Bianco<\/li>\n<li>is born from the crossing of Riesling Renano and Pinot Bianco. obtained by Professor Manzoni in the 30s. It has a straw yellow color with greenish reflections. On the nose it has a delicate and slightly aromatic scent. On the palate it is full, savory, with excellent personality and structure.<\/li>\n<\/ul>\n<p>&nbsp;<\/p>\n<ul>\n<li>Incrocio Manzoni Bianco on s\u00fcndinud Riesling Renano ja Pinot Bianco o ristamisest, mille sai professor Manzoni 30ndatel. Sellel on rohekate peegeldustega \u00f5lgkollane v\u00e4rv. Ninale tekib \u00f5rn ja kergelt aromaatne l\u00f5hn. Maitselt on see t\u00e4idlane, soolane, suurep\u00e4rase isikup\u00e4ra ja struktuuriga.<\/li>\n<li><\/li>\n<\/ul>\n<p>TECHNICAL INFORMATION AREA OF ORIGIN: Veneto VARIETAL (crossing of Riesling Renano and Pinot Bianco)<\/p>\n<p>ORGANOLEPTIC FEATURES COLOUR:<\/p>\n<p>It has an excellent body, very supported by the natural alcohol content, the pronounced acidity and flavor, a deep straw yellow color with very fine aromas that recall spring flowers, exotic fruit and honey. It pairs well with fish and first courses and second courses of white meat.<\/p>\n<p>Sellel on suurep\u00e4rane keha, mida toetavad h\u00e4sti looduslik alkoholisisaldus, v\u00e4ljendunud happesus ja maitse, s\u00fcgav \u00f5lgkollane v\u00e4rvus v\u00e4ga peente aroomidega, mis meenutavad kevadlilli, eksootilisi puuvilju ja mett. See sobib h\u00e4sti kalaga, esimese ja teise valge lihaga.<\/p>\n<p>&#8212;<\/p>\n<p>CARATTERISTICHE ANALITICHE<br \/>\nANALYTICAL FEATURES<\/p>\n<p><strong>COLOUR\u00a0<\/strong>&#8211; <strong>\u00a0deep straw yellow\u00a0 \u00a0 \u00a0 \u00a0&#8211; s\u00fcgav \u00f5lgkollane v\u00e4rv\u00a0<\/strong><\/p>\n<p>SUGAR RESIDUE &#8211; 5,00 g\/l<br \/>\nTOTAL ACIDITY\u00a0 \u00a0 \u00a0&#8211; 5,80 g\/l<\/p>\n<p>&#8212;<\/p>\n<p><strong style=\"font-size: 14.4px;\">Veini<\/strong>t\u00fc\u00fcp \/ Wine type \/ Tipo vino:\u00a0\u00a0&#8220;vaikne vein&#8221;\u00a0 \/ \u00a0&#8220;Still wine&#8221; \/ \u00a0&#8220;Vino fermo&#8221;<\/p>\n<p><strong style=\"font-size: 14.4px;\">Viinapuu <\/strong><span style=\"font-size: 14.4px;\">&#8211; GRAPE VARIETY: Riesling Renano ja Pinot Bianco. Riesling Renano and Pinot Bianco.<\/span><\/p>\n<\/div>\n<p><strong>GRADATION &#8211; ALCOHOL CONTENT &#8211; Alkoholi sisaldus 12,50%\u00a0 Maht (L) 0,75L<\/strong><\/p>\n<p><strong>SERVICE: Serveerimistemperatuur &#8211; Serving temperature:\u00a0 \u00a010 \/ 12\u00b0C.<\/strong><\/p>\n<p><strong>Allergeenid:\u00a0 \u00a0<\/strong>sisaldab sulfiteid<\/p>\n<div class=\"addInformation\">\n<p><!--\n \t\n\n<li> <strong>Weight\t:<\/strong>60 kg<\/li>\n\n\n--><\/p>\n<\/div>","protected":false},"excerpt":{"rendered":"<div class=\"product-short-description\">\n<p>If Shipping is required, minimum purchase: 6 or multiple of bottles (also mix)<\/p>\n<\/div>","protected":false},"featured_media":2866,"comment_status":"open","ping_status":"closed","template":"","meta":[],"product_brand":[],"product_cat":[96,72],"product_tag":[],"class_list":{"0":"post-2862","1":"product","2":"type-product","3":"status-publish","4":"has-post-thumbnail","6":"product_cat-white","7":"product_cat-wine","9":"first","10":"instock","11":"taxable","12":"shipping-taxable","13":"purchasable","14":"product-type-variable"},"_links":{"self":[{"href":"https:\/\/www.balticroad.eu\/et\/wp-json\/wp\/v2\/product\/2862","targetHints":{"allow":["GET"]}}],"collection":[{"href":"https:\/\/www.balticroad.eu\/et\/wp-json\/wp\/v2\/product"}],"about":[{"href":"https:\/\/www.balticroad.eu\/et\/wp-json\/wp\/v2\/types\/product"}],"replies":[{"embeddable":true,"href":"https:\/\/www.balticroad.eu\/et\/wp-json\/wp\/v2\/comments?post=2862"}],"wp:featuredmedia":[{"embeddable":true,"href":"https:\/\/www.balticroad.eu\/et\/wp-json\/wp\/v2\/media\/2866"}],"wp:attachment":[{"href":"https:\/\/www.balticroad.eu\/et\/wp-json\/wp\/v2\/media?parent=2862"}],"wp:term":[{"taxonomy":"product_brand","embeddable":true,"href":"https:\/\/www.balticroad.eu\/et\/wp-json\/wp\/v2\/product_brand?post=2862"},{"taxonomy":"product_cat","embeddable":true,"href":"https:\/\/www.balticroad.eu\/et\/wp-json\/wp\/v2\/product_cat?post=2862"},{"taxonomy":"product_tag","embeddable":true,"href":"https:\/\/www.balticroad.eu\/et\/wp-json\/wp\/v2\/product_tag?post=2862"}],"curies":[{"name":"wp","href":"https:\/\/api.w.org\/{rel}","templated":true}]}}