{"id":2769,"date":"2024-10-28T15:53:28","date_gmt":"2024-10-28T15:53:28","guid":{"rendered":"https:\/\/www.balticroad.eu\/?post_type=product&#038;p=2769"},"modified":"2024-10-28T16:02:15","modified_gmt":"2024-10-28T16:02:15","slug":"sundown-herbal-blend","status":"publish","type":"product","link":"https:\/\/www.balticroad.eu\/et\/toode\/sundown-herbal-blend\/","title":{"rendered":"Sundown herbal blend"},"content":{"rendered":"<h2>Tootekirjeldus \/ Product Description:<\/h2>\n<p>Sundown taimne tee<\/p>\n<p>\u00dcrdisegu maheda piparm\u00fcndi ja kummeli nootidega \u2013 justkui loodud l\u00f5\u00f5gastavateks kauniteks \u00f5htutundideks. Ilma l\u00f5hnamaitseta<\/p>\n<p>&nbsp;<\/p>\n<p><strong>Koostisained \/ Ingredients:<\/strong><\/p>\n<p>meliss, piparm\u00fcnt (25%), muraka lehed, sidrunhein, kummel (8%), lavendli\u00f5ied, roosi kroonlehed, apelsini\u00f5ied, kanarbiku lilled<\/p>\n<p>lemon balm, peppermint (25%), blackberry leaves, lemongrass, camomile (8%), lavender flowers, rose petals, orange blossoms, heath flowers<\/p>\n<p>&nbsp;<\/p>\n<p><strong>Ettevalmistus \/ Preparation:<\/strong><\/p>\n<p>95- 100 \u00b0 \u2013 5\/6 min<\/p>","protected":false},"excerpt":{"rendered":"<p>Tootekirjeldus \/ Product Description: Sundown taimne tee \u00dcrdisegu maheda piparm\u00fcndi ja kummeli nootidega \u2013 justkui loodud l\u00f5\u00f5gastavateks kauniteks \u00f5htutundideks. Ilma l\u00f5hnamaitseta &nbsp; Koostisained \/ Ingredients: meliss, piparm\u00fcnt (25%), muraka lehed, sidrunhein, kummel (8%), lavendli\u00f5ied, roosi kroonlehed, apelsini\u00f5ied, kanarbiku lilled lemon balm, peppermint (25%), blackberry leaves, lemongrass, camomile (8%), lavender flowers, rose petals, orange blossoms, heath [&#8230;]\n","protected":false},"featured_media":2773,"comment_status":"open","ping_status":"closed","template":"","meta":[],"product_brand":[],"product_cat":[93,68],"product_tag":[],"class_list":{"0":"post-2769","1":"product","2":"type-product","3":"status-publish","4":"has-post-thumbnail","6":"product_cat-herbal-teas-fruit-teas","7":"product_cat-tea","9":"first","10":"instock","11":"taxable","12":"shipping-taxable","13":"purchasable","14":"product-type-variable"},"_links":{"self":[{"href":"https:\/\/www.balticroad.eu\/et\/wp-json\/wp\/v2\/product\/2769","targetHints":{"allow":["GET"]}}],"collection":[{"href":"https:\/\/www.balticroad.eu\/et\/wp-json\/wp\/v2\/product"}],"about":[{"href":"https:\/\/www.balticroad.eu\/et\/wp-json\/wp\/v2\/types\/product"}],"replies":[{"embeddable":true,"href":"https:\/\/www.balticroad.eu\/et\/wp-json\/wp\/v2\/comments?post=2769"}],"wp:featuredmedia":[{"embeddable":true,"href":"https:\/\/www.balticroad.eu\/et\/wp-json\/wp\/v2\/media\/2773"}],"wp:attachment":[{"href":"https:\/\/www.balticroad.eu\/et\/wp-json\/wp\/v2\/media?parent=2769"}],"wp:term":[{"taxonomy":"product_brand","embeddable":true,"href":"https:\/\/www.balticroad.eu\/et\/wp-json\/wp\/v2\/product_brand?post=2769"},{"taxonomy":"product_cat","embeddable":true,"href":"https:\/\/www.balticroad.eu\/et\/wp-json\/wp\/v2\/product_cat?post=2769"},{"taxonomy":"product_tag","embeddable":true,"href":"https:\/\/www.balticroad.eu\/et\/wp-json\/wp\/v2\/product_tag?post=2769"}],"curies":[{"name":"wp","href":"https:\/\/api.w.org\/{rel}","templated":true}]}}