{"id":2757,"date":"2024-10-20T15:40:55","date_gmt":"2024-10-20T15:40:55","guid":{"rendered":"https:\/\/www.balticroad.eu\/?post_type=product&#038;p=2757"},"modified":"2025-06-20T12:55:25","modified_gmt":"2025-06-20T12:55:25","slug":"strawberry-passion-fruit-tea","status":"publish","type":"product","link":"https:\/\/www.balticroad.eu\/et\/toode\/strawberry-passion-fruit-tea\/","title":{"rendered":"Strawberry Passion Fruit Tea"},"content":{"rendered":"<div class=\"productDescription\">\n<h2>Tootekirjeldus \/ Product Description:<\/h2>\n<ul>\n<li>Strawberry Passion Fruit puuvilja tee<\/li>\n<li>Strawberry Passion Fruit Tea<\/li>\n<\/ul>\n<p>The contrasting colours of brilliant red strawberries and bright yellow passion fruit delight our hearts. There&#8217;s also a lot to taste: fruity sweetness from sweet blackberry leaves and ripe strawberries and the fresh tartness from our new passion fruit flakes paired with a handful of sour apple pieces characterize this blend.<\/p>\n<\/div>\n<p>Nutritional values per 100 ml :<\/p>\n<p>Energy in kj 28 KJ<br \/>\nEnergy in kcal 7 KCAL<br \/>\nTotal fat &lt; 0,1 G<br \/>\nSaturated fat &lt; 0,1 G<br \/>\nTotal carbohydrates 1,3 G<br \/>\nSugars 1,0 G<br \/>\nProtein 0,1 G<br \/>\nSalt &lt; 0,01 G<br \/>\nThe nutritional values were calculated on the basis of the recipe and refer to 100 ml of infusion using 2,5 g tea and brewing for 10\u201312 minutes. The nutritional values do not represent analytical values.<\/p>\n<div class=\"productDescription\">\n<p><strong>Koostisained \/ Ingredients:<\/strong><\/p>\n<p>Koostisained : \u00f5unat\u00fckid, hibiskus, ananassikuubikud, hapendatud \u00f5unat\u00fckid, l\u00f5hna- ja maitseaine, magusad murakalehed, passionihelbed, k\u00fclmkuivatatud maasikaviilud, k\u00fclmkuivatatud maasikat\u00fckid<\/p>\n<p>apple pieces, hibiscus blossoms, pineapple cubes , acidified apple pieces , flavouring, sweet blackberry leaves, passionfruit flakes , freeze-dried strawberry slices, freeze-dried strawberry pieces.<\/p>\n<p>&nbsp;<\/p>\n<p>Tootekirjeldus :<\/p>\n<p>S\u00e4ravate punaste maasikate ja erekollaste passioniviljade kontrastsed v\u00e4rvid r\u00f5\u00f5mustavad meie s\u00fcdant. Maitset on ka suurep\u00e4rane : seda segu iseloomustab magusatest murakalehtedest ja k\u00fcpsetest maasikatest tulenev puuviljane magusus ning meie uute passioniviljahelveste v\u00e4rske hapukus koos peot\u00e4ie hapukate \u00f5unat\u00fckkidega.<\/p>\n<p>The contrasting colours of brilliant red strawberries and bright yellow passion fruit delight our hearts. There&#8217;s also a lot to taste:\u00a0<strong>fruity sweetness<\/strong>\u00a0from sweet blackberry leaves and ripe strawberries and the\u00a0<strong>fresh<\/strong>\u00a0<strong>tartness<\/strong>\u00a0from our new passion fruit flakes paired with a handful of sour apple pieces characterize this blend.<\/p>\n<p>&nbsp;<\/p>\n<p><strong>Ettevalmistus \/ Preparation: 95\u00b0 \u2013 10-12 minutes brewing time 100 \u00b0C water temperature 4-5 teaspoon per litre.\u00a0<\/strong><\/p>\n<p>10-12 minutit t\u00f5mbamisaeg 100 \u00b0C veetemperatuur 4-5 tl liitri kohta. T\u00e4htis:<br \/>\nValmistage alati keeva veega ja laske 5-10 minutit t\u00f5mmata, et saada \u00f5ige jook<\/p>\n<p><strong>Important: Always Always brew with boiling water and let infuse for 5-10 minutes in order to obtain a safe beverage! <\/strong><\/p>\n<\/div>","protected":false},"excerpt":{"rendered":"<p>Tootekirjeldus \/ Product Description: Strawberry Passion Fruit puuvilja tee Strawberry Passion Fruit Tea The contrasting colours of brilliant red strawberries and bright yellow passion fruit delight our hearts. There&#8217;s also a lot to taste: fruity sweetness from sweet blackberry leaves and ripe strawberries and the fresh tartness from our new passion fruit flakes paired with [&#8230;]\n","protected":false},"featured_media":2761,"comment_status":"open","ping_status":"closed","template":"","meta":[],"product_brand":[],"product_cat":[93,68],"product_tag":[],"class_list":{"0":"post-2757","1":"product","2":"type-product","3":"status-publish","4":"has-post-thumbnail","6":"product_cat-herbal-teas-fruit-teas","7":"product_cat-tea","9":"first","10":"instock","11":"taxable","12":"shipping-taxable","13":"purchasable","14":"product-type-variable"},"_links":{"self":[{"href":"https:\/\/www.balticroad.eu\/et\/wp-json\/wp\/v2\/product\/2757","targetHints":{"allow":["GET"]}}],"collection":[{"href":"https:\/\/www.balticroad.eu\/et\/wp-json\/wp\/v2\/product"}],"about":[{"href":"https:\/\/www.balticroad.eu\/et\/wp-json\/wp\/v2\/types\/product"}],"replies":[{"embeddable":true,"href":"https:\/\/www.balticroad.eu\/et\/wp-json\/wp\/v2\/comments?post=2757"}],"wp:featuredmedia":[{"embeddable":true,"href":"https:\/\/www.balticroad.eu\/et\/wp-json\/wp\/v2\/media\/2761"}],"wp:attachment":[{"href":"https:\/\/www.balticroad.eu\/et\/wp-json\/wp\/v2\/media?parent=2757"}],"wp:term":[{"taxonomy":"product_brand","embeddable":true,"href":"https:\/\/www.balticroad.eu\/et\/wp-json\/wp\/v2\/product_brand?post=2757"},{"taxonomy":"product_cat","embeddable":true,"href":"https:\/\/www.balticroad.eu\/et\/wp-json\/wp\/v2\/product_cat?post=2757"},{"taxonomy":"product_tag","embeddable":true,"href":"https:\/\/www.balticroad.eu\/et\/wp-json\/wp\/v2\/product_tag?post=2757"}],"curies":[{"name":"wp","href":"https:\/\/api.w.org\/{rel}","templated":true}]}}