{"id":2670,"date":"2024-06-03T13:20:19","date_gmt":"2024-06-03T13:20:19","guid":{"rendered":"https:\/\/www.balticroad.eu\/?post_type=product&#038;p=2670"},"modified":"2025-01-02T14:33:10","modified_gmt":"2025-01-02T14:33:10","slug":"tea-for-one-set-red-ceramics-teapot-450-ml-cup-300-ml","status":"publish","type":"product","link":"https:\/\/www.balticroad.eu\/et\/toode\/tea-for-one-set-red-ceramics-teapot-450-ml-cup-300-ml\/","title":{"rendered":"Tea-for-one Set , red ceramics. Teapot 450 ml, cup 300 ml"},"content":{"rendered":"<h2>Tootekirjeldus \/ Product Description:<\/h2>\n<p>Tee-\u00fchele komplekt, keraamika, punane. Teekann 450 ml, tass 300 ml<\/p>\n<p>Tea-for-one Set , red ceramics. Teapot 450 ml, cup 300 ml<\/p>\n<p>Kirjeldus: Tee-\u00fchele komplekt, punane. keraamika.<br \/>\nTeekann 0,45 l, tass 0,3 l . Teekann: K 10,5 cm, \u00d8 5,5 cm. Selle \u00fche komplekti tee v\u00e4rske kuju koos integreeritud roostevabast terasest kaanega muudab teie sortimenti mitmekesisemaks. See 4-osaline komplekt, mis koosneb kaanega teekannust, tassist ja roostevabast terasest s\u00f5elast, on populaarne kingitus ja sobib ideaalselt \u00fchele inimesele. R\u00f5\u00f5msameelne t\u00e4piline t\u00e4piline kujundus on ajatu ja kombinatsioonis dekoori punase alatooniga eriti ahvatlev.<\/p>\n<p>&nbsp;<\/p>\n<ul>\n<li style=\"list-style-type: none;\">\n<ul><!--\n \t\n\n<li><strong>Tea Set :<\/strong> double-walled glass with stainless steel filter 0,25 l<\/li>\n\n\n--><\/ul>\n<\/li>\n<\/ul>\n<p>Tea-for-one Set , red ceramics pot 0.45 l, cup 0.3 l Teapot: H 10.5 cm, \u00d8 5.5 cm. The fresh shape of this tea for one set with the integrated stainless steel lid brings variety to your assortment. This 4-piece set, composed of teapot with lid, cup and stainless steel strainer is a popular gift and ideally suited for one person. The cheerful dot design in the polka-dot style is timeless and in combination with the red undertone of the decor especially appealing.<\/p>\n<p>&nbsp;<\/p>\n<h2>* Dishwasher-safe\u00a0 \u00a0 \u00a0 \u00a0Suitable for microwave<\/h2>\n<p>&nbsp;<\/p>","protected":false},"excerpt":{"rendered":"<p>Tootekirjeldus \/ Product Description: Tee-\u00fchele komplekt, keraamika, punane. Teekann 450 ml, tass 300 ml Tea-for-one Set , red ceramics. Teapot 450 ml, cup 300 ml Kirjeldus: Tee-\u00fchele komplekt, punane. keraamika. Teekann 0,45 l, tass 0,3 l . Teekann: K 10,5 cm, \u00d8 5,5 cm. Selle \u00fche komplekti tee v\u00e4rske kuju koos integreeritud roostevabast terasest kaanega [&#8230;]\n","protected":false},"featured_media":2671,"comment_status":"open","ping_status":"closed","template":"","meta":[],"product_brand":[],"product_cat":[82,107,68,108],"product_tag":[],"class_list":{"0":"post-2670","1":"product","2":"type-product","3":"status-publish","4":"has-post-thumbnail","6":"product_cat-accessories","7":"product_cat-accessories-2","8":"product_cat-tea","9":"product_cat-tea-accessories","11":"first","12":"instock","13":"sold-individually","14":"taxable","15":"shipping-taxable","16":"purchasable","17":"product-type-simple"},"_links":{"self":[{"href":"https:\/\/www.balticroad.eu\/et\/wp-json\/wp\/v2\/product\/2670","targetHints":{"allow":["GET"]}}],"collection":[{"href":"https:\/\/www.balticroad.eu\/et\/wp-json\/wp\/v2\/product"}],"about":[{"href":"https:\/\/www.balticroad.eu\/et\/wp-json\/wp\/v2\/types\/product"}],"replies":[{"embeddable":true,"href":"https:\/\/www.balticroad.eu\/et\/wp-json\/wp\/v2\/comments?post=2670"}],"wp:featuredmedia":[{"embeddable":true,"href":"https:\/\/www.balticroad.eu\/et\/wp-json\/wp\/v2\/media\/2671"}],"wp:attachment":[{"href":"https:\/\/www.balticroad.eu\/et\/wp-json\/wp\/v2\/media?parent=2670"}],"wp:term":[{"taxonomy":"product_brand","embeddable":true,"href":"https:\/\/www.balticroad.eu\/et\/wp-json\/wp\/v2\/product_brand?post=2670"},{"taxonomy":"product_cat","embeddable":true,"href":"https:\/\/www.balticroad.eu\/et\/wp-json\/wp\/v2\/product_cat?post=2670"},{"taxonomy":"product_tag","embeddable":true,"href":"https:\/\/www.balticroad.eu\/et\/wp-json\/wp\/v2\/product_tag?post=2670"}],"curies":[{"name":"wp","href":"https:\/\/api.w.org\/{rel}","templated":true}]}}