{"id":2548,"date":"2023-12-07T16:20:45","date_gmt":"2023-12-07T16:20:45","guid":{"rendered":"https:\/\/www.balticroad.eu\/?post_type=product&#038;p=2548"},"modified":"2024-12-30T12:34:32","modified_gmt":"2024-12-30T12:34:32","slug":"marzemino-igt-veneto-frizzante-spago","status":"publish","type":"product","link":"https:\/\/www.balticroad.eu\/et\/toode\/marzemino-igt-veneto-frizzante-spago\/","title":{"rendered":"MARZEMINO IGT VENETO FRIZZANTE SPAGO"},"content":{"rendered":"<div class=\"productDescription\">\n<h2>Tootekirjeldus \/ Product Description:<\/h2>\n<\/div>\n<p>Looduslikult k\u00e4\u00e4ritatud vahuvein. Intensiivne punane v\u00e4rv violetsete peegeldustega. Iseloomulik lilleline, puuviljane ja meeldiv aroom. T\u00e4idlane, magus ja harmooniline maitse. Sobib igaks meeleolukaks s\u00fcndmuseks. Ideaalne s\u00f6\u00f6gikorra l\u00f5pus koos magustoitude v\u00f5i k\u00fcpsistega. Serveerida temperatuuril 14-16\u00b0C.<\/p>\n<p>Marzemino on kohalik Itaalia viinapuu, millel on sinakasmustad marjad ja rikkalikud \u00f5itsengud.<\/p>\n<p>P\u00c4RITOLU<br \/>\nVeneto piirkond<\/p>\n<p>VEINIVALMISTAMINE<br \/>\nKlassikalises punases, loomuliku viitega autoklaavis<\/p>\n<p>J\u00c4\u00c4KSUHKUR\u00a0 \u00a0 40 g\/l<\/p>\n<p>&nbsp;<\/p>\n<div class=\"productDescription\">\n<p>Naturally fermented sparkling wine. Intense red color with violet reflections. Characteristic floral, fruity and pleasant aroma. Full, sweet and harmonious taste. Suitable for any convivial occasion. Ideal at the end of a meal paired with desserts or biscuits. Serve at a temperature of 8 -10\u00b0C.<\/p>\n<p>Marzemino is an indigenous Italian vine with a blue-blackish berry with abundant bloom deposits.<\/p>\n<p>ORIGIN<br \/>\nVeneto region<\/p>\n<p>WINEMAKING<br \/>\nIn classic red, natural refermentation in autoclave<\/p>\n<p>RESIDUAL SUGAR\u00a0 \u00a0 40 g\/l<\/p>\n<p><strong>Viinapuu <\/strong>&#8211; GRAPE VARIETY: Marzemino<\/p>\n<p>&nbsp;<\/p>\n<p><strong>kvaliteetvahuveini<\/strong><\/p>\n<p><strong style=\"font-size: 14.4px;\">GRADATION &#8211; Alkoholi sisaldus 11%\u00a0 Maht (L) 0,75L<\/strong><\/p>\n<\/div>\n<p><strong style=\"font-size: 14.4px;\">Serving temperature<\/strong><span style=\"font-size: 14.4px;\">: \u00a0 14-16\u00b0C.<\/span><\/p>\n<p><strong>Allergeenid:\u00a0 <\/strong>\u00a0sisaldab sulfiteid<\/p>\n<div class=\"addInformation\">\n<p><!--\n \t\n\n<li> <strong>Weight\t:<\/strong>60 kg<\/li>\n\n\n--><\/p>\n<\/div>","protected":false},"excerpt":{"rendered":"<div class=\"product-short-description\">\n<p>If Shipping is required, minimum purchase: 6 or multiple of bottles (also mix)<\/p>\n<\/div>","protected":false},"featured_media":2552,"comment_status":"open","ping_status":"closed","template":"","meta":[],"product_brand":[],"product_cat":[77,72],"product_tag":[],"class_list":{"0":"post-2548","1":"product","2":"type-product","3":"status-publish","4":"has-post-thumbnail","6":"product_cat-red-and-rose-wine","7":"product_cat-wine","9":"first","10":"instock","11":"taxable","12":"shipping-taxable","13":"purchasable","14":"product-type-variable"},"_links":{"self":[{"href":"https:\/\/www.balticroad.eu\/et\/wp-json\/wp\/v2\/product\/2548","targetHints":{"allow":["GET"]}}],"collection":[{"href":"https:\/\/www.balticroad.eu\/et\/wp-json\/wp\/v2\/product"}],"about":[{"href":"https:\/\/www.balticroad.eu\/et\/wp-json\/wp\/v2\/types\/product"}],"replies":[{"embeddable":true,"href":"https:\/\/www.balticroad.eu\/et\/wp-json\/wp\/v2\/comments?post=2548"}],"wp:featuredmedia":[{"embeddable":true,"href":"https:\/\/www.balticroad.eu\/et\/wp-json\/wp\/v2\/media\/2552"}],"wp:attachment":[{"href":"https:\/\/www.balticroad.eu\/et\/wp-json\/wp\/v2\/media?parent=2548"}],"wp:term":[{"taxonomy":"product_brand","embeddable":true,"href":"https:\/\/www.balticroad.eu\/et\/wp-json\/wp\/v2\/product_brand?post=2548"},{"taxonomy":"product_cat","embeddable":true,"href":"https:\/\/www.balticroad.eu\/et\/wp-json\/wp\/v2\/product_cat?post=2548"},{"taxonomy":"product_tag","embeddable":true,"href":"https:\/\/www.balticroad.eu\/et\/wp-json\/wp\/v2\/product_tag?post=2548"}],"curies":[{"name":"wp","href":"https:\/\/api.w.org\/{rel}","templated":true}]}}