{"id":2544,"date":"2023-12-07T15:52:48","date_gmt":"2023-12-07T15:52:48","guid":{"rendered":"https:\/\/www.balticroad.eu\/?post_type=product&#038;p=2544"},"modified":"2025-01-15T20:59:28","modified_gmt":"2025-01-15T20:59:28","slug":"cantina-di-monteforte-prima-pietra-montepulciano-dabruzzo-2","status":"publish","type":"product","link":"https:\/\/www.balticroad.eu\/et\/toode\/cantina-di-monteforte-prima-pietra-montepulciano-dabruzzo-2\/","title":{"rendered":"Cantina di Monteforte &#8211; Prima Pietra Montepulciano D&#8217;Abruzzo"},"content":{"rendered":"<h2>Tootekirjeldus \/ Product Description:<\/h2>\n<p>Kergem, v\u00e4rskete puuviljanootidega, kuiv Kaitstud p\u00e4ritolunimetusega vein. Kuiv, Sobib juustudega.<\/p>\n<p>Keskmise t\u00e4idlusega \u2013 rikkalik, ploomi- ja kirsipuuviljane ja sobivalt pehmete tanniinidega vein Chieti kommuunist, Abruzzost. Montepulciano viinamarjad korjatakse k\u00e4sitsi ja k\u00e4\u00e4ritatakse terasmahutites. Vein laagerdub enne villimist kolm kuud suurtes Slavonia tammevaatides. V\u00e4ga mitmek\u00fclgne vein, sobib nii heledate kui tumedate lihade ja k\u00fcpsete juustudega.<\/p>\n<p>Lighter, with fresh fruit notes, dry PDO wine. Dry, Goes well with cheeses.<\/p>\n<p>Leggero, con note di frutta fresca, vino secco DOP. Secco, si sposa bene con i formaggi.<\/p>\n<p>&nbsp;<\/p>\n<p>Intense red wine, aromas of red berry fruit and notes of spices. Full, harmonious and appropriately tannic flavour. It pairs very well with pasta first courses, red meats, game and mature cheeses.<\/p>\n<p>&nbsp;<\/p>\n<p><strong>Viinapuu <\/strong>&#8211; GRAPE VARIETY: Montepulciano d&#8217;Abruzzo<\/p>\n<p><strong>GRADATION &#8211; Alkoholi sisaldus 13 %\u00a0 Maht (L) 0,75L<\/strong><\/p>\n<p><strong>Serving temperature: \u00a0 16-18\u00b0C.<\/strong><\/p>\n<p><strong>Allergeenid:\u00a0 \u00a0sisaldab sulfiteid<\/strong><\/p>","protected":false},"excerpt":{"rendered":"<div class=\"product-short-description\">\n<p>If Shipping is required, minimum purchase: 6 or multiple of bottles (also mix)<\/p>\n<\/div>","protected":false},"featured_media":2538,"comment_status":"open","ping_status":"closed","template":"","meta":[],"product_brand":[],"product_cat":[77,72],"product_tag":[],"class_list":{"0":"post-2544","1":"product","2":"type-product","3":"status-publish","4":"has-post-thumbnail","6":"product_cat-red-and-rose-wine","7":"product_cat-wine","9":"first","10":"instock","11":"taxable","12":"shipping-taxable","13":"purchasable","14":"product-type-variable"},"_links":{"self":[{"href":"https:\/\/www.balticroad.eu\/et\/wp-json\/wp\/v2\/product\/2544","targetHints":{"allow":["GET"]}}],"collection":[{"href":"https:\/\/www.balticroad.eu\/et\/wp-json\/wp\/v2\/product"}],"about":[{"href":"https:\/\/www.balticroad.eu\/et\/wp-json\/wp\/v2\/types\/product"}],"replies":[{"embeddable":true,"href":"https:\/\/www.balticroad.eu\/et\/wp-json\/wp\/v2\/comments?post=2544"}],"wp:featuredmedia":[{"embeddable":true,"href":"https:\/\/www.balticroad.eu\/et\/wp-json\/wp\/v2\/media\/2538"}],"wp:attachment":[{"href":"https:\/\/www.balticroad.eu\/et\/wp-json\/wp\/v2\/media?parent=2544"}],"wp:term":[{"taxonomy":"product_brand","embeddable":true,"href":"https:\/\/www.balticroad.eu\/et\/wp-json\/wp\/v2\/product_brand?post=2544"},{"taxonomy":"product_cat","embeddable":true,"href":"https:\/\/www.balticroad.eu\/et\/wp-json\/wp\/v2\/product_cat?post=2544"},{"taxonomy":"product_tag","embeddable":true,"href":"https:\/\/www.balticroad.eu\/et\/wp-json\/wp\/v2\/product_tag?post=2544"}],"curies":[{"name":"wp","href":"https:\/\/api.w.org\/{rel}","templated":true}]}}