{"id":2540,"date":"2023-12-07T12:31:19","date_gmt":"2023-12-07T12:31:19","guid":{"rendered":"https:\/\/www.balticroad.eu\/?post_type=product&#038;p=2540"},"modified":"2025-01-15T21:18:58","modified_gmt":"2025-01-15T21:18:58","slug":"corvina-2","status":"publish","type":"product","link":"https:\/\/www.balticroad.eu\/et\/toode\/corvina-2\/","title":{"rendered":"Corvina"},"content":{"rendered":"<h2>Tootekirjeldus \/ Product Description:<\/h2>\n<p>Viinamarjasort: Corvina. Viinamarjaistandused: Montecchia di Crosara ja Cazzano di Tramigna m\u00e4ed. KORISTUS: septembri l\u00f5pp. VIINITAMINE: roostevabast terasest vaatides h\u00e4vitamine, purustamine ja traditsiooniline leotamine 10 p\u00e4eva jooksul. P\u00e4rast alkohoolset k\u00e4\u00e4ritamist eraldatakse vein kestadest pehme pressimisega. Vananemine: terasmahutites.<\/p>\n<p>V\u00c4RV: keskmise intensiivsusega rubiinpunane. KIMM: \u00f5rn meenutab kirsi\u00f5isi. PALATE: kuiv, t\u00e4idlane, soolane ja harmooniline.<\/p>\n<p>TEENINDUSettepanekud: see sobib h\u00e4sti keskmise maitsega roogade, grillitud valge v\u00f5i punase liha ja keskmise vanusega juustude k\u00f5rvale.<\/p>\n<p>&#8212;<\/p>\n<p>VARIETY: Corvina. VINEYARDS: hills of Montecchia di Crosara and Cazzano di Tramigna. HARVEST: end of September. VINIFICATION: destemming, crushing and traditional maceration for 10 days in stainless steel vats. After the alcoholic fermentation, the wine is separated from the skins with soft pressing. AGING: in steel containers.<\/p>\n<p>COLOR: medium intensity ruby red. BOUQUET: delicate reminiscent of cherry blossoms. PALATE: dry, full-bodied, savory and harmonious.<\/p>\n<p>* sisaldab sulfiteid<\/p>\n<p>SERVING SUGGESTIONS: it goes well with medium-flavored dishes, grilled white or red meats and medium-aged cheeses.<\/p>\n<p>&nbsp;<\/p>\n<p><strong>Viinapuu <\/strong>&#8211; GRAPE VARIETY: Corvina<\/p>\n<p><strong>GRADATION &#8211; Alkoholi sisaldus 12,5 %\u00a0 Maht (L) 0,75L<\/strong><\/p>\n<p><strong>SERVICE: Serveerimistemperatuur &#8211; Serving temperature: \u00a0 18-20\u00b0C.<\/strong><\/p>\n<p><strong>Allergeenid:\u00a0 \u00a0sisaldab sulfiteid<\/strong><\/p>","protected":false},"excerpt":{"rendered":"<div class=\"product-short-description\">\n<p>If Shipping is required, minimum purchase: 6 or multiple of bottles (also mix)<\/p>\n<\/div>","protected":false},"featured_media":1374,"comment_status":"open","ping_status":"closed","template":"","meta":[],"product_brand":[],"product_cat":[77,72],"product_tag":[],"class_list":{"0":"post-2540","1":"product","2":"type-product","3":"status-publish","4":"has-post-thumbnail","6":"product_cat-red-and-rose-wine","7":"product_cat-wine","9":"first","10":"instock","11":"sale","12":"taxable","13":"shipping-taxable","14":"purchasable","15":"product-type-variable"},"_links":{"self":[{"href":"https:\/\/www.balticroad.eu\/et\/wp-json\/wp\/v2\/product\/2540","targetHints":{"allow":["GET"]}}],"collection":[{"href":"https:\/\/www.balticroad.eu\/et\/wp-json\/wp\/v2\/product"}],"about":[{"href":"https:\/\/www.balticroad.eu\/et\/wp-json\/wp\/v2\/types\/product"}],"replies":[{"embeddable":true,"href":"https:\/\/www.balticroad.eu\/et\/wp-json\/wp\/v2\/comments?post=2540"}],"wp:featuredmedia":[{"embeddable":true,"href":"https:\/\/www.balticroad.eu\/et\/wp-json\/wp\/v2\/media\/1374"}],"wp:attachment":[{"href":"https:\/\/www.balticroad.eu\/et\/wp-json\/wp\/v2\/media?parent=2540"}],"wp:term":[{"taxonomy":"product_brand","embeddable":true,"href":"https:\/\/www.balticroad.eu\/et\/wp-json\/wp\/v2\/product_brand?post=2540"},{"taxonomy":"product_cat","embeddable":true,"href":"https:\/\/www.balticroad.eu\/et\/wp-json\/wp\/v2\/product_cat?post=2540"},{"taxonomy":"product_tag","embeddable":true,"href":"https:\/\/www.balticroad.eu\/et\/wp-json\/wp\/v2\/product_tag?post=2540"}],"curies":[{"name":"wp","href":"https:\/\/api.w.org\/{rel}","templated":true}]}}