{"id":2532,"date":"2023-12-06T17:28:28","date_gmt":"2023-12-06T17:28:28","guid":{"rendered":"https:\/\/www.balticroad.eu\/?post_type=product&#038;p=2532"},"modified":"2025-01-15T20:54:10","modified_gmt":"2025-01-15T20:54:10","slug":"appassimento-leggero","status":"publish","type":"product","link":"https:\/\/www.balticroad.eu\/et\/toode\/appassimento-leggero\/","title":{"rendered":"APPASSIMENTO Leggero (A blend of Merlot and Corvina)"},"content":{"rendered":"<h2>Tootekirjeldus \/ Product Description:<\/h2>\n<p>Veiniaias kergelt kuivatatud ja puidus laagerdunud Merlot ja Corvina segu, mis annab veinile struktuuri ja keha. Vein, mis \u00fcllatab teid: selle pehmus, elegantsus \u00f5iges tasakaalus Merlot&#8217; \u00fcrdise l\u00f5hna ja Corvina kokkut\u00f5mbumise vahel t\u00e4iustavad seda veini.<\/p>\n<p>A blend of Merlot and Corvina, lightly dried in the vineyard and aged in wood, which gives the wine structure and body. A wine that will surprise you: its softness, the elegance of the right balance between the herbaceous scent of Merlot and the astringency of Corvina enhance this wine.<\/p>\n<p>&nbsp;<\/p>\n<p><b>Un blend di Merlot e Corvina, leggermente appassite in vigna e affinate in legno, che conferisce al vino struttura e corpo<\/b>. Un vino che vi sorprender\u00e0: la sua morbidezza, l&#8217;eleganza del giusto bilanciamento tra il sentore erbaceo del Merlot e l&#8217;astringenza della Corvina esaltano questo vino.<\/p>\n<p>&nbsp;<\/p>\n<p><strong>Viinapuu <\/strong>&#8211; GRAPE VARIETY: Merlot e Corvina<\/p>\n<p><strong>Serving temperature<\/strong>: \u00a0 14-16\u00b0C.<\/p>\n<p><strong>Alkoholi sisaldus 14%\u00a0 Maht (L) 0,75L<\/strong><\/p>\n<p><strong>Allergeenid:\u00a0 <\/strong>\u00a0sisaldab sulfiteid<\/p>","protected":false},"excerpt":{"rendered":"<div class=\"product-short-description\">\n<p>If Shipping is required, minimum purchase: 6 or multiple of bottles (also mix)<\/p>\n<\/div>","protected":false},"featured_media":2536,"comment_status":"open","ping_status":"closed","template":"","meta":[],"product_brand":[],"product_cat":[77,72],"product_tag":[],"class_list":{"0":"post-2532","1":"product","2":"type-product","3":"status-publish","4":"has-post-thumbnail","6":"product_cat-red-and-rose-wine","7":"product_cat-wine","9":"first","10":"instock","11":"sale","12":"taxable","13":"shipping-taxable","14":"purchasable","15":"product-type-variable"},"_links":{"self":[{"href":"https:\/\/www.balticroad.eu\/et\/wp-json\/wp\/v2\/product\/2532","targetHints":{"allow":["GET"]}}],"collection":[{"href":"https:\/\/www.balticroad.eu\/et\/wp-json\/wp\/v2\/product"}],"about":[{"href":"https:\/\/www.balticroad.eu\/et\/wp-json\/wp\/v2\/types\/product"}],"replies":[{"embeddable":true,"href":"https:\/\/www.balticroad.eu\/et\/wp-json\/wp\/v2\/comments?post=2532"}],"wp:featuredmedia":[{"embeddable":true,"href":"https:\/\/www.balticroad.eu\/et\/wp-json\/wp\/v2\/media\/2536"}],"wp:attachment":[{"href":"https:\/\/www.balticroad.eu\/et\/wp-json\/wp\/v2\/media?parent=2532"}],"wp:term":[{"taxonomy":"product_brand","embeddable":true,"href":"https:\/\/www.balticroad.eu\/et\/wp-json\/wp\/v2\/product_brand?post=2532"},{"taxonomy":"product_cat","embeddable":true,"href":"https:\/\/www.balticroad.eu\/et\/wp-json\/wp\/v2\/product_cat?post=2532"},{"taxonomy":"product_tag","embeddable":true,"href":"https:\/\/www.balticroad.eu\/et\/wp-json\/wp\/v2\/product_tag?post=2532"}],"curies":[{"name":"wp","href":"https:\/\/api.w.org\/{rel}","templated":true}]}}