{"id":2527,"date":"2023-12-01T13:17:00","date_gmt":"2023-12-01T13:17:00","guid":{"rendered":"https:\/\/www.balticroad.eu\/?post_type=product&#038;p=2527"},"modified":"2025-03-15T17:20:39","modified_gmt":"2025-03-15T17:20:39","slug":"belgian-truffle-pralines-with-cacao-filling-175-g","status":"publish","type":"product","link":"https:\/\/www.balticroad.eu\/et\/toode\/belgian-truffle-pralines-with-cacao-filling-175-g\/","title":{"rendered":"Belgian Truffle pralines with cacao filling (175 g)"},"content":{"rendered":"<h2>Tootekirjeldus \/ Product Description:<\/h2>\n<p>Tr\u00fchvlipralineed\u00a0 kakaot\u00e4idisega, 175 g<\/p>\n<p>Need Belgia tr\u00fchvlipralineed firmalt Hamlet on kondiitrikvaliteediga ning uskumatult siledad ja sulavad. Tekstuur on kerge ja kohev.<\/p>\n<p>Koostisosad : piima\u0161okolaad (suhkur, kakaov\u00f5i, t\u00e4ispiimapulber, kakaopasta, emulgaator: sojaletsitiin, vanill), taimsed rasvad (kookos, palm, shea, palmituuma) erinevates massiproportsioonides, suhkur, madala rasvasisaldusega kakaopulber 8%, vadak toode (sisaldab piima), laktoos, emulgaator: sojaletsitiin, kakao: minimaalselt 33%, v\u00f5ib sisaldada p\u00e4hkleid, v\u00f5ib sisaldada gluteeni j\u00e4lgi<\/p>\n<p>These Belgian Truffle Pralines from the company Hamlet are of confectionary quality and unbelievably smooth and melting. The texture is light and fluffy. Simply heavenly!<\/p>\n<p>&nbsp;<\/p>\n<p>Toitev\u00e4\u00e4rtus 100 g kohta:<br \/>\nEnergia kj-des 2 378 KJ<br \/>\nEnergiat kcal 569 KCAL<br \/>\nRasva kokku 38,7 g<br \/>\nK\u00fcllastunud rasvu 31,1 g<br \/>\nS\u00fcsivesikuid kokku 49,6 g<br \/>\nSuhkrud 47,9 g<br \/>\nValk 4,4 g<br \/>\nSool 1,04 g<\/p>\n<p>ingredients : milk chocolate (sugar, cocoa butter, whole milk powder, cocoa paste, emulsifier: soja lecithin, vanilla), vegetable fat (coconut, palm, shea, palm kernel) in varying weight proportions, sugar, low fat cocoa powder 8%, whey product (contains milk), lactose, emulsifier: soya lecithin, cocoa: 33% minimum, Can contain traces of nuts, May contain traces of gluten<\/p>\n<p>Nutritional values per 100 g : Energy in kj 2 378 KJ<br \/>\nEnergy in kcal 569 KCAL<br \/>\nTotal fat 38,7 G<br \/>\nSaturated fat 31,1 G<br \/>\nTotal carbohydrates 49,6 G<br \/>\nSugars 47,9 G<br \/>\nProtein 4,4 G<br \/>\nSalt 1,04 G<\/p>","protected":false},"excerpt":{"rendered":"<p>Tootekirjeldus \/ Product Description: Tr\u00fchvlipralineed\u00a0 kakaot\u00e4idisega, 175 g Need Belgia tr\u00fchvlipralineed firmalt Hamlet on kondiitrikvaliteediga ning uskumatult siledad ja sulavad. Tekstuur on kerge ja kohev. Koostisosad : piima\u0161okolaad (suhkur, kakaov\u00f5i, t\u00e4ispiimapulber, kakaopasta, emulgaator: sojaletsitiin, vanill), taimsed rasvad (kookos, palm, shea, palmituuma) erinevates massiproportsioonides, suhkur, madala rasvasisaldusega kakaopulber 8%, vadak toode (sisaldab piima), laktoos, emulgaator: sojaletsitiin, [&#8230;]\n","protected":false},"featured_media":2528,"comment_status":"open","ping_status":"closed","template":"","meta":[],"product_brand":[],"product_cat":[81,70,15],"product_tag":[],"class_list":{"0":"post-2527","1":"product","2":"type-product","3":"status-publish","4":"has-post-thumbnail","6":"product_cat-chocolate-and-cocoa","7":"product_cat-coffee","8":"product_cat-uncategorized","10":"first","11":"outofstock","12":"taxable","13":"shipping-taxable","14":"purchasable","15":"product-type-simple"},"_links":{"self":[{"href":"https:\/\/www.balticroad.eu\/et\/wp-json\/wp\/v2\/product\/2527","targetHints":{"allow":["GET"]}}],"collection":[{"href":"https:\/\/www.balticroad.eu\/et\/wp-json\/wp\/v2\/product"}],"about":[{"href":"https:\/\/www.balticroad.eu\/et\/wp-json\/wp\/v2\/types\/product"}],"replies":[{"embeddable":true,"href":"https:\/\/www.balticroad.eu\/et\/wp-json\/wp\/v2\/comments?post=2527"}],"wp:featuredmedia":[{"embeddable":true,"href":"https:\/\/www.balticroad.eu\/et\/wp-json\/wp\/v2\/media\/2528"}],"wp:attachment":[{"href":"https:\/\/www.balticroad.eu\/et\/wp-json\/wp\/v2\/media?parent=2527"}],"wp:term":[{"taxonomy":"product_brand","embeddable":true,"href":"https:\/\/www.balticroad.eu\/et\/wp-json\/wp\/v2\/product_brand?post=2527"},{"taxonomy":"product_cat","embeddable":true,"href":"https:\/\/www.balticroad.eu\/et\/wp-json\/wp\/v2\/product_cat?post=2527"},{"taxonomy":"product_tag","embeddable":true,"href":"https:\/\/www.balticroad.eu\/et\/wp-json\/wp\/v2\/product_tag?post=2527"}],"curies":[{"name":"wp","href":"https:\/\/api.w.org\/{rel}","templated":true}]}}