{"id":2518,"date":"2023-11-21T07:30:50","date_gmt":"2023-11-21T07:30:50","guid":{"rendered":"https:\/\/www.balticroad.eu\/?post_type=product&#038;p=2518"},"modified":"2025-07-06T19:29:13","modified_gmt":"2025-07-06T19:29:13","slug":"teapot-0-5-must-black","status":"publish","type":"product","link":"https:\/\/www.balticroad.eu\/et\/toode\/teapot-0-5-must-black\/","title":{"rendered":"Teapot 0.5   must \/ black"},"content":{"rendered":"<h2>Tootekirjeldus \/ Product Description:<\/h2>\n<ul>\n<li style=\"list-style-type: none;\">\n<ul><!--\n \t\n\n<li><strong>Tea Set :<\/strong> double-walled glass with stainless steel filter 0,25 l<\/li>\n\n\n--><\/ul>\n<\/li>\n<\/ul>\n<p>Teekann, 0,5 l, valge \/\u00a0 must \/ punane<br \/>\nportselan, metalls\u00f5elaga ja fikseeritud metallkaanega.<\/p>\n<p>K 12 cm, \u00d8 5,5 cm See h\u00e4sti disainitud valgest portselanist teekann on ideaalne kaaslane igaks p\u00e4evaks. Roostevabast terasest kaan koos portselani l\u00e4ikiva viimistlusega annavad sellele esemele eksklusiivse optika. Metallist kaan avaneb ja sulgub kergesti. Nautige mugavalt valmistatud teed kaasasoleva, sobiva roostevabast terasest s\u00f5ela abil. &#8211; n\u00f5udepesumasinas pesta.<\/p>\n<p>&nbsp;<\/p>\n<p>Teapot ,0.5 l, white &#8211; black &#8211; red<br \/>\nporcelain, with metal strainer and fixed cover.<br \/>\nH 12 cm, \u00d8 5.5 cm<\/p>","protected":false},"excerpt":{"rendered":"<p>Tootekirjeldus \/ Product Description: Teekann, 0,5 l, valge \/\u00a0 must \/ punane portselan, metalls\u00f5elaga ja fikseeritud metallkaanega. K 12 cm, \u00d8 5,5 cm See h\u00e4sti disainitud valgest portselanist teekann on ideaalne kaaslane igaks p\u00e4evaks. Roostevabast terasest kaan koos portselani l\u00e4ikiva viimistlusega annavad sellele esemele eksklusiivse optika. Metallist kaan avaneb ja sulgub kergesti. Nautige mugavalt valmistatud [&#8230;]\n","protected":false},"featured_media":2511,"comment_status":"open","ping_status":"closed","template":"","meta":[],"product_brand":[],"product_cat":[82,68,108],"product_tag":[],"class_list":{"0":"post-2518","1":"product","2":"type-product","3":"status-publish","4":"has-post-thumbnail","6":"product_cat-accessories","7":"product_cat-tea","8":"product_cat-tea-accessories","10":"first","11":"instock","12":"sale","13":"taxable","14":"shipping-taxable","15":"purchasable","16":"product-type-simple"},"_links":{"self":[{"href":"https:\/\/www.balticroad.eu\/et\/wp-json\/wp\/v2\/product\/2518","targetHints":{"allow":["GET"]}}],"collection":[{"href":"https:\/\/www.balticroad.eu\/et\/wp-json\/wp\/v2\/product"}],"about":[{"href":"https:\/\/www.balticroad.eu\/et\/wp-json\/wp\/v2\/types\/product"}],"replies":[{"embeddable":true,"href":"https:\/\/www.balticroad.eu\/et\/wp-json\/wp\/v2\/comments?post=2518"}],"wp:featuredmedia":[{"embeddable":true,"href":"https:\/\/www.balticroad.eu\/et\/wp-json\/wp\/v2\/media\/2511"}],"wp:attachment":[{"href":"https:\/\/www.balticroad.eu\/et\/wp-json\/wp\/v2\/media?parent=2518"}],"wp:term":[{"taxonomy":"product_brand","embeddable":true,"href":"https:\/\/www.balticroad.eu\/et\/wp-json\/wp\/v2\/product_brand?post=2518"},{"taxonomy":"product_cat","embeddable":true,"href":"https:\/\/www.balticroad.eu\/et\/wp-json\/wp\/v2\/product_cat?post=2518"},{"taxonomy":"product_tag","embeddable":true,"href":"https:\/\/www.balticroad.eu\/et\/wp-json\/wp\/v2\/product_tag?post=2518"}],"curies":[{"name":"wp","href":"https:\/\/api.w.org\/{rel}","templated":true}]}}