{"id":2257,"date":"2022-08-02T15:26:08","date_gmt":"2022-08-02T15:26:08","guid":{"rendered":"https:\/\/www.balticroad.eu\/?post_type=product&#038;p=2257"},"modified":"2025-10-15T15:17:58","modified_gmt":"2025-10-15T15:17:58","slug":"g-cialde","status":"publish","type":"product","link":"https:\/\/www.balticroad.eu\/et\/toode\/g-cialde\/","title":{"rendered":"Pods (Cialde)  pakk 150 tk (D = 44 mm)"},"content":{"rendered":"<h2>Tootekirjeldus \/ Product Description:<\/h2>\n<ul><!-- --><\/p>\n<li>KOHVIPADI , pakk 150 tk<\/li>\n<li><\/li>\n<li>COFFEE Pods, pack of 150 pcs &#8211; Pods (Cialde) D =44 mm pakk 150 tk<\/li>\n<\/ul>\n<p>&nbsp;<\/p>\n<p>neid saab ka sisse osta t\u00fckki \/ tk. (v\u00e4hemalt 30 v\u00f5i mitu). v\u00f5tke \u00fchendust kauplusega.<\/p>\n<p>you can also buy them in pieces \/ tkk . (minimum 30 tkk or multiple). contact shop.<\/p>\n<p>qta&#8217;\/pod\/tkk \/ price<\/p>\n<p>30 tkk = 10 \u20ac\u00a0 &#8212;\u00a0 60 tkk = 17 \u20ac\u00a0 \u00a0&#8212; 90 tkk\u00a0 = 24,00 \u20ac\u00a0 \u00a0&#8212; 120 tkk = 31 \u20ac<\/p>\n<p>&nbsp;<\/p>","protected":false},"excerpt":{"rendered":"<p>Pods (Cialde) D =44 mm pakk 150 tk<\/p>","protected":false},"featured_media":2261,"comment_status":"open","ping_status":"closed","template":"","meta":[],"product_brand":[],"product_cat":[70,79],"product_tag":[],"class_list":{"0":"post-2257","1":"product","2":"type-product","3":"status-publish","4":"has-post-thumbnail","6":"product_cat-coffee","7":"product_cat-italian-coffee-beans-coffee","9":"first","10":"outofstock","11":"taxable","12":"shipping-taxable","13":"purchasable","14":"product-type-simple"},"_links":{"self":[{"href":"https:\/\/www.balticroad.eu\/et\/wp-json\/wp\/v2\/product\/2257","targetHints":{"allow":["GET"]}}],"collection":[{"href":"https:\/\/www.balticroad.eu\/et\/wp-json\/wp\/v2\/product"}],"about":[{"href":"https:\/\/www.balticroad.eu\/et\/wp-json\/wp\/v2\/types\/product"}],"replies":[{"embeddable":true,"href":"https:\/\/www.balticroad.eu\/et\/wp-json\/wp\/v2\/comments?post=2257"}],"wp:featuredmedia":[{"embeddable":true,"href":"https:\/\/www.balticroad.eu\/et\/wp-json\/wp\/v2\/media\/2261"}],"wp:attachment":[{"href":"https:\/\/www.balticroad.eu\/et\/wp-json\/wp\/v2\/media?parent=2257"}],"wp:term":[{"taxonomy":"product_brand","embeddable":true,"href":"https:\/\/www.balticroad.eu\/et\/wp-json\/wp\/v2\/product_brand?post=2257"},{"taxonomy":"product_cat","embeddable":true,"href":"https:\/\/www.balticroad.eu\/et\/wp-json\/wp\/v2\/product_cat?post=2257"},{"taxonomy":"product_tag","embeddable":true,"href":"https:\/\/www.balticroad.eu\/et\/wp-json\/wp\/v2\/product_tag?post=2257"}],"curies":[{"name":"wp","href":"https:\/\/api.w.org\/{rel}","templated":true}]}}