{"id":2106,"date":"2021-09-29T08:06:23","date_gmt":"2021-09-29T08:06:23","guid":{"rendered":"https:\/\/www.balticroad.eu\/?post_type=product&#038;p=2106"},"modified":"2025-12-27T12:02:05","modified_gmt":"2025-12-27T12:02:05","slug":"silver-needle-40g","status":"publish","type":"product","link":"https:\/\/www.balticroad.eu\/et\/toode\/silver-needle-40g\/","title":{"rendered":"SILVER NEEDLE  40g"},"content":{"rendered":"<h2>Tootekirjeldus \/ Product Description:<\/h2>\n<p>Widely esteemed for its delicate appearance, elegant sweetness and noble character, Silver Needles tea is comprised of pure, individually plucked tea buds harvested only in the early springtime.<br \/>\nH\u00f5bedane n\u00f5eltee, mida hinnatakse laialdaselt oma \u00f5rna v\u00e4limuse, elegantse magususe ja \u00fcllas iseloomu poolest, koosneb puhtast, individuaalselt korjatud teepungast, mis koristatakse alles varakevadel.<\/p>\n<ul><!-- --><\/p>\n<li><strong>Koostisosad \/ Ingredients: <\/strong><\/li>\n<li>Valge h\u00f5bedane n\u00f5el lahtiste lehtedega tee<\/li>\n<li>White Silver Needle Loose Leaf Tea<\/li>\n<li><\/li>\n<li><strong>Ettevalmistus \/ Preparation:<\/strong> 80\u00b0 \u2013 2\/3 min<\/li>\n<\/ul>","protected":false},"excerpt":{"rendered":"<p>Tootekirjeldus \/ Product Description: Widely esteemed for its delicate appearance, elegant sweetness and noble character, Silver Needles tea is comprised of pure, individually plucked tea buds harvested only in the early springtime. H\u00f5bedane n\u00f5eltee, mida hinnatakse laialdaselt oma \u00f5rna v\u00e4limuse, elegantse magususe ja \u00fcllas iseloomu poolest, koosneb puhtast, individuaalselt korjatud teepungast, mis koristatakse alles varakevadel. [&#8230;]\n","protected":false},"featured_media":2110,"comment_status":"open","ping_status":"closed","template":"","meta":[],"product_brand":[],"product_cat":[68,90],"product_tag":[],"class_list":{"0":"post-2106","1":"product","2":"type-product","3":"status-publish","4":"has-post-thumbnail","6":"product_cat-tea","7":"product_cat-white-tea-tea","9":"first","10":"outofstock","11":"taxable","12":"shipping-taxable","13":"purchasable","14":"product-type-simple"},"_links":{"self":[{"href":"https:\/\/www.balticroad.eu\/et\/wp-json\/wp\/v2\/product\/2106","targetHints":{"allow":["GET"]}}],"collection":[{"href":"https:\/\/www.balticroad.eu\/et\/wp-json\/wp\/v2\/product"}],"about":[{"href":"https:\/\/www.balticroad.eu\/et\/wp-json\/wp\/v2\/types\/product"}],"replies":[{"embeddable":true,"href":"https:\/\/www.balticroad.eu\/et\/wp-json\/wp\/v2\/comments?post=2106"}],"wp:featuredmedia":[{"embeddable":true,"href":"https:\/\/www.balticroad.eu\/et\/wp-json\/wp\/v2\/media\/2110"}],"wp:attachment":[{"href":"https:\/\/www.balticroad.eu\/et\/wp-json\/wp\/v2\/media?parent=2106"}],"wp:term":[{"taxonomy":"product_brand","embeddable":true,"href":"https:\/\/www.balticroad.eu\/et\/wp-json\/wp\/v2\/product_brand?post=2106"},{"taxonomy":"product_cat","embeddable":true,"href":"https:\/\/www.balticroad.eu\/et\/wp-json\/wp\/v2\/product_cat?post=2106"},{"taxonomy":"product_tag","embeddable":true,"href":"https:\/\/www.balticroad.eu\/et\/wp-json\/wp\/v2\/product_tag?post=2106"}],"curies":[{"name":"wp","href":"https:\/\/api.w.org\/{rel}","templated":true}]}}