{"id":2100,"date":"2021-09-25T11:59:51","date_gmt":"2021-09-25T11:59:51","guid":{"rendered":"https:\/\/www.balticroad.eu\/?post_type=product&#038;p=2100"},"modified":"2026-02-24T17:41:24","modified_gmt":"2026-02-24T17:41:24","slug":"coffee-raspberry-vanilla","status":"publish","type":"product","link":"https:\/\/www.balticroad.eu\/et\/toode\/coffee-raspberry-vanilla\/","title":{"rendered":"Coffee  \u201c Banana Cream &#8220;"},"content":{"rendered":"<h2>Tootekirjeldus \/ Product Description:<\/h2>\n<ul>\n<li>Coffee &#8220;Plum\/Cinnamon&#8221; &#8211; (coffee beans)<\/li>\n<\/ul>\n<p>Origin and Plantation<br \/>\nA balanced coffee composition of carefully roasted Arabica beans form the basis for this heavenly coffee creation.<\/p>\n<p>Character and Taste<br \/>\nThe sweet-and-sour taste of sun-ripened raspberries combined with the sweet tangy note of vanilla makes every heart beat faster. A summerly temptation that you should not miss out on.<\/p>\n<ul>\n<li>Kohv &#8220;ploom \/ kaneel&#8221; &#8211; (kohvioad)<\/li>\n<\/ul>\n<p>P\u00e4ritolu ja istandus<br \/>\nHoolikalt r\u00f6stitud araabikaubade tasakaalustatud kohvikoostis on selle taevaliku kohvi loomise aluseks.<\/p>\n<p>Iseloom ja maitse<br \/>\nP\u00e4ikesek\u00fcpsete vaarikate magushapu maitse koos vanilli magusa terava noodiga paneb iga s\u00fcdame kiiremini p\u00f5ksuma. Suvine kiusatus, millest ei tasu ilma j\u00e4\u00e4da.<\/p>\n<p><strong>Koostisosad \/ Ingredients:<\/strong>R\u00f6stitud kohv (100% araabika), l\u00f5hna- ja maitseaine.<br \/>\nA balanced coffee composition of carefully roasted Arabica beans form the basis for this heavenly coffee creation.<\/p>\n<p><strong>Ettevalmistus \/ Preparation:<\/strong><\/p>","protected":false},"excerpt":{"rendered":"<p>Tootekirjeldus \/ Product Description: Coffee &#8220;Plum\/Cinnamon&#8221; &#8211; (coffee beans) Origin and Plantation A balanced coffee composition of carefully roasted Arabica beans form the basis for this heavenly coffee creation. Character and Taste The sweet-and-sour taste of sun-ripened raspberries combined with the sweet tangy note of vanilla makes every heart beat faster. A summerly temptation that [&#8230;]\n","protected":false},"featured_media":2733,"comment_status":"open","ping_status":"closed","template":"","meta":[],"product_brand":[],"product_cat":[70,106],"product_tag":[],"class_list":{"0":"post-2100","1":"product","2":"type-product","3":"status-publish","4":"has-post-thumbnail","6":"product_cat-coffee","7":"product_cat-flavoured-coffee","9":"first","10":"outofstock","11":"taxable","12":"shipping-taxable","13":"purchasable","14":"product-type-variable","15":"has-default-attributes"},"_links":{"self":[{"href":"https:\/\/www.balticroad.eu\/et\/wp-json\/wp\/v2\/product\/2100","targetHints":{"allow":["GET"]}}],"collection":[{"href":"https:\/\/www.balticroad.eu\/et\/wp-json\/wp\/v2\/product"}],"about":[{"href":"https:\/\/www.balticroad.eu\/et\/wp-json\/wp\/v2\/types\/product"}],"replies":[{"embeddable":true,"href":"https:\/\/www.balticroad.eu\/et\/wp-json\/wp\/v2\/comments?post=2100"}],"wp:featuredmedia":[{"embeddable":true,"href":"https:\/\/www.balticroad.eu\/et\/wp-json\/wp\/v2\/media\/2733"}],"wp:attachment":[{"href":"https:\/\/www.balticroad.eu\/et\/wp-json\/wp\/v2\/media?parent=2100"}],"wp:term":[{"taxonomy":"product_brand","embeddable":true,"href":"https:\/\/www.balticroad.eu\/et\/wp-json\/wp\/v2\/product_brand?post=2100"},{"taxonomy":"product_cat","embeddable":true,"href":"https:\/\/www.balticroad.eu\/et\/wp-json\/wp\/v2\/product_cat?post=2100"},{"taxonomy":"product_tag","embeddable":true,"href":"https:\/\/www.balticroad.eu\/et\/wp-json\/wp\/v2\/product_tag?post=2100"}],"curies":[{"name":"wp","href":"https:\/\/api.w.org\/{rel}","templated":true}]}}