{"id":2095,"date":"2021-09-25T11:54:51","date_gmt":"2021-09-25T11:54:51","guid":{"rendered":"https:\/\/www.balticroad.eu\/?post_type=product&#038;p=2095"},"modified":"2025-06-22T17:46:40","modified_gmt":"2025-06-22T17:46:40","slug":"coffee-vanilla-cream","status":"publish","type":"product","link":"https:\/\/www.balticroad.eu\/et\/toode\/coffee-vanilla-cream\/","title":{"rendered":"Passion Fruit Vanilla Coffee."},"content":{"rendered":"<h2>Tootekirjeldus \/ Product Description:<\/h2>\n<ul>\n<li>Kohv Vanilje Passion Fruit<\/li>\n<li>Passion Fruit Vanilla Coffee.<\/li>\n<\/ul>\n<p>P\u00e4ritolu ja istandus<\/p>\n<p>Selle maitsva segu jaoks valiti v\u00e4lja eranditult kvaliteetsed araabika oad Kesk- ja L\u00f5una-Ameerika p\u00e4ikesepaistelistest istandustest.<\/p>\n<p>Iseloom ja maitse<\/p>\n<p>Meie \u00f5rnalt r\u00f6stitud araabika oad on ideaalne alus parima vanilli kreemja magusa nootidele koos mahlase passioni eksootilise v\u00e4rske maitsega. Olge valmis oma suulae eriliseks maitseplahvatuseks. Koostisosad ; kohv (100% araabika), l\u00f5hna- ja maitseaine<\/p>\n<p>&nbsp;<\/p>\n<p>Origin and Plantation<\/p>\n<p>Exclusively high quality Arabica beans from the sun-kissed plantations in Central and South America were selected for this delicious blend.<\/p>\n<p>Character and Taste<\/p>\n<p>Our mildly roasted Arabica beans are the perfect base for the creamy, sweet notes of finest vanilla in combination with the exotic, fresh taste of juicy passionfruit. Get ready for a very special taste explosion on your palate. indgredients : coffee (100% arabica), flavouring. This product has no mandatory labeling of nutritional values.<\/p>\n<p><strong>Koostisosad \/ Ingredients:<\/strong><\/p>\n<p>kohv (100% araabika), l\u00f5hna- ja maitseaine<\/p>\n<p>coffee (100% arabica), flavouring<\/p>\n<p>&nbsp;<\/p>\n<p><strong>Ettevalmistus \/ Preparation:<\/strong><\/p>","protected":false},"excerpt":{"rendered":"<p>Tootekirjeldus \/ Product Description: Kohv Vanilje Passion Fruit Passion Fruit Vanilla Coffee. P\u00e4ritolu ja istandus Selle maitsva segu jaoks valiti v\u00e4lja eranditult kvaliteetsed araabika oad Kesk- ja L\u00f5una-Ameerika p\u00e4ikesepaistelistest istandustest. Iseloom ja maitse Meie \u00f5rnalt r\u00f6stitud araabika oad on ideaalne alus parima vanilli kreemja magusa nootidele koos mahlase passioni eksootilise v\u00e4rske maitsega. Olge valmis oma [&#8230;]\n","protected":false},"featured_media":2734,"comment_status":"open","ping_status":"closed","template":"","meta":[],"product_brand":[],"product_cat":[70,106],"product_tag":[],"class_list":{"0":"post-2095","1":"product","2":"type-product","3":"status-publish","4":"has-post-thumbnail","6":"product_cat-coffee","7":"product_cat-flavoured-coffee","9":"first","10":"instock","11":"taxable","12":"shipping-taxable","13":"purchasable","14":"product-type-variable","15":"has-default-attributes"},"_links":{"self":[{"href":"https:\/\/www.balticroad.eu\/et\/wp-json\/wp\/v2\/product\/2095","targetHints":{"allow":["GET"]}}],"collection":[{"href":"https:\/\/www.balticroad.eu\/et\/wp-json\/wp\/v2\/product"}],"about":[{"href":"https:\/\/www.balticroad.eu\/et\/wp-json\/wp\/v2\/types\/product"}],"replies":[{"embeddable":true,"href":"https:\/\/www.balticroad.eu\/et\/wp-json\/wp\/v2\/comments?post=2095"}],"wp:featuredmedia":[{"embeddable":true,"href":"https:\/\/www.balticroad.eu\/et\/wp-json\/wp\/v2\/media\/2734"}],"wp:attachment":[{"href":"https:\/\/www.balticroad.eu\/et\/wp-json\/wp\/v2\/media?parent=2095"}],"wp:term":[{"taxonomy":"product_brand","embeddable":true,"href":"https:\/\/www.balticroad.eu\/et\/wp-json\/wp\/v2\/product_brand?post=2095"},{"taxonomy":"product_cat","embeddable":true,"href":"https:\/\/www.balticroad.eu\/et\/wp-json\/wp\/v2\/product_cat?post=2095"},{"taxonomy":"product_tag","embeddable":true,"href":"https:\/\/www.balticroad.eu\/et\/wp-json\/wp\/v2\/product_tag?post=2095"}],"curies":[{"name":"wp","href":"https:\/\/api.w.org\/{rel}","templated":true}]}}