{"id":2089,"date":"2021-09-25T11:44:02","date_gmt":"2021-09-25T11:44:02","guid":{"rendered":"https:\/\/www.balticroad.eu\/?post_type=product&#038;p=2089"},"modified":"2025-06-19T18:45:05","modified_gmt":"2025-06-19T18:45:05","slug":"coffee-latte-machiato-chocolate","status":"publish","type":"product","link":"https:\/\/www.balticroad.eu\/et\/toode\/coffee-latte-machiato-chocolate\/","title":{"rendered":"Coffee &#8220;Latte-Machiato-Chocolate&#8221;"},"content":{"rendered":"<h2>Tootekirjeldus \/ Product Description:<\/h2>\n<ul>\n<li>Coffee &#8220;Plum\/Cinnamon&#8221; &#8211; (coffee beans)<\/li>\n<\/ul>\n<p>Origin and Plantation<br \/>\nOnly carefully selected highland coffee beans from the sun-kissed countries of Central and South America have found their way into this excellent coffee blend.<\/p>\n<p>Character and Taste<br \/>\nTake a break for a moment and imagine it is summer \u2026 you are sitting in a small Caf\u00e9 in Italy and are enjoying a delicious Latte Macchiato. This coffee creation will enthuse you: delicate cocoa and finest chocolate flavours are combined with a full-bodied coffee taste.<\/p>\n<ul>\n<li>Kohv &#8220;ploom \/ kaneel&#8221; &#8211; (kohvioad)<\/li>\n<\/ul>\n<p>P\u00e4ritolu ja istandus<br \/>\nSellesse suurep\u00e4rasesse kohvisegusse on tee leidnud ainult hoolikalt valitud m\u00e4gismaa kohvioad p\u00e4ikesest suudeldud Kesk- ja L\u00f5una-Ameerika riikidest.<\/p>\n<p>Iseloom ja maitse<br \/>\nTehke korraks paus ja kujutage ette, et on suvi\u2026 istute Itaalias v\u00e4ikeses kohvikus ja naudite maitsvat Latte Macchiatot. See kohvilooming vaimustab teid: \u00f5rn kakao ja parimad \u0161okolaadimaitsed on \u00fchendatud t\u00e4idlase kohvimaitsega.<\/p>\n<p><strong>Koostisosad \/ Ingredients:<\/strong>R\u00f6stitud kohv (100% araabika), l\u00f5hna- ja maitseaine.<br \/>\nOnly carefully selected highland coffee beans from the sun-kissed countries of Central and South America have found their way into this excellent coffee blend.<\/p>\n<p><strong>Ettevalmistus \/ Preparation:<\/strong><\/p>","protected":false},"excerpt":{"rendered":"<p>Tootekirjeldus \/ Product Description: Coffee &#8220;Plum\/Cinnamon&#8221; &#8211; (coffee beans) Origin and Plantation Only carefully selected highland coffee beans from the sun-kissed countries of Central and South America have found their way into this excellent coffee blend. Character and Taste Take a break for a moment and imagine it is summer \u2026 you are sitting in [&#8230;]\n","protected":false},"featured_media":2735,"comment_status":"open","ping_status":"closed","template":"","meta":[],"product_brand":[],"product_cat":[70,106],"product_tag":[],"class_list":{"0":"post-2089","1":"product","2":"type-product","3":"status-publish","4":"has-post-thumbnail","6":"product_cat-coffee","7":"product_cat-flavoured-coffee","9":"first","10":"instock","11":"taxable","12":"shipping-taxable","13":"purchasable","14":"product-type-variable","15":"has-default-attributes"},"_links":{"self":[{"href":"https:\/\/www.balticroad.eu\/et\/wp-json\/wp\/v2\/product\/2089","targetHints":{"allow":["GET"]}}],"collection":[{"href":"https:\/\/www.balticroad.eu\/et\/wp-json\/wp\/v2\/product"}],"about":[{"href":"https:\/\/www.balticroad.eu\/et\/wp-json\/wp\/v2\/types\/product"}],"replies":[{"embeddable":true,"href":"https:\/\/www.balticroad.eu\/et\/wp-json\/wp\/v2\/comments?post=2089"}],"wp:featuredmedia":[{"embeddable":true,"href":"https:\/\/www.balticroad.eu\/et\/wp-json\/wp\/v2\/media\/2735"}],"wp:attachment":[{"href":"https:\/\/www.balticroad.eu\/et\/wp-json\/wp\/v2\/media?parent=2089"}],"wp:term":[{"taxonomy":"product_brand","embeddable":true,"href":"https:\/\/www.balticroad.eu\/et\/wp-json\/wp\/v2\/product_brand?post=2089"},{"taxonomy":"product_cat","embeddable":true,"href":"https:\/\/www.balticroad.eu\/et\/wp-json\/wp\/v2\/product_cat?post=2089"},{"taxonomy":"product_tag","embeddable":true,"href":"https:\/\/www.balticroad.eu\/et\/wp-json\/wp\/v2\/product_tag?post=2089"}],"curies":[{"name":"wp","href":"https:\/\/api.w.org\/{rel}","templated":true}]}}