{"id":2034,"date":"2021-04-27T12:36:41","date_gmt":"2021-04-27T12:36:41","guid":{"rendered":"https:\/\/www.balticroad.eu\/?post_type=product&#038;p=2034"},"modified":"2024-08-25T14:08:27","modified_gmt":"2024-08-25T14:08:27","slug":"chameleon-blue-tea","status":"publish","type":"product","link":"https:\/\/www.balticroad.eu\/et\/toode\/chameleon-blue-tea\/","title":{"rendered":"&#8220;CHAMELEON &#8221; Blue Tea"},"content":{"rendered":"<h2>Tootekirjeldus \/ Product Description:<\/h2>\n<p>&#8220;CHAMELEON &#8221; Blue Tea<\/p>\n<p><strong>Koostisosad \/ Ingredients:<\/strong><br \/>\n<span style=\"color: #333333;\"><br \/>\nroheline tee Sencha 50%, hapu\u00f5una t\u00fckid, \u00f5una t\u00fckid, arbuusihelbed, lilla dragonfruudi kuubikud,<br \/>\nsidrunhein, L\u00f5hna- ja maitseained, sinise liblika herne\u00f5ied( blue butterfly pea flowers) pomelot\u00fckid, sidrunikoor,<br \/>\nsuhkru&#8221; flamingo&#8221; , kontsentreeritud peedimahl nagu nat.v\u00e4rviaine<\/span><\/p>\n<p>Green Tea (50%), Lilac Passion Fruit Cubes<br \/>\n(passion fruit), sour apple pieces, apple pieces, lemongrass, blue buterfly pea flowers, grapefruit cubes, lemon zest, sugar flamingo, watermelon flakes, concentrated beet juice as a natural dye<\/p>\n<ul>\n<li><strong>blue flowers<\/strong> (Aparajita (Clitoria ternatea) is perennial twining climber which common all over the tropical parts of India. This medicinal herb has analgesic, anti-inflammatory and memory improving properties. In Ayurveda it is considered as \u2018Medhya drug\u2019 or one that improves mental abilities, intellect and works on nervous system.)<\/li>\n<li style=\"list-style-type: none;\">\u0417\u0435\u043b\u0435\u043d\u044b\u0439 \u0447\u0430\u0439 (50%), \u0441\u0438\u0440\u0435\u043d\u0435\u0432\u044b\u0435 \u043a\u0443\u0431\u0438\u043a\u0438 passion fruit<br \/>\n(\u043c\u0430\u0440\u0430\u043a\u0443\u044f) , \u043a\u0443\u0441\u043e\u0447\u043a\u0438 \u043a\u0438\u0441\u043b\u043e\u0433\u043e \u044f\u0431\u043b\u043e\u043a\u0430 ,\u043a\u0443\u0441\u043e\u0447\u043a\u0438 \u044f\u0431\u043b\u043e\u043a\u0430, \u043b\u0438\u043c\u043e\u043d\u043d\u0430\u044f \u0442\u0440\u0430\u0432\u0430, \u0446\u0432\u0435\u0442\u044b \u0433\u043e\u0440\u043e\u0445\u0430 blue buterfly , \u043a\u0443\u0431\u0438\u043a\u0438 \u0433\u0440\u0435\u0439\u043f\u0444\u0440\u0443\u0442a , \u0446\u0435\u0434\u0440\u0430 \u043b\u0438\u043c\u043e\u043d\u0430, \u0441\u0430\u0445\u0430\u0440\u043d\u044b\u0439 &#8220;\u0444\u043b\u0430\u043c\u0438\u043d\u0433\u043e&#8221; , \u0445\u043b\u043e\u043f\u044c\u044f \u0430\u0440\u0431\u0443\u0437\u0430, \u043a\u043e\u043d\u0446\u0435\u0442\u0440\u0438\u0440\u043e\u0432.\u0441\u043e\u043a \u0441\u0432\u0451\u043a\u043b\u044b \u043a\u0430\u043a \u043d\u0430\u0442\u0443\u0440.\u043a\u0440\u0430\u0441\u0438\u0442\u0435\u043b\u044c<\/li>\n<li style=\"list-style-type: none;\"><span style=\"color: #333333;\"><br \/>\n<strong>Ettevalmistus \/ Preparation: <\/strong><\/span><strong> 2-3 minutit keeduaega 75 \u00b0 &#8211; 80 \u00b0 C veetemperatuur 4-5 taset tl. \/ L <\/strong><br \/>\n<strong> 2-3 minutes brewing time 75\u00b0 &#8211; 80\u00b0 C water temperature 4-5 level tsp.\/1 litre<\/strong><\/li>\n<\/ul>","protected":false},"excerpt":{"rendered":"<p>Tootekirjeldus \/ Product Description: &#8220;CHAMELEON &#8221; Blue Tea Koostisosad \/ Ingredients: roheline tee Sencha 50%, hapu\u00f5una t\u00fckid, \u00f5una t\u00fckid, arbuusihelbed, lilla dragonfruudi kuubikud, sidrunhein, L\u00f5hna- ja maitseained, sinise liblika herne\u00f5ied( blue butterfly pea flowers) pomelot\u00fckid, sidrunikoor, suhkru&#8221; flamingo&#8221; , kontsentreeritud peedimahl nagu nat.v\u00e4rviaine Green Tea (50%), Lilac Passion Fruit Cubes (passion fruit), sour apple pieces, [&#8230;]\n","protected":false},"featured_media":1439,"comment_status":"open","ping_status":"closed","template":"","meta":[],"product_brand":[],"product_cat":[80,68],"product_tag":[],"class_list":{"0":"post-2034","1":"product","2":"type-product","3":"status-publish","4":"has-post-thumbnail","6":"product_cat-flavoured-tea","7":"product_cat-tea","9":"first","10":"outofstock","11":"taxable","12":"shipping-taxable","13":"purchasable","14":"product-type-variable"},"_links":{"self":[{"href":"https:\/\/www.balticroad.eu\/et\/wp-json\/wp\/v2\/product\/2034","targetHints":{"allow":["GET"]}}],"collection":[{"href":"https:\/\/www.balticroad.eu\/et\/wp-json\/wp\/v2\/product"}],"about":[{"href":"https:\/\/www.balticroad.eu\/et\/wp-json\/wp\/v2\/types\/product"}],"replies":[{"embeddable":true,"href":"https:\/\/www.balticroad.eu\/et\/wp-json\/wp\/v2\/comments?post=2034"}],"wp:featuredmedia":[{"embeddable":true,"href":"https:\/\/www.balticroad.eu\/et\/wp-json\/wp\/v2\/media\/1439"}],"wp:attachment":[{"href":"https:\/\/www.balticroad.eu\/et\/wp-json\/wp\/v2\/media?parent=2034"}],"wp:term":[{"taxonomy":"product_brand","embeddable":true,"href":"https:\/\/www.balticroad.eu\/et\/wp-json\/wp\/v2\/product_brand?post=2034"},{"taxonomy":"product_cat","embeddable":true,"href":"https:\/\/www.balticroad.eu\/et\/wp-json\/wp\/v2\/product_cat?post=2034"},{"taxonomy":"product_tag","embeddable":true,"href":"https:\/\/www.balticroad.eu\/et\/wp-json\/wp\/v2\/product_tag?post=2034"}],"curies":[{"name":"wp","href":"https:\/\/api.w.org\/{rel}","templated":true}]}}