{"id":1993,"date":"2021-04-11T10:47:27","date_gmt":"2021-04-11T10:47:27","guid":{"rendered":"https:\/\/www.balticroad.eu\/?post_type=product&#038;p=1993"},"modified":"2025-11-09T14:45:13","modified_gmt":"2025-11-09T14:45:13","slug":"coffee-plum-cinnamon","status":"publish","type":"product","link":"https:\/\/www.balticroad.eu\/et\/toode\/coffee-plum-cinnamon\/","title":{"rendered":"Coffee &#8220;Plum Cinnamon&#8221;"},"content":{"rendered":"<h2>Tootekirjeldus \/ Product Description:<\/h2>\n<ul>\n<li>Coffee &#8220;Plum\/Cinnamon&#8221; &#8211; (coffee beans)<\/li>\n<\/ul>\n<p>Origin and Plantation This blend also presents only select Arabica beans, which have been gently refined in our own roaster. This composition will definitely offer you a unique taste experience. Character and Taste The full, strong aroma of dark chocolate, only to be followed by a pleasantly balanced spiciness, dominates the first impression. The natural sweetness of this carefully roasted coffee gives a subtle touch to this speciality and makes this Ingredients: Roasted coffee (100 % Arabica), flavouring.<\/p>\n<ul>\n<li>Kohv &#8220;ploom \/ kaneel&#8221; &#8211; (kohvioad)<\/li>\n<\/ul>\n<p>P\u00e4ritolu ja istandus Selles segus pakutakse ka ainult valitud araabika ube, mida on meie enda r\u00f6stijas \u00f5rnalt rafineeritud. See kompositsioon pakub teile kindlasti ainulaadset maitseelamust. Iseloom ja maitse Esmamulje domineerib tumeda \u0161okolaadi t\u00e4ielik, tugev aroom, millele j\u00e4rgneb ainult meeldivalt tasakaalustatud v\u00fcrtsikus. Selle hoolikalt r\u00f6stitud kohvi loomulik magusus annab sellele erip\u00e4rale peene meki ja muudab selle Koostis: R\u00f6stitud kohv (100% Arabica), l\u00f5hna- ja maitseaine.<\/p>\n<p><strong>Koostisosad \/ Ingredients:<\/strong>R\u00f6stitud kohv (100% araabika), l\u00f5hna- ja maitseaine.<br \/>\nRoasted coffee (100 % Arabica), flavouring.<\/p>\n<p><strong>Ettevalmistus \/ Preparation:<\/strong><\/p>","protected":false},"excerpt":{"rendered":"<p>Tootekirjeldus \/ Product Description: Coffee &#8220;Plum\/Cinnamon&#8221; &#8211; (coffee beans) Origin and Plantation This blend also presents only select Arabica beans, which have been gently refined in our own roaster. This composition will definitely offer you a unique taste experience. Character and Taste The full, strong aroma of dark chocolate, only to be followed by a [&#8230;]\n","protected":false},"featured_media":3083,"comment_status":"open","ping_status":"closed","template":"","meta":[],"product_brand":[],"product_cat":[70,106],"product_tag":[],"class_list":{"0":"post-1993","1":"product","2":"type-product","3":"status-publish","4":"has-post-thumbnail","6":"product_cat-coffee","7":"product_cat-flavoured-coffee","9":"first","10":"instock","11":"taxable","12":"shipping-taxable","13":"purchasable","14":"product-type-variable","15":"has-default-attributes"},"_links":{"self":[{"href":"https:\/\/www.balticroad.eu\/et\/wp-json\/wp\/v2\/product\/1993","targetHints":{"allow":["GET"]}}],"collection":[{"href":"https:\/\/www.balticroad.eu\/et\/wp-json\/wp\/v2\/product"}],"about":[{"href":"https:\/\/www.balticroad.eu\/et\/wp-json\/wp\/v2\/types\/product"}],"replies":[{"embeddable":true,"href":"https:\/\/www.balticroad.eu\/et\/wp-json\/wp\/v2\/comments?post=1993"}],"wp:featuredmedia":[{"embeddable":true,"href":"https:\/\/www.balticroad.eu\/et\/wp-json\/wp\/v2\/media\/3083"}],"wp:attachment":[{"href":"https:\/\/www.balticroad.eu\/et\/wp-json\/wp\/v2\/media?parent=1993"}],"wp:term":[{"taxonomy":"product_brand","embeddable":true,"href":"https:\/\/www.balticroad.eu\/et\/wp-json\/wp\/v2\/product_brand?post=1993"},{"taxonomy":"product_cat","embeddable":true,"href":"https:\/\/www.balticroad.eu\/et\/wp-json\/wp\/v2\/product_cat?post=1993"},{"taxonomy":"product_tag","embeddable":true,"href":"https:\/\/www.balticroad.eu\/et\/wp-json\/wp\/v2\/product_tag?post=1993"}],"curies":[{"name":"wp","href":"https:\/\/api.w.org\/{rel}","templated":true}]}}