{"id":1986,"date":"2021-04-11T09:51:48","date_gmt":"2021-04-11T09:51:48","guid":{"rendered":"https:\/\/www.balticroad.eu\/?post_type=product&#038;p=1986"},"modified":"2025-11-28T17:21:31","modified_gmt":"2025-11-28T17:21:31","slug":"coffee-chocolate-orange","status":"publish","type":"product","link":"https:\/\/www.balticroad.eu\/et\/toode\/coffee-chocolate-orange\/","title":{"rendered":"Coffee &#8220;Chocolate Orange&#8221;"},"content":{"rendered":"<h2>Tootekirjeldus \/ Product Description:<\/h2>\n<ul>\n<li>Coffee &#8220;Chocolate Orange&#8221; &#8211; (coffee beans)<\/li>\n<\/ul>\n<p>Origin and Plantation<br \/>\nThe combination of chocolate and orange has always been a happy one. The finest chocolate aromas and fruity<br \/>\norange notes combine with the highest grade Arabica coffee to produce a fi rst class delight.<\/p>\n<p>Character and Taste<br \/>\nThe delicately soft aroma of chocolate and the sweetness of ripe oranges create an outstanding harmony when fused with this fragrant coffee. This creation is an absolute must.<\/p>\n<ul>\n<li>Kohv &#8220;\u0160okolaadi apelsin&#8221; &#8211; (kohvioad)<\/li>\n<\/ul>\n<p>P\u00e4ritolu ja istandus<br \/>\n\u0160okolaadi ja apelsini kombinatsioon on alati olnud \u00f5nnelik. Parimad \u0161okolaadi aroomid ja puuviljad<br \/>\noran\u017eid noodid koos k\u00f5rgeima klassi Arabica kohviga pakuvad esimese klassi r\u00f5\u00f5mu.<\/p>\n<p>Iseloom ja maitse<br \/>\n\u0160okolaadi \u00f5rnalt pehme aroom ja k\u00fcpsete apelsinide magusus loovad selle l\u00f5hnava kohviga sulatatuna silmapaistva harmoonia. See looming on absoluutne kohustus.<\/p>\n<p><strong>Koostisosad \/ Ingredients:<\/strong> (toored kohvid (100% araabika)<br \/>\n(raw coffees (100 % Arabica))<\/p>\n<p><strong>Ettevalmistus \/ Preparation:<\/strong><\/p>","protected":false},"excerpt":{"rendered":"<p>Tootekirjeldus \/ Product Description: Coffee &#8220;Chocolate Orange&#8221; &#8211; (coffee beans) Origin and Plantation The combination of chocolate and orange has always been a happy one. The finest chocolate aromas and fruity orange notes combine with the highest grade Arabica coffee to produce a fi rst class delight. Character and Taste The delicately soft aroma of [&#8230;]\n","protected":false},"featured_media":2736,"comment_status":"open","ping_status":"closed","template":"","meta":[],"product_brand":[],"product_cat":[70,106],"product_tag":[],"class_list":{"0":"post-1986","1":"product","2":"type-product","3":"status-publish","4":"has-post-thumbnail","6":"product_cat-coffee","7":"product_cat-flavoured-coffee","9":"first","10":"instock","11":"taxable","12":"shipping-taxable","13":"purchasable","14":"product-type-variable","15":"has-default-attributes"},"_links":{"self":[{"href":"https:\/\/www.balticroad.eu\/et\/wp-json\/wp\/v2\/product\/1986","targetHints":{"allow":["GET"]}}],"collection":[{"href":"https:\/\/www.balticroad.eu\/et\/wp-json\/wp\/v2\/product"}],"about":[{"href":"https:\/\/www.balticroad.eu\/et\/wp-json\/wp\/v2\/types\/product"}],"replies":[{"embeddable":true,"href":"https:\/\/www.balticroad.eu\/et\/wp-json\/wp\/v2\/comments?post=1986"}],"wp:featuredmedia":[{"embeddable":true,"href":"https:\/\/www.balticroad.eu\/et\/wp-json\/wp\/v2\/media\/2736"}],"wp:attachment":[{"href":"https:\/\/www.balticroad.eu\/et\/wp-json\/wp\/v2\/media?parent=1986"}],"wp:term":[{"taxonomy":"product_brand","embeddable":true,"href":"https:\/\/www.balticroad.eu\/et\/wp-json\/wp\/v2\/product_brand?post=1986"},{"taxonomy":"product_cat","embeddable":true,"href":"https:\/\/www.balticroad.eu\/et\/wp-json\/wp\/v2\/product_cat?post=1986"},{"taxonomy":"product_tag","embeddable":true,"href":"https:\/\/www.balticroad.eu\/et\/wp-json\/wp\/v2\/product_tag?post=1986"}],"curies":[{"name":"wp","href":"https:\/\/api.w.org\/{rel}","templated":true}]}}