{"id":1980,"date":"2021-04-11T09:35:58","date_gmt":"2021-04-11T09:35:58","guid":{"rendered":"https:\/\/www.balticroad.eu\/?post_type=product&#038;p=1980"},"modified":"2025-06-19T18:48:06","modified_gmt":"2025-06-19T18:48:06","slug":"coffee-turkish-honey","status":"publish","type":"product","link":"https:\/\/www.balticroad.eu\/et\/toode\/coffee-turkish-honey\/","title":{"rendered":"Coffee &#8220;Turkish Honey&#8221;"},"content":{"rendered":"<h2>Tootekirjeldus \/ Product Description:<\/h2>\n<ul>\n<li>Coffee &#8220;Turkish Honey&#8221; &#8211; (coffee beans)<\/li>\n<\/ul>\n<p>Origin and Plantation<br \/>\nGreen coffees from the best highland plantations of Colombia as well as from the sun-kissed slopes of Brazil are combined with a deliciously soft flavour. An exceptional taste experience for demanding coffee lovers. This flavoured speciality becomes an absolute indulgence thanks to the traditionally slow roasting and the use of naturally mild coffees.<\/p>\n<p>Character and Taste<br \/>\nA deliciously sweet scent, which is combined with the coffee. It reminds of freshly cut \u201cTurkish Honey\u201c, with its light flavour of nuts and almonds, and invites you to indulge. Refine this speciality with a dash of cream!<\/p>\n<ul>\n<li>Kohv &#8220;Kohv &#8220;T\u00fcrgi mesi&#8221; &#8211; (kohvioad)<\/li>\n<\/ul>\n<p>P\u00e4ritolu ja istandus<br \/>\nNii Colombia parimatest k\u00f5rgm\u00e4estikuistandustest kui ka Brasiilia p\u00e4ikese k\u00e4es suudetud n\u00f5lvadelt saadud rohelised kohvid on \u00fchendatud maitsvalt pehme maitsega. Erakordne maitseelamus n\u00f5udlikele kohvis\u00f5pradele. See maitsestatud eriala muutub absoluutseks j\u00e4releandmiseks t\u00e4nu traditsiooniliselt aeglasele r\u00f6stimisele ja looduslikult mahedate kohvide kasutamisele.<\/p>\n<p>Iseloom ja maitse<br \/>\nM\u00f5nusalt magus l\u00f5hn, mis on kombineeritud kohviga. See meenutab v\u00e4rskelt l\u00f5igatud \u201cT\u00fcrgi mett\u201d, millel on kerge p\u00e4hklite ja mandlite maitse, ning kutsub teid anduma. T\u00e4psustage seda eriala kriipsukese koorega!<\/p>\n<p><strong>Koostisosad<\/strong><strong style=\"font-size: 14.4px;\">\u00a0\/ Ingredients:<\/strong><span style=\"font-size: 14.4px;\"> Rohelised kohvid nii Colombia parimatest k\u00f5rgm\u00e4estikuistandustest kui ka p\u00e4ikese k\u00e4es suudetud Brasiilia n\u00f5lvadelt. (toored kohvid (100% araabika))<\/span><\/p>\n<p>Green coffees from the best highland plantations of Colombia as well as from the sun-kissed slopes of Brazila.(raw coffees (100 % Arabica))<\/p>\n<p><strong>Ettevalmistus \/ Preparation:<\/strong><\/p>","protected":false},"excerpt":{"rendered":"<p>Tootekirjeldus \/ Product Description: Coffee &#8220;Turkish Honey&#8221; &#8211; (coffee beans) Origin and Plantation Green coffees from the best highland plantations of Colombia as well as from the sun-kissed slopes of Brazil are combined with a deliciously soft flavour. An exceptional taste experience for demanding coffee lovers. This flavoured speciality becomes an absolute indulgence thanks to [&#8230;]\n","protected":false},"featured_media":2737,"comment_status":"open","ping_status":"closed","template":"","meta":[],"product_brand":[],"product_cat":[70,106],"product_tag":[],"class_list":{"0":"post-1980","1":"product","2":"type-product","3":"status-publish","4":"has-post-thumbnail","6":"product_cat-coffee","7":"product_cat-flavoured-coffee","9":"first","10":"instock","11":"taxable","12":"shipping-taxable","13":"purchasable","14":"product-type-variable","15":"has-default-attributes"},"_links":{"self":[{"href":"https:\/\/www.balticroad.eu\/et\/wp-json\/wp\/v2\/product\/1980","targetHints":{"allow":["GET"]}}],"collection":[{"href":"https:\/\/www.balticroad.eu\/et\/wp-json\/wp\/v2\/product"}],"about":[{"href":"https:\/\/www.balticroad.eu\/et\/wp-json\/wp\/v2\/types\/product"}],"replies":[{"embeddable":true,"href":"https:\/\/www.balticroad.eu\/et\/wp-json\/wp\/v2\/comments?post=1980"}],"wp:featuredmedia":[{"embeddable":true,"href":"https:\/\/www.balticroad.eu\/et\/wp-json\/wp\/v2\/media\/2737"}],"wp:attachment":[{"href":"https:\/\/www.balticroad.eu\/et\/wp-json\/wp\/v2\/media?parent=1980"}],"wp:term":[{"taxonomy":"product_brand","embeddable":true,"href":"https:\/\/www.balticroad.eu\/et\/wp-json\/wp\/v2\/product_brand?post=1980"},{"taxonomy":"product_cat","embeddable":true,"href":"https:\/\/www.balticroad.eu\/et\/wp-json\/wp\/v2\/product_cat?post=1980"},{"taxonomy":"product_tag","embeddable":true,"href":"https:\/\/www.balticroad.eu\/et\/wp-json\/wp\/v2\/product_tag?post=1980"}],"curies":[{"name":"wp","href":"https:\/\/api.w.org\/{rel}","templated":true}]}}