{"id":1974,"date":"2021-04-11T09:02:39","date_gmt":"2021-04-11T09:02:39","guid":{"rendered":"https:\/\/www.balticroad.eu\/?post_type=product&#038;p=1974"},"modified":"2025-06-19T18:48:56","modified_gmt":"2025-06-19T18:48:56","slug":"1974","status":"publish","type":"product","link":"https:\/\/www.balticroad.eu\/et\/toode\/1974\/","title":{"rendered":"Coffee Strawberry Cheese Cake"},"content":{"rendered":"<h2>Tootekirjeldus \/ Product Description:<\/h2>\n<ul>\n<li>Coffee Strawberry Cheese Cake&#8221; &#8211; (coffee beans)<\/li>\n<\/ul>\n<p>Origin and Plantation<br \/>\nFor this coffee creation only the very best coffee beans from Central and South America are chosen and gently roasted in our very own in-house roaster. The coffee\u2019s fine aromas create the perfect base for our Strawberry Cheesecake, which is wonderfully suited as companions to your favourite desserts.<\/p>\n<p>Character and Taste<br \/>\nThe flavours of fruity strawberries and creamy cheesecake merge in this wonderful creation and guarantee a taste experience at the highest level. This legendary, sweet experience will delight you &#8211; time and time again.<\/p>\n<ul>\n<li>Kohv &#8220;Kohv maasikajuustukook&#8221; &#8211; (kohvioad)<\/li>\n<\/ul>\n<p>P\u00e4ritolu ja istandus<br \/>\nSelle kohvi loomiseks valitakse v\u00e4lja vaid parimad Kesk- ja L\u00f5una-Ameerika kohvioad, mis on r\u00f6stitud \u00f5rnalt meie enda r\u00f6stijas. Kohvi peened aroomid loovad ideaalse aluse meie maasikajuustukoogile, mis sobib suurep\u00e4raselt teie lemmikmagustoitude kaaslasteks.<\/p>\n<p>Iseloom ja maitse<br \/>\nPuuviljade maasikate ja kreemja juustukoogi maitsed \u00fchinevad selles imelises loomingus ja tagavad maitseelamuse k\u00f5ige k\u00f5rgemal tasemel. See legendaarne armas kogemus r\u00f5\u00f5mustab teid &#8211; ikka ja j\u00e4lle.<\/p>\n<p><strong>Koostisosad \/ Ingredients:<\/strong> R\u00f6stitud kohv. Arabica kohv Kesk- ja L\u00f5una-Ameerikast (100% araabika).<br \/>\nRoasted coffee. Arabica coffee from Central and South America (100 % Arabica).<\/p>\n<p><strong>Ettevalmistus \/ Preparation:<\/strong><\/p>","protected":false},"excerpt":{"rendered":"<p>Tootekirjeldus \/ Product Description: Coffee Strawberry Cheese Cake&#8221; &#8211; (coffee beans) Origin and Plantation For this coffee creation only the very best coffee beans from Central and South America are chosen and gently roasted in our very own in-house roaster. The coffee\u2019s fine aromas create the perfect base for our Strawberry Cheesecake, which is wonderfully [&#8230;]\n","protected":false},"featured_media":2738,"comment_status":"open","ping_status":"closed","template":"","meta":[],"product_brand":[],"product_cat":[70,106],"product_tag":[],"class_list":{"0":"post-1974","1":"product","2":"type-product","3":"status-publish","4":"has-post-thumbnail","6":"product_cat-coffee","7":"product_cat-flavoured-coffee","9":"first","10":"instock","11":"taxable","12":"shipping-taxable","13":"purchasable","14":"product-type-variable","15":"has-default-attributes"},"_links":{"self":[{"href":"https:\/\/www.balticroad.eu\/et\/wp-json\/wp\/v2\/product\/1974","targetHints":{"allow":["GET"]}}],"collection":[{"href":"https:\/\/www.balticroad.eu\/et\/wp-json\/wp\/v2\/product"}],"about":[{"href":"https:\/\/www.balticroad.eu\/et\/wp-json\/wp\/v2\/types\/product"}],"replies":[{"embeddable":true,"href":"https:\/\/www.balticroad.eu\/et\/wp-json\/wp\/v2\/comments?post=1974"}],"wp:featuredmedia":[{"embeddable":true,"href":"https:\/\/www.balticroad.eu\/et\/wp-json\/wp\/v2\/media\/2738"}],"wp:attachment":[{"href":"https:\/\/www.balticroad.eu\/et\/wp-json\/wp\/v2\/media?parent=1974"}],"wp:term":[{"taxonomy":"product_brand","embeddable":true,"href":"https:\/\/www.balticroad.eu\/et\/wp-json\/wp\/v2\/product_brand?post=1974"},{"taxonomy":"product_cat","embeddable":true,"href":"https:\/\/www.balticroad.eu\/et\/wp-json\/wp\/v2\/product_cat?post=1974"},{"taxonomy":"product_tag","embeddable":true,"href":"https:\/\/www.balticroad.eu\/et\/wp-json\/wp\/v2\/product_tag?post=1974"}],"curies":[{"name":"wp","href":"https:\/\/api.w.org\/{rel}","templated":true}]}}