{"id":1967,"date":"2021-04-11T08:48:29","date_gmt":"2021-04-11T08:48:29","guid":{"rendered":"https:\/\/www.balticroad.eu\/?post_type=product&#038;p=1967"},"modified":"2025-06-19T18:49:40","modified_gmt":"2025-06-19T18:49:40","slug":"coffee-happy-hazelnut","status":"publish","type":"product","link":"https:\/\/www.balticroad.eu\/et\/toode\/coffee-happy-hazelnut\/","title":{"rendered":"Coffee &#8220;Happy Hazelnut&#8221;"},"content":{"rendered":"<h2>Tootekirjeldus \/ Product Description:<\/h2>\n<ul>\n<li>Coffee &#8220;Happy Hazelnut&#8221; &#8211; (coffee beans)<\/li>\n<\/ul>\n<p>Origin and Plantation<br \/>\nOur well-balanced flavoured roast coffee composition &#8220;Happy Hazelnut&#8221; is mild, fine and extra nutty &#8211; and it will surprise you! The carefully selected creation of exquisite types of Arabica coffee from Central and South America is a top product among our coffee specialities.<\/p>\n<p>Character and Taste<br \/>\nThe added hazelnut flavouring ideally complements the fine aroma of the coffee beans; an exciting taste experience for the coffee lover who likes variety! Tip: Serve &#8220;Happy Hazelnut&#8221; as the finishing touch to your dinner party<\/p>\n<ul>\n<li>Kohv &#8220;\u00d5nnelik sarapuup\u00e4hkel&#8221; &#8211; (kohvioad)<\/li>\n<\/ul>\n<p>P\u00e4ritolu ja istandus<br \/>\nMeie h\u00e4sti tasakaalustatud maitsestatud r\u00f6stitud kohvi koostis &#8220;\u00d5nnelik sarapuup\u00e4hkel&#8221; on mahe, peen ja eriti p\u00e4hkline &#8211; ja see \u00fcllatab teid! Kesk-ja L\u00f5una-Ameerikast p\u00e4rit araabika kohvi hoolikalt valitud t\u00fc\u00fcpide loomine on meie kohvi eritoodete hulgas tipptoode.<\/p>\n<p>Iseloom ja maitse<br \/>\nLisatud sarapuup\u00e4hklimaitseaine t\u00e4iendab ideaalselt kohviubade peent aroomi; p\u00f5nev maitseelamus vaheldust armastavale kohvis\u00f5brale! N\u00f5uanne: serveerige \u00f5htus\u00f6\u00f6gi viimase lihvina &#8220;\u00d5nnelikku sarapuup\u00e4hklit&#8221;<\/p>\n<p><strong>Koostisosad \/ Ingredients:<\/strong> R\u00f6stitud kohv. Arabica kohv Kesk- ja L\u00f5una-Ameerikast (100% araabika).<br \/>\nRoasted coffee. Arabica coffee from Central and South America (100 % Arabica).<\/p>\n<p><strong>Ettevalmistus \/ Preparation:<\/strong><\/p>","protected":false},"excerpt":{"rendered":"<p>Tootekirjeldus \/ Product Description: Coffee &#8220;Happy Hazelnut&#8221; &#8211; (coffee beans) Origin and Plantation Our well-balanced flavoured roast coffee composition &#8220;Happy Hazelnut&#8221; is mild, fine and extra nutty &#8211; and it will surprise you! The carefully selected creation of exquisite types of Arabica coffee from Central and South America is a top product among our coffee [&#8230;]\n","protected":false},"featured_media":2739,"comment_status":"open","ping_status":"closed","template":"","meta":[],"product_brand":[],"product_cat":[70,106],"product_tag":[],"class_list":{"0":"post-1967","1":"product","2":"type-product","3":"status-publish","4":"has-post-thumbnail","6":"product_cat-coffee","7":"product_cat-flavoured-coffee","9":"first","10":"instock","11":"taxable","12":"shipping-taxable","13":"purchasable","14":"product-type-variable","15":"has-default-attributes"},"_links":{"self":[{"href":"https:\/\/www.balticroad.eu\/et\/wp-json\/wp\/v2\/product\/1967","targetHints":{"allow":["GET"]}}],"collection":[{"href":"https:\/\/www.balticroad.eu\/et\/wp-json\/wp\/v2\/product"}],"about":[{"href":"https:\/\/www.balticroad.eu\/et\/wp-json\/wp\/v2\/types\/product"}],"replies":[{"embeddable":true,"href":"https:\/\/www.balticroad.eu\/et\/wp-json\/wp\/v2\/comments?post=1967"}],"wp:featuredmedia":[{"embeddable":true,"href":"https:\/\/www.balticroad.eu\/et\/wp-json\/wp\/v2\/media\/2739"}],"wp:attachment":[{"href":"https:\/\/www.balticroad.eu\/et\/wp-json\/wp\/v2\/media?parent=1967"}],"wp:term":[{"taxonomy":"product_brand","embeddable":true,"href":"https:\/\/www.balticroad.eu\/et\/wp-json\/wp\/v2\/product_brand?post=1967"},{"taxonomy":"product_cat","embeddable":true,"href":"https:\/\/www.balticroad.eu\/et\/wp-json\/wp\/v2\/product_cat?post=1967"},{"taxonomy":"product_tag","embeddable":true,"href":"https:\/\/www.balticroad.eu\/et\/wp-json\/wp\/v2\/product_tag?post=1967"}],"curies":[{"name":"wp","href":"https:\/\/api.w.org\/{rel}","templated":true}]}}