{"id":1960,"date":"2021-04-11T08:35:25","date_gmt":"2021-04-11T08:35:25","guid":{"rendered":"https:\/\/www.balticroad.eu\/?post_type=product&#038;p=1960"},"modified":"2025-06-19T18:50:31","modified_gmt":"2025-06-19T18:50:31","slug":"coffee-irish-cream","status":"publish","type":"product","link":"https:\/\/www.balticroad.eu\/et\/toode\/coffee-irish-cream\/","title":{"rendered":"Coffee &#8220;Irish Cream&#8221;"},"content":{"rendered":"<h2>Tootekirjeldus \/ Product Description:<\/h2>\n<ul>\n<li>Coffee &#8220;Irish Cream&#8221; &#8211; (coffee beans)<\/li>\n<\/ul>\n<p>Origin and Plantation<br \/>\nCarefully selected raw coffees (100 % Arabica) from the best highland locations form the basis for this famous and exciting coffee speciality.<\/p>\n<p>Character and Taste<br \/>\nMild and fine, but at the same time powerful and unusually gentle in taste. This coffee achieves its perfect creaminess if some cream is added and becomes an original Irish pleasure of the special kind. The long-lasting taste will also inspire you!<\/p>\n<ul>\n<li>kohv &#8220;Irish Cream&#8221; &#8211; (kohvioad)<\/li>\n<\/ul>\n<p>P\u00e4ritolu ja istandus<br \/>\nSelle kuulsa ja p\u00f5neva kohvi eriala aluseks on hoolikalt valitud toorkohvid (100% araabika) parimatest m\u00e4gismaalt.<\/p>\n<p>Iseloom ja maitse<br \/>\nMahe ja peen, kuid samas v\u00f5imas ja maitselt ebatavaliselt \u00f5rn. See kohv saavutab oma t\u00e4iusliku kreemisuse, kui lisada m\u00f5ni kreem, ja see muutub Iiri originaalseks eriliseks naudinguks. Kauakestev maitse inspireerib ka teid!<\/p>\n<p><strong>Koostisosad \/ Ingredients:<\/strong> R\u00f6stitud kohv. Hoolikalt valitud toorkohvid (100% araabika).<br \/>\nRoasted coffee. Carefully selected raw coffees (100 % Arabica).<\/p>\n<p><strong>Ettevalmistus \/ Preparation:<\/strong><\/p>","protected":false},"excerpt":{"rendered":"<p>Tootekirjeldus \/ Product Description: Coffee &#8220;Irish Cream&#8221; &#8211; (coffee beans) Origin and Plantation Carefully selected raw coffees (100 % Arabica) from the best highland locations form the basis for this famous and exciting coffee speciality. Character and Taste Mild and fine, but at the same time powerful and unusually gentle in taste. This coffee achieves [&#8230;]\n","protected":false},"featured_media":2740,"comment_status":"open","ping_status":"closed","template":"","meta":[],"product_brand":[],"product_cat":[70,106],"product_tag":[],"class_list":{"0":"post-1960","1":"product","2":"type-product","3":"status-publish","4":"has-post-thumbnail","6":"product_cat-coffee","7":"product_cat-flavoured-coffee","9":"first","10":"instock","11":"taxable","12":"shipping-taxable","13":"purchasable","14":"product-type-variable","15":"has-default-attributes"},"_links":{"self":[{"href":"https:\/\/www.balticroad.eu\/et\/wp-json\/wp\/v2\/product\/1960","targetHints":{"allow":["GET"]}}],"collection":[{"href":"https:\/\/www.balticroad.eu\/et\/wp-json\/wp\/v2\/product"}],"about":[{"href":"https:\/\/www.balticroad.eu\/et\/wp-json\/wp\/v2\/types\/product"}],"replies":[{"embeddable":true,"href":"https:\/\/www.balticroad.eu\/et\/wp-json\/wp\/v2\/comments?post=1960"}],"wp:featuredmedia":[{"embeddable":true,"href":"https:\/\/www.balticroad.eu\/et\/wp-json\/wp\/v2\/media\/2740"}],"wp:attachment":[{"href":"https:\/\/www.balticroad.eu\/et\/wp-json\/wp\/v2\/media?parent=1960"}],"wp:term":[{"taxonomy":"product_brand","embeddable":true,"href":"https:\/\/www.balticroad.eu\/et\/wp-json\/wp\/v2\/product_brand?post=1960"},{"taxonomy":"product_cat","embeddable":true,"href":"https:\/\/www.balticroad.eu\/et\/wp-json\/wp\/v2\/product_cat?post=1960"},{"taxonomy":"product_tag","embeddable":true,"href":"https:\/\/www.balticroad.eu\/et\/wp-json\/wp\/v2\/product_tag?post=1960"}],"curies":[{"name":"wp","href":"https:\/\/api.w.org\/{rel}","templated":true}]}}