{"id":1954,"date":"2021-04-11T08:19:29","date_gmt":"2021-04-11T08:19:29","guid":{"rendered":"https:\/\/www.balticroad.eu\/?post_type=product&#038;p=1954"},"modified":"2025-06-19T18:51:25","modified_gmt":"2025-06-19T18:51:25","slug":"coffee-marzipan-cappuccino","status":"publish","type":"product","link":"https:\/\/www.balticroad.eu\/et\/toode\/coffee-marzipan-cappuccino\/","title":{"rendered":"Coffee &#8220;Marzipan-Cappuccino&#8221;"},"content":{"rendered":"<h2>Tootekirjeldus \/ Product Description:<\/h2>\n<ul>\n<li>Coffee &#8220;Marzipan-Cappuccino&#8221; &#8211; (coffee beans)<\/li>\n<\/ul>\n<p>Origin and Plantation<br \/>\nThe base of our Marzipan Cappuccino is formed exclusively by sun-ripened, first class coffees from Central and South America, wich will impress coffee lovers from around the world with their very nice and smooth flavour.<\/p>\n<p>Character and Taste<br \/>\nThe very mild, creamy flavour of this coffee variety is in perfect harmony with the slightly tangy aroma of almonds. This combination with high quality Arabica beans offers coffee indulgence on the highest level. Suggestion: Add a dash of milk an let yourself be convinced by this unique flavour experience.<\/p>\n<ul>\n<li>kohv &#8220;Martsipan-Cappuccino&#8221; &#8211; (kohvioad)<\/li>\n<\/ul>\n<p>P\u00e4ritolu ja istandus<br \/>\nMeie martsipanist valmistatud cappuccino baasi moodustavad eranditult p\u00e4ikesek\u00fcpsenud esmaklassilised kohvid Kesk- ja L\u00f5una-Ameerikast, mis avaldavad muljet kogu maailma kohvis\u00f5pradele oma v\u00e4ga kena ja sileda maitsega.<\/p>\n<p>Iseloom ja maitse<br \/>\nSelle kohvisordi v\u00e4ga mahe, kreemjas maitse on ideaalses koosk\u00f5las mandlite kergelt tanguse aroomiga. See kombinatsioon kvaliteetsete araabika ubadega pakub kohvi j\u00e4releandmist k\u00f5ige k\u00f5rgemal tasemel. Soovitus: lisage kriips piima ja laske sellel ainulaadsel maitsekogemusel veenduda..<\/p>\n<p><strong>Koostisosad \/ Ingredients:<\/strong> r\u00f6stitud kohv (100% araabika), l\u00f5hna- ja maitseaine.<br \/>\nRoasted coffee (100% Arabica), flavouring. (100% Arabica beans)..<\/p>\n<p><strong>Ettevalmistus \/ Preparation:<\/strong><\/p>","protected":false},"excerpt":{"rendered":"<p>Tootekirjeldus \/ Product Description: Coffee &#8220;Marzipan-Cappuccino&#8221; &#8211; (coffee beans) Origin and Plantation The base of our Marzipan Cappuccino is formed exclusively by sun-ripened, first class coffees from Central and South America, wich will impress coffee lovers from around the world with their very nice and smooth flavour. Character and Taste The very mild, creamy flavour [&#8230;]\n","protected":false},"featured_media":2741,"comment_status":"open","ping_status":"closed","template":"","meta":[],"product_brand":[],"product_cat":[70,106],"product_tag":[],"class_list":{"0":"post-1954","1":"product","2":"type-product","3":"status-publish","4":"has-post-thumbnail","6":"product_cat-coffee","7":"product_cat-flavoured-coffee","9":"first","10":"instock","11":"taxable","12":"shipping-taxable","13":"purchasable","14":"product-type-variable","15":"has-default-attributes"},"_links":{"self":[{"href":"https:\/\/www.balticroad.eu\/et\/wp-json\/wp\/v2\/product\/1954","targetHints":{"allow":["GET"]}}],"collection":[{"href":"https:\/\/www.balticroad.eu\/et\/wp-json\/wp\/v2\/product"}],"about":[{"href":"https:\/\/www.balticroad.eu\/et\/wp-json\/wp\/v2\/types\/product"}],"replies":[{"embeddable":true,"href":"https:\/\/www.balticroad.eu\/et\/wp-json\/wp\/v2\/comments?post=1954"}],"wp:featuredmedia":[{"embeddable":true,"href":"https:\/\/www.balticroad.eu\/et\/wp-json\/wp\/v2\/media\/2741"}],"wp:attachment":[{"href":"https:\/\/www.balticroad.eu\/et\/wp-json\/wp\/v2\/media?parent=1954"}],"wp:term":[{"taxonomy":"product_brand","embeddable":true,"href":"https:\/\/www.balticroad.eu\/et\/wp-json\/wp\/v2\/product_brand?post=1954"},{"taxonomy":"product_cat","embeddable":true,"href":"https:\/\/www.balticroad.eu\/et\/wp-json\/wp\/v2\/product_cat?post=1954"},{"taxonomy":"product_tag","embeddable":true,"href":"https:\/\/www.balticroad.eu\/et\/wp-json\/wp\/v2\/product_tag?post=1954"}],"curies":[{"name":"wp","href":"https:\/\/api.w.org\/{rel}","templated":true}]}}