{"id":1947,"date":"2021-04-11T08:00:59","date_gmt":"2021-04-11T08:00:59","guid":{"rendered":"https:\/\/www.balticroad.eu\/?post_type=product&#038;p=1947"},"modified":"2025-06-19T18:52:15","modified_gmt":"2025-06-19T18:52:15","slug":"coffee-chili-chocolate","status":"publish","type":"product","link":"https:\/\/www.balticroad.eu\/et\/toode\/coffee-chili-chocolate\/","title":{"rendered":"Coffee &#8220;CHILI Chocolate&#8221;"},"content":{"rendered":"<h2>Tootekirjeldus \/ Product Description:<\/h2>\n<ul>\n<li>Coffee &#8220;Chilli Chocolate&#8221; &#8211; (coffee beans)<\/li>\n<\/ul>\n<p>Origin and Plantation<br \/>\nThis blend also presents only select Arabica beans, which have been gently refined in our own roaster. This composition will definitely offer you a unique taste experience.<\/p>\n<p>Character and Taste<br \/>\nThe full, strong aroma of dark chocolate, only to be followed by a pleasantly balanced spiciness, dominates the first impression. The natural sweetness of this carefully roasted coffee gives a subtle touch to this speciality and makes this coffee a must for all those who &#8220;like it hot&#8221;! The Aztecs were well aware of the effect of hot chilli matched with fine chocolate and rejoiced in this fiery &#8220;love potion&#8221;.<\/p>\n<ul>\n<li>kohv \u201cKohv &#8220;Chilli Chocolate&#8221;\u201d &#8211; (kohvioad)<\/li>\n<\/ul>\n<p>P\u00e4ritolu ja istandus<br \/>\nSelles segus pakutakse ka ainult valitud araabika ube, mida on meie enda r\u00f6stijas \u00f5rnalt viimistletud. See kompositsioon pakub teile kindlasti ainulaadset maitseelamust.<\/p>\n<p>Iseloom ja maitse<br \/>\nEsmamuljes domineerib tumeda \u0161okolaadi t\u00e4ielik, tugev aroom, millele j\u00e4rgneb ainult meeldivalt tasakaalustatud v\u00fcrtsikus. Selle hoolikalt r\u00f6stitud kohvi loomulik magusus annab sellele erip\u00e4rale peene puudutuse ja muudab selle kohvi kohustuslikuks k\u00f5igile neile, kellele see &#8220;kuumalt meeldib&#8221;! Asteegid olid h\u00e4sti teadlikud peene \u0161okolaadiga sobitatud kuuma t\u0161illi m\u00f5just ja r\u00f5\u00f5mustasid selle tulise &#8220;armujoogi&#8221; \u00fcle.<\/p>\n<p><strong>Koostisosad \/ Ingredients:<\/strong> Parimad m\u00e4gikohvid (100% araabika oad)<br \/>\nThe best mountain coffees (100% Arabica beans)..<\/p>\n<p><strong>Ettevalmistus \/ Preparation:<\/strong><\/p>","protected":false},"excerpt":{"rendered":"<p>Tootekirjeldus \/ Product Description: Coffee &#8220;Chilli Chocolate&#8221; &#8211; (coffee beans) Origin and Plantation This blend also presents only select Arabica beans, which have been gently refined in our own roaster. This composition will definitely offer you a unique taste experience. Character and Taste The full, strong aroma of dark chocolate, only to be followed by [&#8230;]\n","protected":false},"featured_media":2742,"comment_status":"open","ping_status":"closed","template":"","meta":[],"product_brand":[],"product_cat":[70,106],"product_tag":[],"class_list":{"0":"post-1947","1":"product","2":"type-product","3":"status-publish","4":"has-post-thumbnail","6":"product_cat-coffee","7":"product_cat-flavoured-coffee","9":"first","10":"instock","11":"taxable","12":"shipping-taxable","13":"purchasable","14":"product-type-variable","15":"has-default-attributes"},"_links":{"self":[{"href":"https:\/\/www.balticroad.eu\/et\/wp-json\/wp\/v2\/product\/1947","targetHints":{"allow":["GET"]}}],"collection":[{"href":"https:\/\/www.balticroad.eu\/et\/wp-json\/wp\/v2\/product"}],"about":[{"href":"https:\/\/www.balticroad.eu\/et\/wp-json\/wp\/v2\/types\/product"}],"replies":[{"embeddable":true,"href":"https:\/\/www.balticroad.eu\/et\/wp-json\/wp\/v2\/comments?post=1947"}],"wp:featuredmedia":[{"embeddable":true,"href":"https:\/\/www.balticroad.eu\/et\/wp-json\/wp\/v2\/media\/2742"}],"wp:attachment":[{"href":"https:\/\/www.balticroad.eu\/et\/wp-json\/wp\/v2\/media?parent=1947"}],"wp:term":[{"taxonomy":"product_brand","embeddable":true,"href":"https:\/\/www.balticroad.eu\/et\/wp-json\/wp\/v2\/product_brand?post=1947"},{"taxonomy":"product_cat","embeddable":true,"href":"https:\/\/www.balticroad.eu\/et\/wp-json\/wp\/v2\/product_cat?post=1947"},{"taxonomy":"product_tag","embeddable":true,"href":"https:\/\/www.balticroad.eu\/et\/wp-json\/wp\/v2\/product_tag?post=1947"}],"curies":[{"name":"wp","href":"https:\/\/api.w.org\/{rel}","templated":true}]}}