{"id":1940,"date":"2021-04-11T07:53:08","date_gmt":"2021-04-11T07:53:08","guid":{"rendered":"https:\/\/www.balticroad.eu\/?post_type=product&#038;p=1940"},"modified":"2025-06-19T18:53:05","modified_gmt":"2025-06-19T18:53:05","slug":"coffee-chocolate-cream","status":"publish","type":"product","link":"https:\/\/www.balticroad.eu\/et\/toode\/coffee-chocolate-cream\/","title":{"rendered":"Coffee \u201cChocolate Cream&#8221;"},"content":{"rendered":"<h2>Tootekirjeldus \/ Product Description:<\/h2>\n<ul>\n<li>Coffee \u201cChocolate Cream&#8221; &#8211; (coffee beans)<\/li>\n<\/ul>\n<p>Origin and Plantation<br \/>\nLike all our flavoured coffees, &#8220;Chocolate Cream&#8221; is a high-quality composition of finest Arabica beans from South and Central America.<\/p>\n<p>Character and Taste<br \/>\nThis exquisite 100 % Arabica blend combines the expressive coffee and chocolate aroma to a lively and powerful taste experience. The matched blend of roasted coffees adds a pleasant sweetness to this aroma variety. A welcome change to afternoon tea.<\/p>\n<ul>\n<li>kohv \u201cKohv \u201c\u0160okolaadikreem\u201d &#8211; (kohvioad)<\/li>\n<\/ul>\n<p>P\u00e4ritolu ja istandus<br \/>\nNagu k\u00f5ik meie maitsekohvid, on ka \u0161okolaadikreem kvaliteetne koostis parimatest L\u00f5una-ja Kesk-Ameerikast p\u00e4rit araabika ubadest.<\/p>\n<p>Iseloom ja maitse<br \/>\nSee peen 100% araabika segu \u00fchendab ekspressiivse kohvi ja \u0161okolaadi aroomi elava ja v\u00f5imsa maitseelamusega. Sobiv segu r\u00f6stitud kohvidest lisab sellele aroomisordile meeldivat magusust. Tere tulemast vaheldust p\u00e4rastl\u00f5unateele.<\/p>\n<p><strong>Koostisosad \/ Ingredients:<\/strong> Parimad m\u00e4gikohvid (100% araabika oad)<br \/>\nThe best mountain coffees (100% Arabica beans)..<\/p>\n<p><strong>Ettevalmistus \/ Preparation:<\/strong><\/p>","protected":false},"excerpt":{"rendered":"<p>Tootekirjeldus \/ Product Description: Coffee \u201cChocolate Cream&#8221; &#8211; (coffee beans) Origin and Plantation Like all our flavoured coffees, &#8220;Chocolate Cream&#8221; is a high-quality composition of finest Arabica beans from South and Central America. Character and Taste This exquisite 100 % Arabica blend combines the expressive coffee and chocolate aroma to a lively and powerful taste [&#8230;]\n","protected":false},"featured_media":2743,"comment_status":"open","ping_status":"closed","template":"","meta":[],"product_brand":[],"product_cat":[70,106],"product_tag":[],"class_list":{"0":"post-1940","1":"product","2":"type-product","3":"status-publish","4":"has-post-thumbnail","6":"product_cat-coffee","7":"product_cat-flavoured-coffee","9":"first","10":"instock","11":"taxable","12":"shipping-taxable","13":"purchasable","14":"product-type-variable","15":"has-default-attributes"},"_links":{"self":[{"href":"https:\/\/www.balticroad.eu\/et\/wp-json\/wp\/v2\/product\/1940","targetHints":{"allow":["GET"]}}],"collection":[{"href":"https:\/\/www.balticroad.eu\/et\/wp-json\/wp\/v2\/product"}],"about":[{"href":"https:\/\/www.balticroad.eu\/et\/wp-json\/wp\/v2\/types\/product"}],"replies":[{"embeddable":true,"href":"https:\/\/www.balticroad.eu\/et\/wp-json\/wp\/v2\/comments?post=1940"}],"wp:featuredmedia":[{"embeddable":true,"href":"https:\/\/www.balticroad.eu\/et\/wp-json\/wp\/v2\/media\/2743"}],"wp:attachment":[{"href":"https:\/\/www.balticroad.eu\/et\/wp-json\/wp\/v2\/media?parent=1940"}],"wp:term":[{"taxonomy":"product_brand","embeddable":true,"href":"https:\/\/www.balticroad.eu\/et\/wp-json\/wp\/v2\/product_brand?post=1940"},{"taxonomy":"product_cat","embeddable":true,"href":"https:\/\/www.balticroad.eu\/et\/wp-json\/wp\/v2\/product_cat?post=1940"},{"taxonomy":"product_tag","embeddable":true,"href":"https:\/\/www.balticroad.eu\/et\/wp-json\/wp\/v2\/product_tag?post=1940"}],"curies":[{"name":"wp","href":"https:\/\/api.w.org\/{rel}","templated":true}]}}