{"id":1931,"date":"2021-04-09T08:30:39","date_gmt":"2021-04-09T08:30:39","guid":{"rendered":"https:\/\/www.balticroad.eu\/?post_type=product&#038;p=1931"},"modified":"2025-06-19T18:53:49","modified_gmt":"2025-06-19T18:53:49","slug":"coffee-almond-cherry-chocolatecopy","status":"publish","type":"product","link":"https:\/\/www.balticroad.eu\/et\/toode\/coffee-almond-cherry-chocolatecopy\/","title":{"rendered":"Coffee \u201cAlmond-Cherry-Chocolate\u201d"},"content":{"rendered":"<h2>Tootekirjeldus \/ Product Description:<\/h2>\n<ul>\n<li>Coffee \u201cAlmond-Cherry-Chocolate&#8221; &#8211; (coffee beans)<\/li>\n<\/ul>\n<p>Origin and Plantation<br \/>\nFinest highland coffees (100 % Arabica beans), roasted carefully and at low temperatures in our own roastery, form the base of this excellent coffee creation.<br \/>\nCharacter and Taste<br \/>\nA perfect combination of flavours of sun-ripened cherries, coated in chocolate, with a hint of almond. This taste experience will remind you of a noble praline and will delight you.<\/p>\n<ul>\n<li>kohv \u201cmandli-kirsi-\u0161okolaad &#8211; (kohvioad)<\/li>\n<\/ul>\n<p>P\u00e4ritolu ja istandus<br \/>\nSelle suurep\u00e4rase kohviloomingu aluseks on parimad m\u00e4gikohvid (100% araabika oad), mis on r\u00f6stitud hoolikalt ja madalal temperatuuril meie enda r\u00f6stikojas.<br \/>\nIseloom ja maitse<br \/>\nT\u00e4iuslik kombinatsioon \u0161okolaadiga kaetud p\u00e4ikesek\u00fcpsetest kirssidest, mandlil\u00f5hnaga. See maitseelamus meenutab teile \u00f5ilsat pralineed ja r\u00f5\u00f5mustab teid.<\/p>\n<p><strong>Koostisosad \/ Ingredients:<\/strong> Parimad m\u00e4gikohvid (100% araabika oad)<br \/>\nThe best mountain coffees (100% Arabica beans)..<\/p>\n<p><strong>Ettevalmistus \/ Preparation:<\/strong><\/p>","protected":false},"excerpt":{"rendered":"<p>Tootekirjeldus \/ Product Description: Coffee \u201cAlmond-Cherry-Chocolate&#8221; &#8211; (coffee beans) Origin and Plantation Finest highland coffees (100 % Arabica beans), roasted carefully and at low temperatures in our own roastery, form the base of this excellent coffee creation. Character and Taste A perfect combination of flavours of sun-ripened cherries, coated in chocolate, with a hint of [&#8230;]\n","protected":false},"featured_media":2744,"comment_status":"open","ping_status":"closed","template":"","meta":[],"product_brand":[],"product_cat":[70,106],"product_tag":[],"class_list":{"0":"post-1931","1":"product","2":"type-product","3":"status-publish","4":"has-post-thumbnail","6":"product_cat-coffee","7":"product_cat-flavoured-coffee","9":"first","10":"instock","11":"taxable","12":"shipping-taxable","13":"purchasable","14":"product-type-variable","15":"has-default-attributes"},"_links":{"self":[{"href":"https:\/\/www.balticroad.eu\/et\/wp-json\/wp\/v2\/product\/1931","targetHints":{"allow":["GET"]}}],"collection":[{"href":"https:\/\/www.balticroad.eu\/et\/wp-json\/wp\/v2\/product"}],"about":[{"href":"https:\/\/www.balticroad.eu\/et\/wp-json\/wp\/v2\/types\/product"}],"replies":[{"embeddable":true,"href":"https:\/\/www.balticroad.eu\/et\/wp-json\/wp\/v2\/comments?post=1931"}],"wp:featuredmedia":[{"embeddable":true,"href":"https:\/\/www.balticroad.eu\/et\/wp-json\/wp\/v2\/media\/2744"}],"wp:attachment":[{"href":"https:\/\/www.balticroad.eu\/et\/wp-json\/wp\/v2\/media?parent=1931"}],"wp:term":[{"taxonomy":"product_brand","embeddable":true,"href":"https:\/\/www.balticroad.eu\/et\/wp-json\/wp\/v2\/product_brand?post=1931"},{"taxonomy":"product_cat","embeddable":true,"href":"https:\/\/www.balticroad.eu\/et\/wp-json\/wp\/v2\/product_cat?post=1931"},{"taxonomy":"product_tag","embeddable":true,"href":"https:\/\/www.balticroad.eu\/et\/wp-json\/wp\/v2\/product_tag?post=1931"}],"curies":[{"name":"wp","href":"https:\/\/api.w.org\/{rel}","templated":true}]}}