{"id":1694,"date":"2021-03-20T16:38:37","date_gmt":"2021-03-20T16:38:37","guid":{"rendered":"https:\/\/www.balticroad.eu\/?post_type=product&#038;p=1694"},"modified":"2025-06-20T13:06:33","modified_gmt":"2025-06-20T13:06:33","slug":"karkade-hibiscus","status":"publish","type":"product","link":"https:\/\/www.balticroad.eu\/et\/toode\/karkade-hibiscus\/","title":{"rendered":"Karkade (Hibiscus)"},"content":{"rendered":"<h2>Tootekirjeldus \/ Product Description:<\/h2>\n<p>Karkade \u2013 p\u00e4ikesek\u00fcllastes, \u00f6koloogiliselt puhastes Sudaani ja Egiptuse orgudes kasvav \u00f5is. Karkade sisaldab palju<br \/>\nvitamiine, suurep\u00e4raselt toniseerib. K\u00e4esolev tee normaliseerib verer\u00f5hku, tugevdab veresoonte seinakesi, edentab toksiinide ja raskete metallide organismist v\u00e4ljaviimist. Suurep\u00e4raselt kustutab janu.<\/p>\n<p><span class=\"VIiyi\" lang=\"en\"><span class=\"JLqJ4b ChMk0b\" data-language-for-alternatives=\"en\" data-language-to-translate-into=\"auto\" data-phrase-index=\"0\">Karkade &#8211; a flower growing in the sunny, ecologically clean valleys of Sudan and Egypt.<\/span> <span class=\"JLqJ4b ChMk0b\" data-language-for-alternatives=\"en\" data-language-to-translate-into=\"auto\" data-phrase-index=\"1\">The carcass contains a lot<\/span> <span class=\"JLqJ4b ChMk0b\" data-language-for-alternatives=\"en\" data-language-to-translate-into=\"auto\" data-phrase-index=\"3\">vitamins, perfectly tones.<\/span> <span class=\"JLqJ4b ChMk0b\" data-language-for-alternatives=\"en\" data-language-to-translate-into=\"auto\" data-phrase-index=\"4\">This tea normalizes blood pressure, strengthens blood vessel walls, promotes the removal of toxins and heavy metals from the body.<\/span> <span class=\"JLqJ4b ChMk0b\" data-language-for-alternatives=\"en\" data-language-to-translate-into=\"auto\" data-phrase-index=\"5\">Perfectly quenches thirst.<\/span><\/span><\/p>\n<p><strong>Koostisained \/ Ingredients:<\/strong> Karkade (Hibiscus) .<\/p>\n<p><strong>Ettevalmistus \/ Preparation:<\/strong><br \/>\nValmimisaeg 5 Min<br \/>\nVee temperatuur 100 \u00b0 C<br \/>\nTee kogus 1tl<\/p>","protected":false},"excerpt":{"rendered":"<p>Tootekirjeldus \/ Product Description: Karkade \u2013 p\u00e4ikesek\u00fcllastes, \u00f6koloogiliselt puhastes Sudaani ja Egiptuse orgudes kasvav \u00f5is. Karkade sisaldab palju vitamiine, suurep\u00e4raselt toniseerib. K\u00e4esolev tee normaliseerib verer\u00f5hku, tugevdab veresoonte seinakesi, edentab toksiinide ja raskete metallide organismist v\u00e4ljaviimist. Suurep\u00e4raselt kustutab janu. Karkade &#8211; a flower growing in the sunny, ecologically clean valleys of Sudan and Egypt. The carcass [&#8230;]\n","protected":false},"featured_media":1698,"comment_status":"open","ping_status":"closed","template":"","meta":[],"product_brand":[],"product_cat":[93,68],"product_tag":[],"class_list":{"0":"post-1694","1":"product","2":"type-product","3":"status-publish","4":"has-post-thumbnail","6":"product_cat-herbal-teas-fruit-teas","7":"product_cat-tea","9":"first","10":"instock","11":"taxable","12":"shipping-taxable","13":"purchasable","14":"product-type-variable"},"_links":{"self":[{"href":"https:\/\/www.balticroad.eu\/et\/wp-json\/wp\/v2\/product\/1694","targetHints":{"allow":["GET"]}}],"collection":[{"href":"https:\/\/www.balticroad.eu\/et\/wp-json\/wp\/v2\/product"}],"about":[{"href":"https:\/\/www.balticroad.eu\/et\/wp-json\/wp\/v2\/types\/product"}],"replies":[{"embeddable":true,"href":"https:\/\/www.balticroad.eu\/et\/wp-json\/wp\/v2\/comments?post=1694"}],"wp:featuredmedia":[{"embeddable":true,"href":"https:\/\/www.balticroad.eu\/et\/wp-json\/wp\/v2\/media\/1698"}],"wp:attachment":[{"href":"https:\/\/www.balticroad.eu\/et\/wp-json\/wp\/v2\/media?parent=1694"}],"wp:term":[{"taxonomy":"product_brand","embeddable":true,"href":"https:\/\/www.balticroad.eu\/et\/wp-json\/wp\/v2\/product_brand?post=1694"},{"taxonomy":"product_cat","embeddable":true,"href":"https:\/\/www.balticroad.eu\/et\/wp-json\/wp\/v2\/product_cat?post=1694"},{"taxonomy":"product_tag","embeddable":true,"href":"https:\/\/www.balticroad.eu\/et\/wp-json\/wp\/v2\/product_tag?post=1694"}],"curies":[{"name":"wp","href":"https:\/\/api.w.org\/{rel}","templated":true}]}}