{"id":1678,"date":"2021-03-17T20:39:28","date_gmt":"2021-03-17T20:39:28","guid":{"rendered":"https:\/\/www.balticroad.eu\/?post_type=product&#038;p=1678"},"modified":"2025-11-05T19:08:51","modified_gmt":"2025-11-05T19:08:51","slug":"marshmallow-fruit-tea","status":"publish","type":"product","link":"https:\/\/www.balticroad.eu\/et\/toode\/marshmallow-fruit-tea\/","title":{"rendered":"Marshmallow fruit tea"},"content":{"rendered":"<h2>Tootekirjeldus \/ Product Description:<\/h2>\n<p>See puuviljatee on madala happesisaldusega, selge magususega ja s\u00e4rava, s\u00e4rava roosa tassiga. See kompositsioon ei ole ainult t\u00fcdrukute unistuste t\u00e4itumine, see v\u00f5rgutab oma magusa kommil\u00f5hna ja mahlakaste k\u00fcpsete vaarikate l\u00f5hnaga iga maiasmokka. K\u00fclmalt nauditud, see on omaette muinasjutt.<\/p>\n<p>This fruit tea is low in acid, has a distinct sweetness and a bright, shining, pink cup. This composition is not only a girl\u2019s dream come true, it will seduce every sweet tooth on the block with its scent of sweet candyfloss and fruity, ripe raspberries. Enjoyed cold, it is a fairy-tale in itself.<\/p>\n<p><strong>Koostisained \/ Ingredients:<\/strong><\/p>\n<p>ananassikuubikud (ananass, suhkur), \u00f5unat\u00fckid, lillad draakonikuubikud (draakonipuu, riisijahu), vahukommid (gl\u00fckoosi-fruktoosisiirup, suhkur, vesi, \u017eelatiin, maisit\u00e4rklis, looduslik l\u00f5hna- ja maitseaine), looduslik maitseaine, k\u00fclmkuivatatud vaarikat\u00fckid.<\/p>\n<p>&nbsp;<\/p>\n<p><strong>Ettevalmistus \/ Preparation:<\/strong><\/p>\n<p>Valmistamisaeg 10-12 minutit<br \/>\n100\u00b0C vee temperatuur<br \/>\n4-5 tl\/1 liiter T\u00e4htis: pruulige alati keeva veega ja laske 5-10 minutit t\u00f5mmata, et saada perfektne jook!<\/p>\n<p>10-12 minutes brewing time<br \/>\n100\u00b0 C water temperature<br \/>\n4-5 heaped tsp.\/1 litre<\/p>","protected":false},"excerpt":{"rendered":"<p>Tootekirjeldus \/ Product Description: See puuviljatee on madala happesisaldusega, selge magususega ja s\u00e4rava, s\u00e4rava roosa tassiga. See kompositsioon ei ole ainult t\u00fcdrukute unistuste t\u00e4itumine, see v\u00f5rgutab oma magusa kommil\u00f5hna ja mahlakaste k\u00fcpsete vaarikate l\u00f5hnaga iga maiasmokka. K\u00fclmalt nauditud, see on omaette muinasjutt. This fruit tea is low in acid, has a distinct sweetness and a [&#8230;]\n","protected":false},"featured_media":2750,"comment_status":"open","ping_status":"closed","template":"","meta":[],"product_brand":[],"product_cat":[93,68],"product_tag":[],"class_list":{"0":"post-1678","1":"product","2":"type-product","3":"status-publish","4":"has-post-thumbnail","6":"product_cat-herbal-teas-fruit-teas","7":"product_cat-tea","9":"first","10":"instock","11":"taxable","12":"shipping-taxable","13":"purchasable","14":"product-type-variable"},"_links":{"self":[{"href":"https:\/\/www.balticroad.eu\/et\/wp-json\/wp\/v2\/product\/1678","targetHints":{"allow":["GET"]}}],"collection":[{"href":"https:\/\/www.balticroad.eu\/et\/wp-json\/wp\/v2\/product"}],"about":[{"href":"https:\/\/www.balticroad.eu\/et\/wp-json\/wp\/v2\/types\/product"}],"replies":[{"embeddable":true,"href":"https:\/\/www.balticroad.eu\/et\/wp-json\/wp\/v2\/comments?post=1678"}],"wp:featuredmedia":[{"embeddable":true,"href":"https:\/\/www.balticroad.eu\/et\/wp-json\/wp\/v2\/media\/2750"}],"wp:attachment":[{"href":"https:\/\/www.balticroad.eu\/et\/wp-json\/wp\/v2\/media?parent=1678"}],"wp:term":[{"taxonomy":"product_brand","embeddable":true,"href":"https:\/\/www.balticroad.eu\/et\/wp-json\/wp\/v2\/product_brand?post=1678"},{"taxonomy":"product_cat","embeddable":true,"href":"https:\/\/www.balticroad.eu\/et\/wp-json\/wp\/v2\/product_cat?post=1678"},{"taxonomy":"product_tag","embeddable":true,"href":"https:\/\/www.balticroad.eu\/et\/wp-json\/wp\/v2\/product_tag?post=1678"}],"curies":[{"name":"wp","href":"https:\/\/api.w.org\/{rel}","templated":true}]}}