{"id":1673,"date":"2021-03-17T20:13:24","date_gmt":"2021-03-17T20:13:24","guid":{"rendered":"https:\/\/www.balticroad.eu\/?post_type=product&#038;p=1673"},"modified":"2025-06-20T13:11:58","modified_gmt":"2025-06-20T13:11:58","slug":"assam-harmutty-sftgfop1-must-tea","status":"publish","type":"product","link":"https:\/\/www.balticroad.eu\/et\/toode\/assam-harmutty-sftgfop1-must-tea\/","title":{"rendered":"Assam Harmutty SFTGFOP1 Must tee"},"content":{"rendered":"<h2>Tootekirjeldus \/ Product Description:<\/h2>\n<p>See on meeldivalt v\u00fcrtsikas Iindia lehetee, millel on palju kuldseid otste ja peenelt viimistletud leht.<br \/>\nPiirkonnas r\u00e4\u00e4gitud legendi kohaselt tuleneb selle teeaia nimi kuninganna Hiramatilt, kuningas Arimata naiselt, kelle kuningriik arvatakse olevat asunud Assami alampiirkonnas. Harmutty on \u00fcks Assami parimatest teem\u00f5isatest<\/p>\n<p>This is a pleasantly spicy leaf tea with many golden tips and a finely crafted leaf.<br \/>\nAccording to a legend told in the area, the name of this tea garden derives from Queen Hiramati, the wife of King Arimata, whose kingdom is believed to have been in lower Assam. Harmutty is one of Assam&#8217;s finest tea estates.<\/p>\n<ul>\n<li style=\"list-style-type: none;\">\n<ul><!-- --><\/p>\n<li>contain several unique plant compounds, including theaflavins, thearubigins, and catechins, which function as antioxidants in your body and may play a role in disease prevention<\/li>\n<li><\/li>\n<\/ul>\n<ul>\n<li><strong> Koostisosad \/ Ingredients: <\/strong><\/li>\n<li>Puhas Iindia must tee &#8211; pure india black tea<\/li>\n<li><\/li>\n<\/ul>\n<\/li>\n<li><strong>Ettevalmistus \/ Preparation<\/strong>:<\/li>\n<li>2 g \/ 200 ml keeva veega, infusiooniaeg 3 kuni 5 minutit<\/li>\n<li>2 g \/ 200 ml boiling water, 3 to 5 minutes infusion time<\/li>\n<\/ul>","protected":false},"excerpt":{"rendered":"<p>Tootekirjeldus \/ Product Description: See on meeldivalt v\u00fcrtsikas Iindia lehetee, millel on palju kuldseid otste ja peenelt viimistletud leht. Piirkonnas r\u00e4\u00e4gitud legendi kohaselt tuleneb selle teeaia nimi kuninganna Hiramatilt, kuningas Arimata naiselt, kelle kuningriik arvatakse olevat asunud Assami alampiirkonnas. Harmutty on \u00fcks Assami parimatest teem\u00f5isatest This is a pleasantly spicy leaf tea with many golden [&#8230;]\n","protected":false},"featured_media":1677,"comment_status":"open","ping_status":"closed","template":"","meta":[],"product_brand":[],"product_cat":[91,68],"product_tag":[],"class_list":{"0":"post-1673","1":"product","2":"type-product","3":"status-publish","4":"has-post-thumbnail","6":"product_cat-black-tea","7":"product_cat-tea","9":"first","10":"instock","11":"taxable","12":"shipping-taxable","13":"purchasable","14":"product-type-variable"},"_links":{"self":[{"href":"https:\/\/www.balticroad.eu\/et\/wp-json\/wp\/v2\/product\/1673","targetHints":{"allow":["GET"]}}],"collection":[{"href":"https:\/\/www.balticroad.eu\/et\/wp-json\/wp\/v2\/product"}],"about":[{"href":"https:\/\/www.balticroad.eu\/et\/wp-json\/wp\/v2\/types\/product"}],"replies":[{"embeddable":true,"href":"https:\/\/www.balticroad.eu\/et\/wp-json\/wp\/v2\/comments?post=1673"}],"wp:featuredmedia":[{"embeddable":true,"href":"https:\/\/www.balticroad.eu\/et\/wp-json\/wp\/v2\/media\/1677"}],"wp:attachment":[{"href":"https:\/\/www.balticroad.eu\/et\/wp-json\/wp\/v2\/media?parent=1673"}],"wp:term":[{"taxonomy":"product_brand","embeddable":true,"href":"https:\/\/www.balticroad.eu\/et\/wp-json\/wp\/v2\/product_brand?post=1673"},{"taxonomy":"product_cat","embeddable":true,"href":"https:\/\/www.balticroad.eu\/et\/wp-json\/wp\/v2\/product_cat?post=1673"},{"taxonomy":"product_tag","embeddable":true,"href":"https:\/\/www.balticroad.eu\/et\/wp-json\/wp\/v2\/product_tag?post=1673"}],"curies":[{"name":"wp","href":"https:\/\/api.w.org\/{rel}","templated":true}]}}