{"id":1668,"date":"2021-03-17T17:25:20","date_gmt":"2021-03-17T17:25:20","guid":{"rendered":"https:\/\/www.balticroad.eu\/?post_type=product&#038;p=1668"},"modified":"2025-06-20T13:13:12","modified_gmt":"2025-06-20T13:13:12","slug":"astelpaju-puuvilja-tee-bucktorn-fruit-tea","status":"publish","type":"product","link":"https:\/\/www.balticroad.eu\/et\/toode\/astelpaju-puuvilja-tee-bucktorn-fruit-tea\/","title":{"rendered":"ASTELPAJU PUUVILJA TEE \/ Sea Buckthorn Fruit Tea"},"content":{"rendered":"<h2>Tootekirjeldus \/ Product Description:<\/h2>\n<p>See erakordne mari on leidnud kasvavat huvi mujal maailmas. Astelpaju on v\u00e4ga mitmek\u00fclgne taim. See ei vaja kasvamiseks rikkalikku mulda ja seet\u00f5ttu kasutatakse seda tammide ja luidete vormis hoidmiseks. Astelpaju positiivne m\u00f5ju on Aasias teada juba \u00fcle 2000 aasta. Marja on v\u00e4ga mahlarikas ja ereoran\u017ei v\u00e4rvusega. Maitse on kergelt kirbe, tunda magusust. Meie valitud puuviljateep\u00f5hja \u00fcllatav, kuid siiski tuttav maitse on t\u00f5eline maiuspala nii noortele kui vanadele.<\/p>\n<p>This extraordinary berry has found increasing interest in other parts of the world. The sea buckthorn is a very versatile plant. It does not need rich soil to grow, and is, therefore, used to keep dams and dunes in shape. The sea buckthorn\u2019s positive effects have been known in Asia for over 2,000 years. The berry is very rich in juice and has a bright orange colour. The taste is slightly tangy with a hint of sweetness. The surprising, yet somehow familiar flavour on our select fruit tea base is a real treat for both young and old to enjoy.<\/p>\n<p>ASTELPAJU PUUVILJA TEE \/ BUCKTORN FRUIT TEA<\/p>\n<p>Sea Buckthorn Fruit Tea<\/p>\n<p>&nbsp;<\/p>\n<p><strong>Koostisained\/Ingredients:<\/strong><\/p>\n<p>\u00f5unat\u00fckid, karkade, kibuvitsa koor, astelpaju, apelsinikoor, l\u00f5hna- ja maitseaine.<\/p>\n<p><span style=\"font-size: 14.4px;\">apple pieces, hibiscus blossoms, rose hip peel, sea buckthorn, orange peel, flavouring.<\/span><\/p>\n<p>&nbsp;<\/p>\n<p><strong>Ettevalmistus \/ Preparation:<\/strong><\/p>\n<p>10-12 minutit t\u00f5mbeaeg 100 \u00b0C vee temperatuur 4-5 tl liitri kohta. T\u00e4htis: pruulige alati keeva veega ja laske 5-10 minutit t\u00f5mmata, et saada ohutu joo<\/p>\n<p>10-12 minutes brewing time 100 \u00b0C water temperature 4-5 teaspoon per litre, Important: Always brew with boiling water and let infuse for 5-10 minutes in order to obtain a safe beverage<\/p>","protected":false},"excerpt":{"rendered":"<p>Tootekirjeldus \/ Product Description: See erakordne mari on leidnud kasvavat huvi mujal maailmas. Astelpaju on v\u00e4ga mitmek\u00fclgne taim. See ei vaja kasvamiseks rikkalikku mulda ja seet\u00f5ttu kasutatakse seda tammide ja luidete vormis hoidmiseks. Astelpaju positiivne m\u00f5ju on Aasias teada juba \u00fcle 2000 aasta. Marja on v\u00e4ga mahlarikas ja ereoran\u017ei v\u00e4rvusega. Maitse on kergelt kirbe, tunda [&#8230;]\n","protected":false},"featured_media":2752,"comment_status":"open","ping_status":"closed","template":"","meta":[],"product_brand":[],"product_cat":[93,68],"product_tag":[],"class_list":{"0":"post-1668","1":"product","2":"type-product","3":"status-publish","4":"has-post-thumbnail","6":"product_cat-herbal-teas-fruit-teas","7":"product_cat-tea","9":"first","10":"instock","11":"taxable","12":"shipping-taxable","13":"purchasable","14":"product-type-variable"},"_links":{"self":[{"href":"https:\/\/www.balticroad.eu\/et\/wp-json\/wp\/v2\/product\/1668","targetHints":{"allow":["GET"]}}],"collection":[{"href":"https:\/\/www.balticroad.eu\/et\/wp-json\/wp\/v2\/product"}],"about":[{"href":"https:\/\/www.balticroad.eu\/et\/wp-json\/wp\/v2\/types\/product"}],"replies":[{"embeddable":true,"href":"https:\/\/www.balticroad.eu\/et\/wp-json\/wp\/v2\/comments?post=1668"}],"wp:featuredmedia":[{"embeddable":true,"href":"https:\/\/www.balticroad.eu\/et\/wp-json\/wp\/v2\/media\/2752"}],"wp:attachment":[{"href":"https:\/\/www.balticroad.eu\/et\/wp-json\/wp\/v2\/media?parent=1668"}],"wp:term":[{"taxonomy":"product_brand","embeddable":true,"href":"https:\/\/www.balticroad.eu\/et\/wp-json\/wp\/v2\/product_brand?post=1668"},{"taxonomy":"product_cat","embeddable":true,"href":"https:\/\/www.balticroad.eu\/et\/wp-json\/wp\/v2\/product_cat?post=1668"},{"taxonomy":"product_tag","embeddable":true,"href":"https:\/\/www.balticroad.eu\/et\/wp-json\/wp\/v2\/product_tag?post=1668"}],"curies":[{"name":"wp","href":"https:\/\/api.w.org\/{rel}","templated":true}]}}