{"id":1486,"date":"2021-02-09T07:10:42","date_gmt":"2021-02-09T07:10:42","guid":{"rendered":"https:\/\/www.balticroad.eu\/?post_type=product&#038;p=1486"},"modified":"2024-01-01T14:20:36","modified_gmt":"2024-01-01T14:20:36","slug":"mandli-ouna-puuvilja-tee","status":"publish","type":"product","link":"https:\/\/www.balticroad.eu\/et\/toode\/mandli-ouna-puuvilja-tee\/","title":{"rendered":"Mandli-\u00f5una puuvilja tee"},"content":{"rendered":"<h2>Tootekirjeldus \/ Product Description:<\/h2>\n<p>Topsile j\u00f5uluturu enimm\u00fc\u00fcdud. Tasakaalustatud maitsed v\u00e4hese happesusega.<\/p>\n<p>The best-seller from the Christmas market for the cup. Balanced flavours with little acidity.<\/p>\n<p><strong>Koostisained \/ Ingredients:<\/strong><\/p>\n<p>\u00d5una-,mandli-, peedit\u00fckid, kaneel, kibuvitsa marjad, l\u00f5hna-ja maitseaine<br \/>\nApple pieces, almonds, beetroot, cinnamon<br \/>\npieces, rosehip peel, flavouring<\/p>\n<p><strong>Ettevalmistus \/ Preparation:<\/strong><\/p>\n<p>6\/8 min Temperatuur: 100 \u00b0C Doseerimine: 4-5 t.s\/ 1 l.<\/p>\n<p>6\/8 min <strong>Temperature:<\/strong>\u00a0100 \u00b0C\u00a0<strong>Dosage:<\/strong>\u00a04-5 t.s\/ 1 l.<\/p>","protected":false},"excerpt":{"rendered":"<p>Tootekirjeldus \/ Product Description: Topsile j\u00f5uluturu enimm\u00fc\u00fcdud. Tasakaalustatud maitsed v\u00e4hese happesusega. The best-seller from the Christmas market for the cup. Balanced flavours with little acidity. Koostisained \/ Ingredients: \u00d5una-,mandli-, peedit\u00fckid, kaneel, kibuvitsa marjad, l\u00f5hna-ja maitseaine Apple pieces, almonds, beetroot, cinnamon pieces, rosehip peel, flavouring Ettevalmistus \/ Preparation: 6\/8 min Temperatuur: 100 \u00b0C Doseerimine: 4-5 t.s\/ [&#8230;]\n","protected":false},"featured_media":1487,"comment_status":"open","ping_status":"closed","template":"","meta":[],"product_brand":[],"product_cat":[93,68],"product_tag":[],"class_list":{"0":"post-1486","1":"product","2":"type-product","3":"status-publish","4":"has-post-thumbnail","6":"product_cat-herbal-teas-fruit-teas","7":"product_cat-tea","9":"first","10":"instock","11":"sale","12":"taxable","13":"shipping-taxable","14":"purchasable","15":"product-type-variable"},"_links":{"self":[{"href":"https:\/\/www.balticroad.eu\/et\/wp-json\/wp\/v2\/product\/1486","targetHints":{"allow":["GET"]}}],"collection":[{"href":"https:\/\/www.balticroad.eu\/et\/wp-json\/wp\/v2\/product"}],"about":[{"href":"https:\/\/www.balticroad.eu\/et\/wp-json\/wp\/v2\/types\/product"}],"replies":[{"embeddable":true,"href":"https:\/\/www.balticroad.eu\/et\/wp-json\/wp\/v2\/comments?post=1486"}],"wp:featuredmedia":[{"embeddable":true,"href":"https:\/\/www.balticroad.eu\/et\/wp-json\/wp\/v2\/media\/1487"}],"wp:attachment":[{"href":"https:\/\/www.balticroad.eu\/et\/wp-json\/wp\/v2\/media?parent=1486"}],"wp:term":[{"taxonomy":"product_brand","embeddable":true,"href":"https:\/\/www.balticroad.eu\/et\/wp-json\/wp\/v2\/product_brand?post=1486"},{"taxonomy":"product_cat","embeddable":true,"href":"https:\/\/www.balticroad.eu\/et\/wp-json\/wp\/v2\/product_cat?post=1486"},{"taxonomy":"product_tag","embeddable":true,"href":"https:\/\/www.balticroad.eu\/et\/wp-json\/wp\/v2\/product_tag?post=1486"}],"curies":[{"name":"wp","href":"https:\/\/api.w.org\/{rel}","templated":true}]}}