{"id":1481,"date":"2021-02-09T06:57:35","date_gmt":"2021-02-09T06:57:35","guid":{"rendered":"https:\/\/www.balticroad.eu\/?post_type=product&#038;p=1481"},"modified":"2024-01-01T14:22:36","modified_gmt":"2024-01-01T14:22:36","slug":"feel-well-balanced","status":"publish","type":"product","link":"https:\/\/www.balticroad.eu\/et\/toode\/feel-well-balanced\/","title":{"rendered":"Feel Well Balanced  taimne tee"},"content":{"rendered":"<h2>Tootekirjeldus \/ Product Description:<\/h2>\n<p>Kreemjas, kerge kombinatsioon, kus kummel ja vanill on harmoonias.<\/p>\n<p>A creamy, light combination where camomile and vanilla are in harmony.<\/p>\n<p>&nbsp;<\/p>\n<p><strong>Koostisained \/ Ingredients:<\/strong><\/p>\n<p>rooibos, kummel (26%), \u017een\u0161enni juur, honeybush, sidrunimeliss,<br \/>\nfenkoliseemned,<br \/>\nsidrunhein, l\u00f5hna- ja maitseained,<\/p>\n<p>rooibos, camomile (26 %), honeybush, lemon balm, fennel, lemongrass, flavourings, ginseng root.<\/p>\n<p>&nbsp;<\/p>\n<p><strong>Ettevalmistus \/ Preparation:<\/strong>\u00a095\u00b0 \u2013 5\/6 min<\/p>","protected":false},"excerpt":{"rendered":"<p>Tootekirjeldus \/ Product Description: Kreemjas, kerge kombinatsioon, kus kummel ja vanill on harmoonias. A creamy, light combination where camomile and vanilla are in harmony. &nbsp; Koostisained \/ Ingredients: rooibos, kummel (26%), \u017een\u0161enni juur, honeybush, sidrunimeliss, fenkoliseemned, sidrunhein, l\u00f5hna- ja maitseained, rooibos, camomile (26 %), honeybush, lemon balm, fennel, lemongrass, flavourings, ginseng root. &nbsp; Ettevalmistus \/ [&#8230;]\n","protected":false},"featured_media":1485,"comment_status":"open","ping_status":"closed","template":"","meta":[],"product_brand":[],"product_cat":[93,68],"product_tag":[],"class_list":{"0":"post-1481","1":"product","2":"type-product","3":"status-publish","4":"has-post-thumbnail","6":"product_cat-herbal-teas-fruit-teas","7":"product_cat-tea","9":"first","10":"instock","11":"taxable","12":"shipping-taxable","13":"purchasable","14":"product-type-variable"},"_links":{"self":[{"href":"https:\/\/www.balticroad.eu\/et\/wp-json\/wp\/v2\/product\/1481","targetHints":{"allow":["GET"]}}],"collection":[{"href":"https:\/\/www.balticroad.eu\/et\/wp-json\/wp\/v2\/product"}],"about":[{"href":"https:\/\/www.balticroad.eu\/et\/wp-json\/wp\/v2\/types\/product"}],"replies":[{"embeddable":true,"href":"https:\/\/www.balticroad.eu\/et\/wp-json\/wp\/v2\/comments?post=1481"}],"wp:featuredmedia":[{"embeddable":true,"href":"https:\/\/www.balticroad.eu\/et\/wp-json\/wp\/v2\/media\/1485"}],"wp:attachment":[{"href":"https:\/\/www.balticroad.eu\/et\/wp-json\/wp\/v2\/media?parent=1481"}],"wp:term":[{"taxonomy":"product_brand","embeddable":true,"href":"https:\/\/www.balticroad.eu\/et\/wp-json\/wp\/v2\/product_brand?post=1481"},{"taxonomy":"product_cat","embeddable":true,"href":"https:\/\/www.balticroad.eu\/et\/wp-json\/wp\/v2\/product_cat?post=1481"},{"taxonomy":"product_tag","embeddable":true,"href":"https:\/\/www.balticroad.eu\/et\/wp-json\/wp\/v2\/product_tag?post=1481"}],"curies":[{"name":"wp","href":"https:\/\/api.w.org\/{rel}","templated":true}]}}