{"id":1475,"date":"2021-02-09T06:52:55","date_gmt":"2021-02-09T06:52:55","guid":{"rendered":"https:\/\/www.balticroad.eu\/?post_type=product&#038;p=1475"},"modified":"2025-06-20T13:17:07","modified_gmt":"2025-06-20T13:17:07","slug":"yoga-chai-2","status":"publish","type":"product","link":"https:\/\/www.balticroad.eu\/et\/toode\/yoga-chai-2\/","title":{"rendered":"Masala Chai \/ Yoga Chai"},"content":{"rendered":"<h2>Tootekirjeldus \/ Product Description:<\/h2>\n<p>Lonks lonksuks, see segu veenab tugeva kaneeli maitsega ja alguses sooja magususega, millele j\u00e4rgneb ingveri ja pipraga l\u00f5petuseks kerge v\u00fcrtsikus.<\/p>\n<p>Sip for sip, this blend convinces with a strong cinnamon flavour and a warm sweetness at the beginning followed by a slight spiciness in the finish thanks to ginger and pepper.<\/p>\n<p>Non-Flavoured Spice Blend<\/p>\n<p>&nbsp;<\/p>\n<p><strong>Koostisained \/ Ingredients:<\/strong><\/p>\n<p>Kaneelit\u00fckid*, ingverit\u00fckid*, kardemoniseemned*, nelk*, must pipar* (* Koostisosad mahetootmisest , Saksamaalt).<\/p>\n<p>Cinnamon pieces*, ginger pieces*,cardamom seeds*, cloves*, black pepper* (* Ingredients from organic production).<\/p>\n<p><strong>Ettevalmistus \/ Preparation:<\/strong><\/p>\n<p>Valmistamine: 95\u00b0 \u2013 5\/6 min 1-2 tl\/500 ml vett,keeta 20 min,lisa 0,5 l piima.Soovides mett. Preparation: Put 1 to 2 tbs of Yoga Tea into 500 ml of water and boil for 20 min. Add 500 ml of milk. If desired, sweeten with honey.<\/p>","protected":false},"excerpt":{"rendered":"<p>Tootekirjeldus \/ Product Description: Lonks lonksuks, see segu veenab tugeva kaneeli maitsega ja alguses sooja magususega, millele j\u00e4rgneb ingveri ja pipraga l\u00f5petuseks kerge v\u00fcrtsikus. Sip for sip, this blend convinces with a strong cinnamon flavour and a warm sweetness at the beginning followed by a slight spiciness in the finish thanks to ginger and pepper. [&#8230;]\n","protected":false},"featured_media":1479,"comment_status":"open","ping_status":"closed","template":"","meta":[],"product_brand":[],"product_cat":[93,68],"product_tag":[],"class_list":{"0":"post-1475","1":"product","2":"type-product","3":"status-publish","4":"has-post-thumbnail","6":"product_cat-herbal-teas-fruit-teas","7":"product_cat-tea","9":"first","10":"instock","11":"taxable","12":"shipping-taxable","13":"purchasable","14":"product-type-variable"},"_links":{"self":[{"href":"https:\/\/www.balticroad.eu\/et\/wp-json\/wp\/v2\/product\/1475","targetHints":{"allow":["GET"]}}],"collection":[{"href":"https:\/\/www.balticroad.eu\/et\/wp-json\/wp\/v2\/product"}],"about":[{"href":"https:\/\/www.balticroad.eu\/et\/wp-json\/wp\/v2\/types\/product"}],"replies":[{"embeddable":true,"href":"https:\/\/www.balticroad.eu\/et\/wp-json\/wp\/v2\/comments?post=1475"}],"wp:featuredmedia":[{"embeddable":true,"href":"https:\/\/www.balticroad.eu\/et\/wp-json\/wp\/v2\/media\/1479"}],"wp:attachment":[{"href":"https:\/\/www.balticroad.eu\/et\/wp-json\/wp\/v2\/media?parent=1475"}],"wp:term":[{"taxonomy":"product_brand","embeddable":true,"href":"https:\/\/www.balticroad.eu\/et\/wp-json\/wp\/v2\/product_brand?post=1475"},{"taxonomy":"product_cat","embeddable":true,"href":"https:\/\/www.balticroad.eu\/et\/wp-json\/wp\/v2\/product_cat?post=1475"},{"taxonomy":"product_tag","embeddable":true,"href":"https:\/\/www.balticroad.eu\/et\/wp-json\/wp\/v2\/product_tag?post=1475"}],"curies":[{"name":"wp","href":"https:\/\/api.w.org\/{rel}","templated":true}]}}