{"id":1455,"date":"2021-02-09T05:00:20","date_gmt":"2021-02-09T05:00:20","guid":{"rendered":"https:\/\/www.balticroad.eu\/?post_type=product&#038;p=1455"},"modified":"2025-06-20T13:18:28","modified_gmt":"2025-06-20T13:18:28","slug":"cherry","status":"publish","type":"product","link":"https:\/\/www.balticroad.eu\/et\/toode\/cherry\/","title":{"rendered":"Cherry Puuvilja Tee"},"content":{"rendered":"<h2>Tootekirjeldus \/ Product Description:<\/h2>\n<p>&nbsp;<\/p>\n<p>Kas tead seda tunnet hallidel p\u00e4evadel, kui tahad pilved lihtsalt k\u00f5rvale l\u00fckata ja p\u00e4ikesel l\u00e4bi paista? See \u00fclimalt \u00f5nnestunud ja dekoratiivne looming lisab kindlasti teie teesortimendile s\u00e4ra ja valgustab teie gurmeenurka. V\u00e4hese happesisaldusega segu toetavad k\u00fclmkuivatatud kiivi ja hapukirsi t\u00fckid. Mahlased j\u00f5hvikaviilud t\u00e4iustavad seda peent kuninglikku segu veelgi. Kr\u00f5mpsuvad kookoshelbed annavad teile \u00fclevaate selle segu pakutava p\u00e4ikeselise maitse saladusest.<\/p>\n<p>Do you know that feeling on grey days, when you just want to push the clouds aside and let the sun shine through? This extremely accomplished and decorative creation will certainly add a shine to your tea assortment and will light up your gourmet corner. The low in acid blend is supported by freeze-dried kiwi and sour cherry pieces. Juicy cranberry slices further enhance this fine, royal blend. Crunchy coconut flakes give you an insight into the secret of the sunny flavour offered by this blend.<\/p>\n<p><strong>Koostisained \/ Ingredients:<\/strong><\/p>\n<p>\u00f5unat\u00fckid, terved hapukirsid, kookoslaastud, k\u00fclmkuivatatud kiivit\u00fckid, k\u00fclmkuivatatud hapukirsit\u00fckid, k\u00fclmkuivatatud j\u00f5hvikaviilud, maitseaine<\/p>\n<p>apple pieces, whole sour cherries, coconut chips, freeze-dried kiwi pieces, freeze-dried sour cherry pieces, freeze-dried cranberry slices, flavouring<\/p>\n<p>&nbsp;<\/p>\n<p><strong>Ettevalmistus \/ Preparation:<\/strong><\/p>\n<p>95\u00b0 \u2013 5\/10 min, T\u00e4htis: pruulige alati keeva veega ja laske 5-10 minutit t\u00f5mmata, et saada perfektne jook<\/p>\n<p>95\u00b0 \u2013 5\/10 min Important: Always pour with boiling water and leave for at least 5-10 minutes! The only way to get a safe product!<\/p>","protected":false},"excerpt":{"rendered":"<p>Tootekirjeldus \/ Product Description: &nbsp; Kas tead seda tunnet hallidel p\u00e4evadel, kui tahad pilved lihtsalt k\u00f5rvale l\u00fckata ja p\u00e4ikesel l\u00e4bi paista? See \u00fclimalt \u00f5nnestunud ja dekoratiivne looming lisab kindlasti teie teesortimendile s\u00e4ra ja valgustab teie gurmeenurka. V\u00e4hese happesisaldusega segu toetavad k\u00fclmkuivatatud kiivi ja hapukirsi t\u00fckid. Mahlased j\u00f5hvikaviilud t\u00e4iustavad seda peent kuninglikku segu veelgi. Kr\u00f5mpsuvad kookoshelbed [&#8230;]\n","protected":false},"featured_media":1456,"comment_status":"open","ping_status":"closed","template":"","meta":[],"product_brand":[],"product_cat":[93,68],"product_tag":[],"class_list":{"0":"post-1455","1":"product","2":"type-product","3":"status-publish","4":"has-post-thumbnail","6":"product_cat-herbal-teas-fruit-teas","7":"product_cat-tea","9":"first","10":"instock","11":"taxable","12":"shipping-taxable","13":"purchasable","14":"product-type-variable"},"_links":{"self":[{"href":"https:\/\/www.balticroad.eu\/et\/wp-json\/wp\/v2\/product\/1455","targetHints":{"allow":["GET"]}}],"collection":[{"href":"https:\/\/www.balticroad.eu\/et\/wp-json\/wp\/v2\/product"}],"about":[{"href":"https:\/\/www.balticroad.eu\/et\/wp-json\/wp\/v2\/types\/product"}],"replies":[{"embeddable":true,"href":"https:\/\/www.balticroad.eu\/et\/wp-json\/wp\/v2\/comments?post=1455"}],"wp:featuredmedia":[{"embeddable":true,"href":"https:\/\/www.balticroad.eu\/et\/wp-json\/wp\/v2\/media\/1456"}],"wp:attachment":[{"href":"https:\/\/www.balticroad.eu\/et\/wp-json\/wp\/v2\/media?parent=1455"}],"wp:term":[{"taxonomy":"product_brand","embeddable":true,"href":"https:\/\/www.balticroad.eu\/et\/wp-json\/wp\/v2\/product_brand?post=1455"},{"taxonomy":"product_cat","embeddable":true,"href":"https:\/\/www.balticroad.eu\/et\/wp-json\/wp\/v2\/product_cat?post=1455"},{"taxonomy":"product_tag","embeddable":true,"href":"https:\/\/www.balticroad.eu\/et\/wp-json\/wp\/v2\/product_tag?post=1455"}],"curies":[{"name":"wp","href":"https:\/\/api.w.org\/{rel}","templated":true}]}}