{"id":1062,"date":"2020-12-17T11:44:06","date_gmt":"2020-12-17T11:44:06","guid":{"rendered":"https:\/\/www.balticroad.eu\/?post_type=product&#038;p=1062"},"modified":"2025-06-20T13:19:45","modified_gmt":"2025-06-20T13:19:45","slug":"fruit-colada-puuvilja-tee","status":"publish","type":"product","link":"https:\/\/www.balticroad.eu\/et\/toode\/fruit-colada-puuvilja-tee\/","title":{"rendered":"Fruit Colada puuvilja tee"},"content":{"rendered":"<h2>Tootekirjeldus \/ Product Description:<\/h2>\n<p>Need, kellele meeldib kokteiliklassika, armastavad seda teed. Suurep\u00e4rane suvine looming kookose ja ananassiga.<\/p>\n<p>Those who like the cocktail classic will love this tea. A great summer creation with coconut and pineapple.<\/p>\n<p>&nbsp;<\/p>\n<p><strong>Koostisained \/ Ingredients:<\/strong><\/p>\n<p>\u00d5una-,ananassi- ja kookosit\u00fckid, hibiskuse lehed (karkade),kibuvitsa marjad, l\u00f5hna- ja maitseained.<\/p>\n<p>\u00f5unat\u00fckid, karkade, kibuvitsa koored, kookoslaastud (12%), ananassit\u00fckid (ananass, suhkur) (8%), l\u00f5hna- ja maitseained<\/p>\n<p>&nbsp;<\/p>\n<p><strong>Ettevalmistus \/ Preparation:<\/strong><\/p>\n<p>95-100 \u00b0 \u2013 5\/10 min. T\u00e4htis: valage alati keeva veega ja laske neil v\u00e4hemalt 5-10 minutit t\u00f5mmata! Ainus viis saada perfektne toode!<\/p>\n<p><strong>95-100 \u00b0 \u2013 5\/10 min Important: Always pour with boiling water and at least let them go 5-10 minutes! The only way to get a safe product!!<\/strong><\/p>","protected":false},"excerpt":{"rendered":"<p>Tootekirjeldus \/ Product Description: Need, kellele meeldib kokteiliklassika, armastavad seda teed. Suurep\u00e4rane suvine looming kookose ja ananassiga. Those who like the cocktail classic will love this tea. A great summer creation with coconut and pineapple. &nbsp; Koostisained \/ Ingredients: \u00d5una-,ananassi- ja kookosit\u00fckid, hibiskuse lehed (karkade),kibuvitsa marjad, l\u00f5hna- ja maitseained. \u00f5unat\u00fckid, karkade, kibuvitsa koored, kookoslaastud (12%), [&#8230;]\n","protected":false},"featured_media":1064,"comment_status":"open","ping_status":"closed","template":"","meta":[],"product_brand":[],"product_cat":[93,68],"product_tag":[],"class_list":{"0":"post-1062","1":"product","2":"type-product","3":"status-publish","4":"has-post-thumbnail","6":"product_cat-herbal-teas-fruit-teas","7":"product_cat-tea","9":"first","10":"instock","11":"taxable","12":"shipping-taxable","13":"purchasable","14":"product-type-variable"},"_links":{"self":[{"href":"https:\/\/www.balticroad.eu\/et\/wp-json\/wp\/v2\/product\/1062","targetHints":{"allow":["GET"]}}],"collection":[{"href":"https:\/\/www.balticroad.eu\/et\/wp-json\/wp\/v2\/product"}],"about":[{"href":"https:\/\/www.balticroad.eu\/et\/wp-json\/wp\/v2\/types\/product"}],"replies":[{"embeddable":true,"href":"https:\/\/www.balticroad.eu\/et\/wp-json\/wp\/v2\/comments?post=1062"}],"wp:featuredmedia":[{"embeddable":true,"href":"https:\/\/www.balticroad.eu\/et\/wp-json\/wp\/v2\/media\/1064"}],"wp:attachment":[{"href":"https:\/\/www.balticroad.eu\/et\/wp-json\/wp\/v2\/media?parent=1062"}],"wp:term":[{"taxonomy":"product_brand","embeddable":true,"href":"https:\/\/www.balticroad.eu\/et\/wp-json\/wp\/v2\/product_brand?post=1062"},{"taxonomy":"product_cat","embeddable":true,"href":"https:\/\/www.balticroad.eu\/et\/wp-json\/wp\/v2\/product_cat?post=1062"},{"taxonomy":"product_tag","embeddable":true,"href":"https:\/\/www.balticroad.eu\/et\/wp-json\/wp\/v2\/product_tag?post=1062"}],"curies":[{"name":"wp","href":"https:\/\/api.w.org\/{rel}","templated":true}]}}