{"id":1060,"date":"2020-12-17T11:40:31","date_gmt":"2020-12-17T11:40:31","guid":{"rendered":"https:\/\/www.balticroad.eu\/?post_type=product&#038;p=1060"},"modified":"2025-06-20T13:21:12","modified_gmt":"2025-06-20T13:21:12","slug":"melon","status":"publish","type":"product","link":"https:\/\/www.balticroad.eu\/et\/toode\/melon\/","title":{"rendered":"Melon"},"content":{"rendered":"<h2>Tootekirjeldus \/ Product Description:<\/h2>\n<p>Erkkollased meemelonikuubikud ja v\u00e4gevad ananassihelbed kutsuvad neid otse maitsvaks tassiks pruulima. Suured eksootilised mango- ja papaiahelbed teevad seda veelgi enam. Nende suurep\u00e4raste koostisosadega on kaasas hibisk ja maitsvad viinamarjad. Sellel v\u00e4ga erilisel puuviljateel pole v\u00f5rdset nii v\u00e4limuse kui ka aroomi poolest. Selle puuviljatee koostise maitses on tunda k\u00fcpsete mahlaste melonite ja magusa puuviljase ananassi maitset. Seda erakordset loomingut nautides meenuvad m\u00e4lestused suvest, p\u00e4ikesest ja p\u00fchadest ning viivad kaugetesse paikadesse. Nautige!<\/p>\n<p>Bright yellow honeydew melon cubes and mighty pineapple flakes invite you to brew them up directly for a delicious cup. The big, exotic mango and papaya flakes do so even more. Hibiscus and delicious grapes accompany these excellent ingredients. This very special fruit tea creation has no equal both in appearance and aroma. The taste of this fruit tea composition captures the flavours of ripe, juicy melons and sweet, fruity pineapple. Memories of summer, sun and holidays drop into our mind when enjoying this extraordinary creation and lead to far away places. Enjoy!<\/p>\n<p><strong>Koostisained \/ Ingredients:<\/strong><\/p>\n<p>karkade, meemelon (melon, suhkur, fruktoosisiirup), sultanad, ananassihelbed, papaiahelbed, mangohelbed, l\u00f5hna- ja maitseaine<\/p>\n<p>hibiscus blossoms, honeydew melon (melon, sugar, fructose-syrup), sultanas, pineapple flakes , papaya flakes, mango flakes, flavouring.<\/p>\n<p>&nbsp;<\/p>\n<ul>\n<li><strong>Ettevalmistus \/ Preparation:<\/strong><\/li>\n<li>10-12 minutit t\u00f5mbeaeg 100 \u00b0C vee temperatuur 4-5 tl liitri koht. T\u00e4htis: valage alati keeva veega ja laske neil v\u00e4hemalt 5-10 minutit t\u00f5mmata! Ainus viis saada perfektne toode!!<\/li>\n<li>10-12 minutes brewing time 100 \u00b0C water temperature 4-5 teaspoon per litre, Important: Always pour with boiling water and at least let them go 5-10 minutes! The only way to get a safe product!!<strong><br \/>\n<\/strong><\/li>\n<\/ul>","protected":false},"excerpt":{"rendered":"<p>Tootekirjeldus \/ Product Description: Erkkollased meemelonikuubikud ja v\u00e4gevad ananassihelbed kutsuvad neid otse maitsvaks tassiks pruulima. Suured eksootilised mango- ja papaiahelbed teevad seda veelgi enam. Nende suurep\u00e4raste koostisosadega on kaasas hibisk ja maitsvad viinamarjad. Sellel v\u00e4ga erilisel puuviljateel pole v\u00f5rdset nii v\u00e4limuse kui ka aroomi poolest. Selle puuviljatee koostise maitses on tunda k\u00fcpsete mahlaste melonite ja [&#8230;]\n","protected":false},"featured_media":2749,"comment_status":"open","ping_status":"closed","template":"","meta":[],"product_brand":[],"product_cat":[93,68],"product_tag":[],"class_list":{"0":"post-1060","1":"product","2":"type-product","3":"status-publish","4":"has-post-thumbnail","6":"product_cat-herbal-teas-fruit-teas","7":"product_cat-tea","9":"first","10":"instock","11":"taxable","12":"shipping-taxable","13":"purchasable","14":"product-type-variable"},"_links":{"self":[{"href":"https:\/\/www.balticroad.eu\/et\/wp-json\/wp\/v2\/product\/1060","targetHints":{"allow":["GET"]}}],"collection":[{"href":"https:\/\/www.balticroad.eu\/et\/wp-json\/wp\/v2\/product"}],"about":[{"href":"https:\/\/www.balticroad.eu\/et\/wp-json\/wp\/v2\/types\/product"}],"replies":[{"embeddable":true,"href":"https:\/\/www.balticroad.eu\/et\/wp-json\/wp\/v2\/comments?post=1060"}],"wp:featuredmedia":[{"embeddable":true,"href":"https:\/\/www.balticroad.eu\/et\/wp-json\/wp\/v2\/media\/2749"}],"wp:attachment":[{"href":"https:\/\/www.balticroad.eu\/et\/wp-json\/wp\/v2\/media?parent=1060"}],"wp:term":[{"taxonomy":"product_brand","embeddable":true,"href":"https:\/\/www.balticroad.eu\/et\/wp-json\/wp\/v2\/product_brand?post=1060"},{"taxonomy":"product_cat","embeddable":true,"href":"https:\/\/www.balticroad.eu\/et\/wp-json\/wp\/v2\/product_cat?post=1060"},{"taxonomy":"product_tag","embeddable":true,"href":"https:\/\/www.balticroad.eu\/et\/wp-json\/wp\/v2\/product_tag?post=1060"}],"curies":[{"name":"wp","href":"https:\/\/api.w.org\/{rel}","templated":true}]}}