{"id":1059,"date":"2020-12-17T11:36:58","date_gmt":"2020-12-17T11:36:58","guid":{"rendered":"https:\/\/www.balticroad.eu\/?post_type=product&#038;p=1059"},"modified":"2025-06-20T13:22:33","modified_gmt":"2025-06-20T13:22:33","slug":"mary","status":"publish","type":"product","link":"https:\/\/www.balticroad.eu\/et\/toode\/mary\/","title":{"rendered":"Mary"},"content":{"rendered":"<h2>Tootekirjeldus \/ Product Description:<\/h2>\n<p>TOP SELLER ! K\u00f5rgeima tasemega puuviljatee segu! Selle v\u00e4hese happesisaldusega segu aluseks on eriti suured helbed ja mahlaste, eranditult eksootiliste puuviljade kuubikud. Seda niigi kunstlikku maitset v\u00f5imendas veelgi eriti magus ja v\u00e4rske maitsekooslus. V\u00e4ga maitsev j\u00e4\u00e4tee, mis l\u00f6\u00f6b esile paljud teised mahlajoogid. Enne magusaine lisamist peaksite kaks korda m\u00f5tlema.<\/p>\n<p>A fruit tea blend of highest rank! Extra large flakes and cubes of juicy, exclusively exotic fruits form the base of this low in acid blend. This already artful taste was further enhanced by a particularly sweet and fresh flavour combination. A very delicious ice tea, which will outshine many other juice drinks. You should think twice before adding any sweetener.<\/p>\n<ul>\n<li><strong>Koostisained \/ Ingredients:<\/strong><\/li>\n<li>ananassikuubikud (ananass, suhkur), t\u00fckeldatud mango (mango, suhkur), ananassihelbed, mangohelbed, apelsiniviilud, l\u00f5hna- ja maitseaine, k\u00fclmkuivatatud mandariini apelsini viljat\u00fckid, safloor, saialille\u00f5ied, k\u00fclmkuivatatud maasikaviilud.<\/li>\n<li>pineapple cubes (pineapple, sugar), diced mango (mango, sugar), pineapple flakes, mango flakes, orange slices, flavouring, freeze-dried mandarin orange fruit pieces, safflower, marigold flowers, freeze-dried strawberry slices.<\/li>\n<\/ul>\n<p>&nbsp;<\/p>\n<ul>\n<li><strong>Ettevalmistus \/ Preparation:<\/strong><\/li>\n<li>100\u00b0 \u2013 5\/10 min . T\u00e4htis: Vala alati keeva veega ja j\u00e4ta v\u00e4hemalt 5-10 minutiks! Ainus viis saada ohutu toode!<\/li>\n<li>100\u00b0 \u2013 5\/10 min Important: Always pour boiling water and leave for at least 5-10 minutes! The only way to get a safe product!<\/li>\n<\/ul>\n<p>&nbsp;<\/p>\n<ul>\n<li>Important: Always pour boiling water and leave for at least 5-10 minutes! The only way to get a safe product<\/li>\n<\/ul>","protected":false},"excerpt":{"rendered":"<p>Tootekirjeldus \/ Product Description: TOP SELLER ! K\u00f5rgeima tasemega puuviljatee segu! Selle v\u00e4hese happesisaldusega segu aluseks on eriti suured helbed ja mahlaste, eranditult eksootiliste puuviljade kuubikud. Seda niigi kunstlikku maitset v\u00f5imendas veelgi eriti magus ja v\u00e4rske maitsekooslus. V\u00e4ga maitsev j\u00e4\u00e4tee, mis l\u00f6\u00f6b esile paljud teised mahlajoogid. Enne magusaine lisamist peaksite kaks korda m\u00f5tlema. A fruit [&#8230;]\n","protected":false},"featured_media":2751,"comment_status":"open","ping_status":"closed","template":"","meta":[],"product_brand":[],"product_cat":[93,68],"product_tag":[],"class_list":{"0":"post-1059","1":"product","2":"type-product","3":"status-publish","4":"has-post-thumbnail","6":"product_cat-herbal-teas-fruit-teas","7":"product_cat-tea","9":"first","10":"instock","11":"taxable","12":"shipping-taxable","13":"purchasable","14":"product-type-variable"},"_links":{"self":[{"href":"https:\/\/www.balticroad.eu\/et\/wp-json\/wp\/v2\/product\/1059","targetHints":{"allow":["GET"]}}],"collection":[{"href":"https:\/\/www.balticroad.eu\/et\/wp-json\/wp\/v2\/product"}],"about":[{"href":"https:\/\/www.balticroad.eu\/et\/wp-json\/wp\/v2\/types\/product"}],"replies":[{"embeddable":true,"href":"https:\/\/www.balticroad.eu\/et\/wp-json\/wp\/v2\/comments?post=1059"}],"wp:featuredmedia":[{"embeddable":true,"href":"https:\/\/www.balticroad.eu\/et\/wp-json\/wp\/v2\/media\/2751"}],"wp:attachment":[{"href":"https:\/\/www.balticroad.eu\/et\/wp-json\/wp\/v2\/media?parent=1059"}],"wp:term":[{"taxonomy":"product_brand","embeddable":true,"href":"https:\/\/www.balticroad.eu\/et\/wp-json\/wp\/v2\/product_brand?post=1059"},{"taxonomy":"product_cat","embeddable":true,"href":"https:\/\/www.balticroad.eu\/et\/wp-json\/wp\/v2\/product_cat?post=1059"},{"taxonomy":"product_tag","embeddable":true,"href":"https:\/\/www.balticroad.eu\/et\/wp-json\/wp\/v2\/product_tag?post=1059"}],"curies":[{"name":"wp","href":"https:\/\/api.w.org\/{rel}","templated":true}]}}