{"id":1054,"date":"2020-12-17T11:15:41","date_gmt":"2020-12-17T11:15:41","guid":{"rendered":"https:\/\/www.balticroad.eu\/?post_type=product&#038;p=1054"},"modified":"2025-08-31T07:05:38","modified_gmt":"2025-08-31T07:05:38","slug":"honeybush","status":"publish","type":"product","link":"https:\/\/www.balticroad.eu\/et\/toode\/honeybush\/","title":{"rendered":"Honeybush"},"content":{"rendered":"<h2>Tootekirjeldus \/ Product Description:<\/h2>\n<ul><!-- --><\/p>\n<li>The pure honeybush from the southeastern part of South Africa. The delicate branches, needle like leaves and yellow blossoms are harvested. Full-bodied with a fine fruity and honey-like taste.<\/li>\n<\/ul>\n<p>Honeybush on Aafrika etniline jook, mis on valmistatud lilledest, lehtedest ja samanimelise p\u00f5\u00f5sa okstest. Selle magusa maitse ja rikkaliku mee-puuviljase aroomi t\u00f5ttu nimetatakse seda ka \u201emeepuuks\u201d v\u00f5i \u201emeep\u00f5\u00f5saks\u201d. Kogumine toimub p\u00f5\u00f5sa \u00f5itsemise ajal, kuna just lilled annavad Honeybushile imelise meearoomi. L\u00e4him sugulane on nii botaaniliselt kui ka maitse j\u00e4rgi Rooibos (punane p\u00f5\u00f5sas), nii et Rooibosi austajad hindavad Honeybushi maitset ja vastupidi. Honeybush ei sisalda kofeiini, aitab k\u00fclmetuse korral, v\u00e4hendab n\u00e4lga ja p\u00f5letab rasvu, m\u00f5jub rahustavalt.<\/p>\n<p><strong>Koostisained \/ Ingredients: <\/strong><strong>\u00a0 honeybush <\/strong><\/p>\n<p>&nbsp;<\/p>\n<p><strong>Ettevalmistus \/ Preparation: 95\u00b0 \u2013 5\/6 min<\/strong><\/p>","protected":false},"excerpt":{"rendered":"<p>Tootekirjeldus \/ Product Description: The pure honeybush from the southeastern part of South Africa. The delicate branches, needle like leaves and yellow blossoms are harvested. Full-bodied with a fine fruity and honey-like taste. Honeybush on Aafrika etniline jook, mis on valmistatud lilledest, lehtedest ja samanimelise p\u00f5\u00f5sa okstest. Selle magusa maitse ja rikkaliku mee-puuviljase aroomi t\u00f5ttu [&#8230;]\n","protected":false},"featured_media":1056,"comment_status":"open","ping_status":"closed","template":"","meta":[],"product_brand":[],"product_cat":[93,68],"product_tag":[],"class_list":{"0":"post-1054","1":"product","2":"type-product","3":"status-publish","4":"has-post-thumbnail","6":"product_cat-herbal-teas-fruit-teas","7":"product_cat-tea","9":"first","10":"instock","11":"taxable","12":"shipping-taxable","13":"purchasable","14":"product-type-variable"},"_links":{"self":[{"href":"https:\/\/www.balticroad.eu\/et\/wp-json\/wp\/v2\/product\/1054","targetHints":{"allow":["GET"]}}],"collection":[{"href":"https:\/\/www.balticroad.eu\/et\/wp-json\/wp\/v2\/product"}],"about":[{"href":"https:\/\/www.balticroad.eu\/et\/wp-json\/wp\/v2\/types\/product"}],"replies":[{"embeddable":true,"href":"https:\/\/www.balticroad.eu\/et\/wp-json\/wp\/v2\/comments?post=1054"}],"wp:featuredmedia":[{"embeddable":true,"href":"https:\/\/www.balticroad.eu\/et\/wp-json\/wp\/v2\/media\/1056"}],"wp:attachment":[{"href":"https:\/\/www.balticroad.eu\/et\/wp-json\/wp\/v2\/media?parent=1054"}],"wp:term":[{"taxonomy":"product_brand","embeddable":true,"href":"https:\/\/www.balticroad.eu\/et\/wp-json\/wp\/v2\/product_brand?post=1054"},{"taxonomy":"product_cat","embeddable":true,"href":"https:\/\/www.balticroad.eu\/et\/wp-json\/wp\/v2\/product_cat?post=1054"},{"taxonomy":"product_tag","embeddable":true,"href":"https:\/\/www.balticroad.eu\/et\/wp-json\/wp\/v2\/product_tag?post=1054"}],"curies":[{"name":"wp","href":"https:\/\/api.w.org\/{rel}","templated":true}]}}