{"id":1050,"date":"2020-12-17T11:11:46","date_gmt":"2020-12-17T11:11:46","guid":{"rendered":"https:\/\/www.balticroad.eu\/?post_type=product&#038;p=1050"},"modified":"2024-10-17T17:53:31","modified_gmt":"2024-10-17T17:53:31","slug":"forest-dream","status":"publish","type":"product","link":"https:\/\/www.balticroad.eu\/et\/toode\/forest-dream\/","title":{"rendered":"Forest Dream"},"content":{"rendered":"<div class=\"productDescription\">\n<h2>Tootekirjeldus \/ Product Description:<\/h2>\n<p>Kesksuvel helepunased, tumesinised ja lillad viljad p\u00e4ikesepaistelistel metsaservadel, n\u00f5lvadel ja paganad madalikul \u00fcles m\u00e4gipiirkondadesse, kus nad t\u00e4idavad oma maitse sooja p\u00e4ikesepaistega! Esimene lonks sellest magusate marjade maitsetega t\u00e4iustatud metsaviljade melan\u017eist viitab soojal suve\u00f5htul kogutud suure korvit\u00e4ie k\u00fcpsete marjade maitsele ja l\u00f5hnale<\/p>\n<ul><!-- --><\/p>\n<li>In midsummer light scarlet, dark blue and purple fruits on sunny forest edges, slopes and Gentiles in the lowlands up into the mountain regions, where they fill up their flavor with warm sunshine! The first sip of this enhanced with sweet berry flavors forest fruit melange suggests the taste and smell of a large basket full of ripe berries, collected on a warm summer evening.<\/li>\n<\/ul>\n<p><strong>Koostisained \/ Ingredients:<\/strong><\/p>\n<p>leedrimarjad, \u00f5unat\u00fckid, hibisk, kibuvits, l\u00f5hna- ja maitseaine, k\u00fclmkuivatatud terved murakad, k\u00fclmkuivatatud terve vaarikas, metsmaasika lehed, k\u00fclmkuivatatud maasikat\u00fckid<\/p>\n<p>elderberries, apple pieces, hibiscus, rosehip, flavour, freeze-dried whole blackberries, freeze-dried. whole raspberry, wild strawberry leaves, freeze-dried strawberry pieces.<\/p>\n<p>&nbsp;<\/p>\n<p><strong>Ettevalmistus \/ Preparation: 95\u00b0 \u2013 5\/6 min\u00a0<\/strong><\/p>\n<p>&nbsp;<\/p>\n<p><strong>Important: Always pour with boiling water and leave for at least 5-10 minutes! The only way to get a safe product<\/strong><\/p>\n<\/div>\n<h2 class=\"addInformation-head\"><\/h2>","protected":false},"excerpt":{"rendered":"<p>Tootekirjeldus \/ Product Description: Kesksuvel helepunased, tumesinised ja lillad viljad p\u00e4ikesepaistelistel metsaservadel, n\u00f5lvadel ja paganad madalikul \u00fcles m\u00e4gipiirkondadesse, kus nad t\u00e4idavad oma maitse sooja p\u00e4ikesepaistega! Esimene lonks sellest magusate marjade maitsetega t\u00e4iustatud metsaviljade melan\u017eist viitab soojal suve\u00f5htul kogutud suure korvit\u00e4ie k\u00fcpsete marjade maitsele ja l\u00f5hnale In midsummer light scarlet, dark blue and purple fruits on [&#8230;]\n","protected":false},"featured_media":2753,"comment_status":"open","ping_status":"closed","template":"","meta":[],"product_brand":[],"product_cat":[93,68],"product_tag":[],"class_list":{"0":"post-1050","1":"product","2":"type-product","3":"status-publish","4":"has-post-thumbnail","6":"product_cat-herbal-teas-fruit-teas","7":"product_cat-tea","9":"first","10":"instock","11":"taxable","12":"shipping-taxable","13":"purchasable","14":"product-type-variable"},"_links":{"self":[{"href":"https:\/\/www.balticroad.eu\/et\/wp-json\/wp\/v2\/product\/1050","targetHints":{"allow":["GET"]}}],"collection":[{"href":"https:\/\/www.balticroad.eu\/et\/wp-json\/wp\/v2\/product"}],"about":[{"href":"https:\/\/www.balticroad.eu\/et\/wp-json\/wp\/v2\/types\/product"}],"replies":[{"embeddable":true,"href":"https:\/\/www.balticroad.eu\/et\/wp-json\/wp\/v2\/comments?post=1050"}],"wp:featuredmedia":[{"embeddable":true,"href":"https:\/\/www.balticroad.eu\/et\/wp-json\/wp\/v2\/media\/2753"}],"wp:attachment":[{"href":"https:\/\/www.balticroad.eu\/et\/wp-json\/wp\/v2\/media?parent=1050"}],"wp:term":[{"taxonomy":"product_brand","embeddable":true,"href":"https:\/\/www.balticroad.eu\/et\/wp-json\/wp\/v2\/product_brand?post=1050"},{"taxonomy":"product_cat","embeddable":true,"href":"https:\/\/www.balticroad.eu\/et\/wp-json\/wp\/v2\/product_cat?post=1050"},{"taxonomy":"product_tag","embeddable":true,"href":"https:\/\/www.balticroad.eu\/et\/wp-json\/wp\/v2\/product_tag?post=1050"}],"curies":[{"name":"wp","href":"https:\/\/api.w.org\/{rel}","templated":true}]}}