{"id":1044,"date":"2020-12-17T10:56:47","date_gmt":"2020-12-17T10:56:47","guid":{"rendered":"https:\/\/www.balticroad.eu\/?post_type=product&#038;p=1044"},"modified":"2025-06-20T13:24:14","modified_gmt":"2025-06-20T13:24:14","slug":"puuvilja-unistus","status":"publish","type":"product","link":"https:\/\/www.balticroad.eu\/et\/toode\/puuvilja-unistus\/","title":{"rendered":"Puuvilja Unistus"},"content":{"rendered":"<h2>Tootekirjeldus \/ Product Description:<\/h2>\n<p>Unistuste t\u00e4itumine puuviljaste teede austajatele&#8230;..<\/p>\n<p>A dream come true for lovers of fruity teas&#8230;.<\/p>\n<ul><!-- --><\/p>\n<li>Strawberry, Kiwi and Passion Fruit Flavoured Fruit Infusion<\/li>\n<li>Maasika-, kiivi- ja passioniviljade maitsestatud puuviljade infusioon<\/li>\n<\/ul>\n<p>&nbsp;<\/p>\n<ul>\n<li><strong>Koostisained \/ Ingredients:<\/strong><\/li>\n<li>Hibiscus petals, elderberries, apple pieces ,rosehip shell,strawberry pieces, passioonfruit pieces, kiwi pieces, raspberry pieces, sunflower petals, rose petals, cornflowers.<\/li>\n<li><\/li>\n<li>\u00d5unat\u00fckid, hibiskuse lehed, kibuvitsakoor,marakuiat\u00fckid, maasikat\u00fckid, kiivit\u00fckid,vaarikat\u00fckid, p\u00e4evalillelehed, roosi lehed, maisi\u00f5ied.<\/li>\n<\/ul>\n<p>&nbsp;<\/p>\n<p>&nbsp;<\/p>\n<ul>\n<li><strong>Ettevalmistus \/ Preparation:<\/strong><\/li>\n<li>100\u00b0 \u2013 8\/10 min 10 g\/1 l.<\/li>\n<li><strong>100\u00b0 \u2013 8\/10 min \u00a0Dosage\/<b>Annustamine<\/b>: <b>10 g\/l\u00a0<\/b><\/strong><\/li>\n<\/ul>","protected":false},"excerpt":{"rendered":"<p>Tootekirjeldus \/ Product Description: Unistuste t\u00e4itumine puuviljaste teede austajatele&#8230;.. A dream come true for lovers of fruity teas&#8230;. Strawberry, Kiwi and Passion Fruit Flavoured Fruit Infusion Maasika-, kiivi- ja passioniviljade maitsestatud puuviljade infusioon &nbsp; Koostisained \/ Ingredients: Hibiscus petals, elderberries, apple pieces ,rosehip shell,strawberry pieces, passioonfruit pieces, kiwi pieces, raspberry pieces, sunflower petals, rose petals, [&#8230;]\n","protected":false},"featured_media":1045,"comment_status":"open","ping_status":"closed","template":"","meta":[],"product_brand":[],"product_cat":[93],"product_tag":[],"class_list":{"0":"post-1044","1":"product","2":"type-product","3":"status-publish","4":"has-post-thumbnail","6":"product_cat-herbal-teas-fruit-teas","8":"first","9":"instock","10":"taxable","11":"shipping-taxable","12":"purchasable","13":"product-type-variable"},"_links":{"self":[{"href":"https:\/\/www.balticroad.eu\/et\/wp-json\/wp\/v2\/product\/1044","targetHints":{"allow":["GET"]}}],"collection":[{"href":"https:\/\/www.balticroad.eu\/et\/wp-json\/wp\/v2\/product"}],"about":[{"href":"https:\/\/www.balticroad.eu\/et\/wp-json\/wp\/v2\/types\/product"}],"replies":[{"embeddable":true,"href":"https:\/\/www.balticroad.eu\/et\/wp-json\/wp\/v2\/comments?post=1044"}],"wp:featuredmedia":[{"embeddable":true,"href":"https:\/\/www.balticroad.eu\/et\/wp-json\/wp\/v2\/media\/1045"}],"wp:attachment":[{"href":"https:\/\/www.balticroad.eu\/et\/wp-json\/wp\/v2\/media?parent=1044"}],"wp:term":[{"taxonomy":"product_brand","embeddable":true,"href":"https:\/\/www.balticroad.eu\/et\/wp-json\/wp\/v2\/product_brand?post=1044"},{"taxonomy":"product_cat","embeddable":true,"href":"https:\/\/www.balticroad.eu\/et\/wp-json\/wp\/v2\/product_cat?post=1044"},{"taxonomy":"product_tag","embeddable":true,"href":"https:\/\/www.balticroad.eu\/et\/wp-json\/wp\/v2\/product_tag?post=1044"}],"curies":[{"name":"wp","href":"https:\/\/api.w.org\/{rel}","templated":true}]}}