{"id":1042,"date":"2020-12-17T10:52:17","date_gmt":"2020-12-17T10:52:17","guid":{"rendered":"https:\/\/www.balticroad.eu\/?post_type=product&#038;p=1042"},"modified":"2025-06-20T13:25:18","modified_gmt":"2025-06-20T13:25:18","slug":"gunpowder","status":"publish","type":"product","link":"https:\/\/www.balticroad.eu\/et\/toode\/gunpowder\/","title":{"rendered":"Gunpowder"},"content":{"rendered":"<h2>Tootekirjeldus \/ Product Description:<\/h2>\n<p>Selle rohelise tee klassiku lehed on rullitud suurteks pallideks, mist\u00f5ttu Inglise kaupmehed andsid sellele ammu nimeks Gunpowder. Sellel on \u00fcsna hele tassi v\u00e4rvus ja iseloomulik, v\u00e4rskendavalt hapukas ja kergelt suitsune maitse.<br \/>\nSee tee sobib suurep\u00e4raselt teiseks ja isegi kolmandaks infusiooniks.<\/p>\n<p>The leaves of this green tea classic are rolled into big balls, which is why long ago English traders gave it the name Gunpowder. It has a rather light cup colour and a characteristic, refreshingly tart and slightly smoky flavour.<br \/>\nThis tea is excellent for a second and even a third infusion.<\/p>\n<ul><!-- --><\/p>\n<li>The tea has thick and strong flavour with subtle hint of smoky aroma and pungent taste<\/li>\n<\/ul>\n<p>&nbsp;<\/p>\n<p><strong>Koostisosad \/ Ingredients: <\/strong>Sri Lanka , Gun Powder First Grade \u2013 GP1<\/p>\n<p>&nbsp;<\/p>\n<ul>\n<li><strong>Ettevalmistus \/ Preparation<\/strong>:<\/li>\n<li>2 g \/ 200 ml umbes 90\u00b0C kuuma vett, infusiooniaeg 2 kuni 3 minutit.<\/li>\n<li>2 g \/ 200 ml of about 90\u00b0 C hot water, 2 to 3 minutes infusion time.<\/li>\n<\/ul>","protected":false},"excerpt":{"rendered":"<p>Tootekirjeldus \/ Product Description: Selle rohelise tee klassiku lehed on rullitud suurteks pallideks, mist\u00f5ttu Inglise kaupmehed andsid sellele ammu nimeks Gunpowder. Sellel on \u00fcsna hele tassi v\u00e4rvus ja iseloomulik, v\u00e4rskendavalt hapukas ja kergelt suitsune maitse. See tee sobib suurep\u00e4raselt teiseks ja isegi kolmandaks infusiooniks. The leaves of this green tea classic are rolled into big [&#8230;]\n","protected":false},"featured_media":1043,"comment_status":"open","ping_status":"closed","template":"","meta":[],"product_brand":[],"product_cat":[92,68],"product_tag":[],"class_list":{"0":"post-1042","1":"product","2":"type-product","3":"status-publish","4":"has-post-thumbnail","6":"product_cat-green-tea","7":"product_cat-tea","9":"first","10":"instock","11":"taxable","12":"shipping-taxable","13":"purchasable","14":"product-type-variable"},"_links":{"self":[{"href":"https:\/\/www.balticroad.eu\/et\/wp-json\/wp\/v2\/product\/1042","targetHints":{"allow":["GET"]}}],"collection":[{"href":"https:\/\/www.balticroad.eu\/et\/wp-json\/wp\/v2\/product"}],"about":[{"href":"https:\/\/www.balticroad.eu\/et\/wp-json\/wp\/v2\/types\/product"}],"replies":[{"embeddable":true,"href":"https:\/\/www.balticroad.eu\/et\/wp-json\/wp\/v2\/comments?post=1042"}],"wp:featuredmedia":[{"embeddable":true,"href":"https:\/\/www.balticroad.eu\/et\/wp-json\/wp\/v2\/media\/1043"}],"wp:attachment":[{"href":"https:\/\/www.balticroad.eu\/et\/wp-json\/wp\/v2\/media?parent=1042"}],"wp:term":[{"taxonomy":"product_brand","embeddable":true,"href":"https:\/\/www.balticroad.eu\/et\/wp-json\/wp\/v2\/product_brand?post=1042"},{"taxonomy":"product_cat","embeddable":true,"href":"https:\/\/www.balticroad.eu\/et\/wp-json\/wp\/v2\/product_cat?post=1042"},{"taxonomy":"product_tag","embeddable":true,"href":"https:\/\/www.balticroad.eu\/et\/wp-json\/wp\/v2\/product_tag?post=1042"}],"curies":[{"name":"wp","href":"https:\/\/api.w.org\/{rel}","templated":true}]}}