{"id":1040,"date":"2020-12-17T10:46:09","date_gmt":"2020-12-17T10:46:09","guid":{"rendered":"https:\/\/www.balticroad.eu\/?post_type=product&#038;p=1040"},"modified":"2025-06-20T13:26:31","modified_gmt":"2025-06-20T13:26:31","slug":"china-sencha","status":"publish","type":"product","link":"https:\/\/www.balticroad.eu\/et\/toode\/china-sencha\/","title":{"rendered":"CHINA SENCHA roheline tee"},"content":{"rendered":"<h2>Tootekirjeldus \/ Product Description:<\/h2>\n<p>V\u00e4ga t\u00fc\u00fcpiline mahe roheline tee, kergelt hapuka ja v\u00e4rskendava maitsega. Selle keskmised rohelised lehed on lamedaks pressitud ja piklikud. Pruulimisel on see hele, kollakasroheline tassi v\u00e4rvus. Ideaalne tee aktiivse p\u00e4eva heaks alguseks.<\/p>\n<p>A very typical, mild green tea with a slightly tart, refreshing taste. Its medium green leaves are pressed flat and elongated. When brewed, it has a light, yellow-green cup colour. A tea perfect for a good start to an active day.<\/p>\n<p><strong>Koostisosad \/ Ingredients:<\/strong><\/p>\n<p>puhas roheline tee Sencha<\/p>\n<p>pure green tea Sencha<\/p>\n<ul>\n<li><strong>Ettevalmistus \/ Preparation<\/strong>:<\/li>\n<li>2 g \/ 200 ml umbes 90\u00b0C kuuma vett, infusiooniaeg 2 kuni 3 minutit.<\/li>\n<li>2 g \/ 200 ml of about 90\u00b0 C hot water, 2 to 3 minutes infusion time.<\/li>\n<\/ul>","protected":false},"excerpt":{"rendered":"<div class=\"productDescription\">\n<p>&nbsp;<\/p>\n<\/div>","protected":false},"featured_media":1041,"comment_status":"open","ping_status":"closed","template":"","meta":[],"product_brand":[],"product_cat":[92,68],"product_tag":[],"class_list":{"0":"post-1040","1":"product","2":"type-product","3":"status-publish","4":"has-post-thumbnail","6":"product_cat-green-tea","7":"product_cat-tea","9":"first","10":"instock","11":"taxable","12":"shipping-taxable","13":"purchasable","14":"product-type-variable"},"_links":{"self":[{"href":"https:\/\/www.balticroad.eu\/et\/wp-json\/wp\/v2\/product\/1040","targetHints":{"allow":["GET"]}}],"collection":[{"href":"https:\/\/www.balticroad.eu\/et\/wp-json\/wp\/v2\/product"}],"about":[{"href":"https:\/\/www.balticroad.eu\/et\/wp-json\/wp\/v2\/types\/product"}],"replies":[{"embeddable":true,"href":"https:\/\/www.balticroad.eu\/et\/wp-json\/wp\/v2\/comments?post=1040"}],"wp:featuredmedia":[{"embeddable":true,"href":"https:\/\/www.balticroad.eu\/et\/wp-json\/wp\/v2\/media\/1041"}],"wp:attachment":[{"href":"https:\/\/www.balticroad.eu\/et\/wp-json\/wp\/v2\/media?parent=1040"}],"wp:term":[{"taxonomy":"product_brand","embeddable":true,"href":"https:\/\/www.balticroad.eu\/et\/wp-json\/wp\/v2\/product_brand?post=1040"},{"taxonomy":"product_cat","embeddable":true,"href":"https:\/\/www.balticroad.eu\/et\/wp-json\/wp\/v2\/product_cat?post=1040"},{"taxonomy":"product_tag","embeddable":true,"href":"https:\/\/www.balticroad.eu\/et\/wp-json\/wp\/v2\/product_tag?post=1040"}],"curies":[{"name":"wp","href":"https:\/\/api.w.org\/{rel}","templated":true}]}}