{"id":1038,"date":"2020-12-17T10:42:32","date_gmt":"2020-12-17T10:42:32","guid":{"rendered":"https:\/\/www.balticroad.eu\/?post_type=product&#038;p=1038"},"modified":"2026-02-06T03:12:54","modified_gmt":"2026-02-06T03:12:54","slug":"china-sencha-kohveiinivaba","status":"publish","type":"product","link":"https:\/\/www.balticroad.eu\/et\/toode\/china-sencha-kohveiinivaba\/","title":{"rendered":"China Sencha Kohveiinivaba"},"content":{"rendered":"<h2>Product Description<\/h2>\n<p>Rohelise tee austajatele, kes tahaksid ilma kofeiinita hakkama saada, on suurep\u00e4rane kofeiinivaba alternatiiv: t\u00fc\u00fcpilise v\u00e4rske Sencha iseloomuga tee, mis on samal ajal meeldivalt maheda maitsega. T\u00f5eline rohelise tee nauding!<\/p>\n<p>For green tea lovers who would like to do without caffeine, there is this wonderful, decaffeinated alternative: a tea with the typical fresh Sencha character that is at the same time pleasantly mild in taste. A real green tea pleasure!<\/p>\n<ul>\n<li><strong>Koostisosad \/ Ingredients:<\/strong><\/li>\n<li>puhas roheline tee Sencha kohveiinivaba<\/li>\n<li>pure green tea Sencha without caffeine<\/li>\n<li><\/li>\n<li><strong>Ettevalmistus \/ Preparation<\/strong>:<\/li>\n<li>2 g \/ 200 ml umbes 90\u00b0C kuuma vett, infusiooniaeg 2 kuni 3 minutit<\/li>\n<li>2 g \/ 200 ml of about 90\u00b0 C hot water, 2 to 3 minutes infusion time.<\/li>\n<\/ul>","protected":false},"excerpt":{"rendered":"<div class=\"productDescription\">\n<p>&nbsp;<\/p>\n<\/div>","protected":false},"featured_media":1039,"comment_status":"open","ping_status":"closed","template":"","meta":[],"product_brand":[],"product_cat":[92,68],"product_tag":[],"class_list":{"0":"post-1038","1":"product","2":"type-product","3":"status-publish","4":"has-post-thumbnail","6":"product_cat-green-tea","7":"product_cat-tea","9":"first","10":"instock","11":"taxable","12":"shipping-taxable","13":"purchasable","14":"product-type-variable"},"_links":{"self":[{"href":"https:\/\/www.balticroad.eu\/et\/wp-json\/wp\/v2\/product\/1038","targetHints":{"allow":["GET"]}}],"collection":[{"href":"https:\/\/www.balticroad.eu\/et\/wp-json\/wp\/v2\/product"}],"about":[{"href":"https:\/\/www.balticroad.eu\/et\/wp-json\/wp\/v2\/types\/product"}],"replies":[{"embeddable":true,"href":"https:\/\/www.balticroad.eu\/et\/wp-json\/wp\/v2\/comments?post=1038"}],"wp:featuredmedia":[{"embeddable":true,"href":"https:\/\/www.balticroad.eu\/et\/wp-json\/wp\/v2\/media\/1039"}],"wp:attachment":[{"href":"https:\/\/www.balticroad.eu\/et\/wp-json\/wp\/v2\/media?parent=1038"}],"wp:term":[{"taxonomy":"product_brand","embeddable":true,"href":"https:\/\/www.balticroad.eu\/et\/wp-json\/wp\/v2\/product_brand?post=1038"},{"taxonomy":"product_cat","embeddable":true,"href":"https:\/\/www.balticroad.eu\/et\/wp-json\/wp\/v2\/product_cat?post=1038"},{"taxonomy":"product_tag","embeddable":true,"href":"https:\/\/www.balticroad.eu\/et\/wp-json\/wp\/v2\/product_tag?post=1038"}],"curies":[{"name":"wp","href":"https:\/\/api.w.org\/{rel}","templated":true}]}}