{"id":1035,"date":"2020-12-17T10:35:57","date_gmt":"2020-12-17T10:35:57","guid":{"rendered":"https:\/\/www.balticroad.eu\/?post_type=product&#038;p=1035"},"modified":"2025-06-20T13:30:52","modified_gmt":"2025-06-20T13:30:52","slug":"assam-ftgfop1-sewpur-roheline","status":"publish","type":"product","link":"https:\/\/www.balticroad.eu\/et\/toode\/assam-ftgfop1-sewpur-roheline\/","title":{"rendered":"Assam FTGFOP1 Sewpur roheline"},"content":{"rendered":"<div class=\"productDescription\">\n<h2>Tootekirjeldus \/ Product Description:<\/h2>\n<\/div>\n<p>K\u00e4\u00e4ritamata rohelist Assami t\u00f6\u00f6deldakse traditsioonilisel rohelise t tootmise meetodil<br \/>\nSee on tugev ja t\u00e4is maitset. See mahep\u00f5llumajanduslikult kasvatatud Assam p\u00e4rineb Assami Tinsukia linnaosas asuvast Sewpur Tea Estate&#8217;ist<\/p>\n<p>Unfermented green Assam is processed after a traditional method for producing green<br \/>\nIt is strong and full of flavour. This organically grown Assam comes from the Sewpur Tea Estate in Tinsukia district of Assam<\/p>\n<div class=\"productDescription\">\n<ul>\n<li><strong>Koostisosad \/ Ingredients: <\/strong><\/li>\n<li>puhas roheline tee<\/li>\n<li>pure green Assam tea<\/li>\n<li>Unfermented green Assam is processed after a traditional method for producing green tea. It is strong and full of flavour. This organically grown Assam comes from the Sewpur Tea Estate in Tinsukia district of Assam<\/li>\n<\/ul>\n<p>&nbsp;<\/p>\n<ul>\n<li><strong>Ettevalmistus \/ Preparation<\/strong>:<\/li>\n<li>2 g \/ 200 ml umbes 90\u00b0C kuuma vett, infusiooniaeg 2 kuni 3 minutit<\/li>\n<li>2 g \/ 200 ml of about 90\u00b0 C hot water, 2 to 3 minutes infusion time.<\/li>\n<\/ul>\n<\/div>","protected":false},"excerpt":{"rendered":"<p>Tootekirjeldus \/ Product Description: K\u00e4\u00e4ritamata rohelist Assami t\u00f6\u00f6deldakse traditsioonilisel rohelise t tootmise meetodil See on tugev ja t\u00e4is maitset. See mahep\u00f5llumajanduslikult kasvatatud Assam p\u00e4rineb Assami Tinsukia linnaosas asuvast Sewpur Tea Estate&#8217;ist Unfermented green Assam is processed after a traditional method for producing green It is strong and full of flavour. This organically grown Assam comes [&#8230;]\n","protected":false},"featured_media":1037,"comment_status":"open","ping_status":"closed","template":"","meta":[],"product_brand":[],"product_cat":[92,68],"product_tag":[],"class_list":{"0":"post-1035","1":"product","2":"type-product","3":"status-publish","4":"has-post-thumbnail","6":"product_cat-green-tea","7":"product_cat-tea","9":"first","10":"instock","11":"taxable","12":"shipping-taxable","13":"purchasable","14":"product-type-variable"},"_links":{"self":[{"href":"https:\/\/www.balticroad.eu\/et\/wp-json\/wp\/v2\/product\/1035","targetHints":{"allow":["GET"]}}],"collection":[{"href":"https:\/\/www.balticroad.eu\/et\/wp-json\/wp\/v2\/product"}],"about":[{"href":"https:\/\/www.balticroad.eu\/et\/wp-json\/wp\/v2\/types\/product"}],"replies":[{"embeddable":true,"href":"https:\/\/www.balticroad.eu\/et\/wp-json\/wp\/v2\/comments?post=1035"}],"wp:featuredmedia":[{"embeddable":true,"href":"https:\/\/www.balticroad.eu\/et\/wp-json\/wp\/v2\/media\/1037"}],"wp:attachment":[{"href":"https:\/\/www.balticroad.eu\/et\/wp-json\/wp\/v2\/media?parent=1035"}],"wp:term":[{"taxonomy":"product_brand","embeddable":true,"href":"https:\/\/www.balticroad.eu\/et\/wp-json\/wp\/v2\/product_brand?post=1035"},{"taxonomy":"product_cat","embeddable":true,"href":"https:\/\/www.balticroad.eu\/et\/wp-json\/wp\/v2\/product_cat?post=1035"},{"taxonomy":"product_tag","embeddable":true,"href":"https:\/\/www.balticroad.eu\/et\/wp-json\/wp\/v2\/product_tag?post=1035"}],"curies":[{"name":"wp","href":"https:\/\/api.w.org\/{rel}","templated":true}]}}