{"id":1033,"date":"2020-12-17T10:31:00","date_gmt":"2020-12-17T10:31:00","guid":{"rendered":"https:\/\/www.balticroad.eu\/?post_type=product&#038;p=1033"},"modified":"2025-06-20T13:32:16","modified_gmt":"2025-06-20T13:32:16","slug":"japan-bancha-houjicha","status":"publish","type":"product","link":"https:\/\/www.balticroad.eu\/et\/toode\/japan-bancha-houjicha\/","title":{"rendered":"Green Tea Japan Gyokuro Asahi"},"content":{"rendered":"<div class=\"productDescription\">\n<h2>Tootekirjeldus \/ Product Description:<\/h2>\n<p>Haruldus! Jaapanikeelne nimi Gyokuro t\u00e4hendab umbkaudu &#8216;\u00fcllasi kastepiisasid&#8217;. See peen tee kuulub varjuteede kategooriasse. Umbes kaks n\u00e4dalat enne koristamist kaetakse teep\u00f5\u00f5sad, nii tekib rohkem klorof\u00fclli, mille tulemuseks on ilus, l\u00e4ikiv, peaaegu sinakasroheline lehtede v\u00e4rvus. Lisaks arendatakse v\u00e4hem tanniine ning suureneb kofeiini ja aminohapete sisaldus, luues selge umami maitse.<br \/>\nT\u00e4naseni serveeritakse Gyokuro teed sageli eriti austatud k\u00fclalistele Jaapanis. See tee avaldab muljet oma v\u00e4ga elegantse ja peene, kuid t\u00e4idlase aroomiga ning selle t\u00fc\u00fcpilise, v\u00e4ga meeldiva magususevarjundiga.<\/p>\n<p>A rarity! The Japanese name Gyokuro roughly means &#8216;noble dewdrops&#8217;. This exquisite tea belongs to the category of shade teas. About two weeks before harvesting begins, the tea bushes are covered, thus more chlorophyll is formed, resulting in a beautiful, shiny, almost blue-green leaf colour. In addition, fewer tannins are developed and the content of caffeine and amino acids increases, creating a distinct umami taste.<br \/>\nTo this day, Gyokuro tea is often served especially to honoured guests in Japan. This tea impresses with its very elegant and fine, yet full-bodied aroma and its typical, very pleasant hint of sweetness.<\/p>\n<p>aroomi.<strong>Koostisosad \/ Ingredients:<\/strong><\/p>\n<p>Koostisosad \/ Ingredients: Roheline jaapani tee Gyokuro Asahi Sencha \/ Green Japan tea Gyokuro Asahi sencha<\/p>\n<p>Roasting gives this Bancha its special flavour.<\/p>\n<p>&nbsp;<\/p>\n<ul>\n<li><strong>Ettevalmistus \/ Preparation<\/strong>:<\/li>\n<li>2 g \/ 200 ml umbes 90\u00b0C kuuma vett, infusiooniaeg 2 kuni 3 minutit.<\/li>\n<li>2 g \/ 200 ml of about 90\u00b0 C hot water, 2 to 3 minutes infusion time.<\/li>\n<\/ul>\n<p>&nbsp;<\/p>\n<\/div>\n<div class=\"addInformation\">\n<h2 class=\"addInformation-head\"><\/h2>\n<\/div>","protected":false},"excerpt":{"rendered":"<p>Tootekirjeldus \/ Product Description: Haruldus! Jaapanikeelne nimi Gyokuro t\u00e4hendab umbkaudu &#8216;\u00fcllasi kastepiisasid&#8217;. See peen tee kuulub varjuteede kategooriasse. Umbes kaks n\u00e4dalat enne koristamist kaetakse teep\u00f5\u00f5sad, nii tekib rohkem klorof\u00fclli, mille tulemuseks on ilus, l\u00e4ikiv, peaaegu sinakasroheline lehtede v\u00e4rvus. Lisaks arendatakse v\u00e4hem tanniine ning suureneb kofeiini ja aminohapete sisaldus, luues selge umami maitse. T\u00e4naseni serveeritakse Gyokuro [&#8230;]\n","protected":false},"featured_media":2411,"comment_status":"open","ping_status":"closed","template":"","meta":[],"product_brand":[],"product_cat":[92,68],"product_tag":[],"class_list":{"0":"post-1033","1":"product","2":"type-product","3":"status-publish","4":"has-post-thumbnail","6":"product_cat-green-tea","7":"product_cat-tea","9":"first","10":"instock","11":"taxable","12":"shipping-taxable","13":"purchasable","14":"product-type-variable"},"_links":{"self":[{"href":"https:\/\/www.balticroad.eu\/et\/wp-json\/wp\/v2\/product\/1033","targetHints":{"allow":["GET"]}}],"collection":[{"href":"https:\/\/www.balticroad.eu\/et\/wp-json\/wp\/v2\/product"}],"about":[{"href":"https:\/\/www.balticroad.eu\/et\/wp-json\/wp\/v2\/types\/product"}],"replies":[{"embeddable":true,"href":"https:\/\/www.balticroad.eu\/et\/wp-json\/wp\/v2\/comments?post=1033"}],"wp:featuredmedia":[{"embeddable":true,"href":"https:\/\/www.balticroad.eu\/et\/wp-json\/wp\/v2\/media\/2411"}],"wp:attachment":[{"href":"https:\/\/www.balticroad.eu\/et\/wp-json\/wp\/v2\/media?parent=1033"}],"wp:term":[{"taxonomy":"product_brand","embeddable":true,"href":"https:\/\/www.balticroad.eu\/et\/wp-json\/wp\/v2\/product_brand?post=1033"},{"taxonomy":"product_cat","embeddable":true,"href":"https:\/\/www.balticroad.eu\/et\/wp-json\/wp\/v2\/product_cat?post=1033"},{"taxonomy":"product_tag","embeddable":true,"href":"https:\/\/www.balticroad.eu\/et\/wp-json\/wp\/v2\/product_tag?post=1033"}],"curies":[{"name":"wp","href":"https:\/\/api.w.org\/{rel}","templated":true}]}}