{"id":1030,"date":"2020-12-17T10:27:37","date_gmt":"2020-12-17T10:27:37","guid":{"rendered":"https:\/\/www.balticroad.eu\/?post_type=product&#038;p=1030"},"modified":"2025-06-20T13:33:30","modified_gmt":"2025-06-20T13:33:30","slug":"japan-bancha","status":"publish","type":"product","link":"https:\/\/www.balticroad.eu\/et\/toode\/japan-bancha\/","title":{"rendered":"Japan Bancha"},"content":{"rendered":"<h2>Tootekirjeldus \/ Product Description:<\/h2>\n<p>Bancha on korjatud samast teep\u00f5\u00f5sast, mis Sencha, kuid kasutatakse alumisi suuremaid lehti. See \u00fcsna mahukas tee oma \u00fcsna pikkade, lamedaks pressitud lehtedega on loomulikult madala kofeiinisisaldusega ja maheda, meeldiva, kergelt hapuka maitsega. Hea valik ka rohelise tee algajatele.<\/p>\n<p>Bancha is harvested from the same bushes as Sencha but in this case the lower, larger leaves are picked. This voluminous tea with large, flat pressed leaves is naturally low In caffeine and has a mild, pleasant flavour.<\/p>\n<p><strong>Koostisosad \/ Ingredients:<\/strong><\/p>\n<p>Bancha<\/p>\n<p>&nbsp;<\/p>\n<ul>\n<li><strong>Ettevalmistus \/ Preparation<\/strong>:<\/li>\n<li>2 g \/ 200 ml umbes 90\u00b0C kuuma vett, infusiooniaeg 2 kuni 3 minutit.<\/li>\n<li>2 g \/ 200 ml of about 90\u00b0 C hot water, 2 to 3 minutes infusion time.<\/li>\n<\/ul>","protected":false},"excerpt":{"rendered":"<p>Tootekirjeldus \/ Product Description: Bancha on korjatud samast teep\u00f5\u00f5sast, mis Sencha, kuid kasutatakse alumisi suuremaid lehti. See \u00fcsna mahukas tee oma \u00fcsna pikkade, lamedaks pressitud lehtedega on loomulikult madala kofeiinisisaldusega ja maheda, meeldiva, kergelt hapuka maitsega. Hea valik ka rohelise tee algajatele. Bancha is harvested from the same bushes as Sencha but in this case [&#8230;]\n","protected":false},"featured_media":1032,"comment_status":"open","ping_status":"closed","template":"","meta":[],"product_brand":[],"product_cat":[92,68],"product_tag":[],"class_list":{"0":"post-1030","1":"product","2":"type-product","3":"status-publish","4":"has-post-thumbnail","6":"product_cat-green-tea","7":"product_cat-tea","9":"first","10":"instock","11":"taxable","12":"shipping-taxable","13":"purchasable","14":"product-type-variable"},"_links":{"self":[{"href":"https:\/\/www.balticroad.eu\/et\/wp-json\/wp\/v2\/product\/1030","targetHints":{"allow":["GET"]}}],"collection":[{"href":"https:\/\/www.balticroad.eu\/et\/wp-json\/wp\/v2\/product"}],"about":[{"href":"https:\/\/www.balticroad.eu\/et\/wp-json\/wp\/v2\/types\/product"}],"replies":[{"embeddable":true,"href":"https:\/\/www.balticroad.eu\/et\/wp-json\/wp\/v2\/comments?post=1030"}],"wp:featuredmedia":[{"embeddable":true,"href":"https:\/\/www.balticroad.eu\/et\/wp-json\/wp\/v2\/media\/1032"}],"wp:attachment":[{"href":"https:\/\/www.balticroad.eu\/et\/wp-json\/wp\/v2\/media?parent=1030"}],"wp:term":[{"taxonomy":"product_brand","embeddable":true,"href":"https:\/\/www.balticroad.eu\/et\/wp-json\/wp\/v2\/product_brand?post=1030"},{"taxonomy":"product_cat","embeddable":true,"href":"https:\/\/www.balticroad.eu\/et\/wp-json\/wp\/v2\/product_cat?post=1030"},{"taxonomy":"product_tag","embeddable":true,"href":"https:\/\/www.balticroad.eu\/et\/wp-json\/wp\/v2\/product_tag?post=1030"}],"curies":[{"name":"wp","href":"https:\/\/api.w.org\/{rel}","templated":true}]}}